{"id":101,"date":"2022-07-25T12:30:41","date_gmt":"2022-07-25T12:30:41","guid":{"rendered":"https:\/\/elastic-morse.88-198-121-67.plesk.page\/?page_id=101"},"modified":"2022-10-14T08:23:42","modified_gmt":"2022-10-14T08:23:42","slug":"volleyball","status":"publish","type":"page","link":"https:\/\/asv-adelheidsdorf.de\/index.php\/volleyball\/","title":{"rendered":"Volleyball"},"content":{"rendered":"\t\t<div data-elementor-type=\"wp-page\" data-elementor-id=\"101\" class=\"elementor elementor-101\">\n\t\t\t\t\t\t<section class=\"elementor-section elementor-top-section elementor-element elementor-element-f13ceb7 elementor-section-height-min-height elementor-section-boxed elementor-section-height-default elementor-section-items-middle\" data-id=\"f13ceb7\" data-element_type=\"section\" data-e-type=\"section\" data-settings=\"{&quot;background_background&quot;:&quot;classic&quot;}\">\n\t\t\t\t\t\t\t<div class=\"elementor-background-overlay\"><\/div>\n\t\t\t\t\t\t\t<div class=\"elementor-container elementor-column-gap-default\">\n\t\t\t\t\t<div class=\"elementor-column elementor-col-100 elementor-top-column elementor-element elementor-element-786cf883\" data-id=\"786cf883\" data-element_type=\"column\" data-e-type=\"column\">\n\t\t\t<div class=\"elementor-widget-wrap elementor-element-populated\">\n\t\t\t\t\t\t<div class=\"elementor-element elementor-element-6d5840e3 elementor-widget elementor-widget-heading\" data-id=\"6d5840e3\" data-element_type=\"widget\" data-e-type=\"widget\" data-widget_type=\"heading.default\">\n\t\t\t\t<div class=\"elementor-widget-container\">\n\t\t\t\t\t<h2 class=\"elementor-heading-title elementor-size-default\">Volleyball<\/h2>\t\t\t\t<\/div>\n\t\t\t\t<\/div>\n\t\t\t\t<div class=\"elementor-element elementor-element-e0d3969 elementor-widget elementor-widget-heading\" data-id=\"e0d3969\" data-element_type=\"widget\" data-e-type=\"widget\" data-widget_type=\"heading.default\">\n\t\t\t\t<div class=\"elementor-widget-container\">\n\t\t\t\t\t<h3 class=\"elementor-heading-title elementor-size-default\">Kostenfreies Schnuppern in allen Sparten! Jederzeit!\u200b<\/h3>\t\t\t\t<\/div>\n\t\t\t\t<\/div>\n\t\t\t\t\t<\/div>\n\t\t<\/div>\n\t\t\t\t\t<\/div>\n\t\t<\/section>\n\t\t\t\t<section class=\"elementor-section elementor-top-section elementor-element elementor-element-ce5cfe2 elementor-section-boxed elementor-section-height-default elementor-section-height-default\" data-id=\"ce5cfe2\" data-element_type=\"section\" data-e-type=\"section\">\n\t\t\t\t\t\t<div class=\"elementor-container elementor-column-gap-default\">\n\t\t\t\t\t<div class=\"elementor-column elementor-col-100 elementor-top-column elementor-element elementor-element-e5b17ba\" data-id=\"e5b17ba\" data-element_type=\"column\" data-e-type=\"column\">\n\t\t\t<div class=\"elementor-widget-wrap elementor-element-populated\">\n\t\t\t\t\t\t<div class=\"elementor-element elementor-element-a0fe988 elementor-widget elementor-widget-heading\" data-id=\"a0fe988\" data-element_type=\"widget\" data-e-type=\"widget\" data-widget_type=\"heading.default\">\n\t\t\t\t<div class=\"elementor-widget-container\">\n\t\t\t\t\t<h2 class=\"elementor-heading-title elementor-size-default\">Volleyball-Freizeitgruppe<\/h2>\t\t\t\t<\/div>\n\t\t\t\t<\/div>\n\t\t\t\t\t<\/div>\n\t\t<\/div>\n\t\t\t\t\t<\/div>\n\t\t<\/section>\n\t\t\t\t<section class=\"elementor-section elementor-top-section elementor-element elementor-element-5eec5131 elementor-section-boxed elementor-section-height-default elementor-section-height-default\" data-id=\"5eec5131\" data-element_type=\"section\" data-e-type=\"section\">\n\t\t\t\t\t\t<div class=\"elementor-container elementor-column-gap-default\">\n\t\t\t\t\t<div class=\"elementor-column elementor-col-50 elementor-top-column elementor-element elementor-element-82dedb2\" data-id=\"82dedb2\" data-element_type=\"column\" data-e-type=\"column\">\n\t\t\t<div class=\"elementor-widget-wrap elementor-element-populated\">\n\t\t\t\t\t\t<div class=\"elementor-element elementor-element-7d078178 elementor-widget elementor-widget-image\" data-id=\"7d078178\" data-element_type=\"widget\" data-e-type=\"widget\" data-widget_type=\"image.default\">\n\t\t\t\t<div class=\"elementor-widget-container\">\n\t\t\t\t\t\t\t\t\t\t\t\t\t\t\t<img fetchpriority=\"high\" decoding=\"async\" width=\"500\" height=\"328\" src=\"https:\/\/asv-adelheidsdorf.de\/wp-content\/uploads\/2022\/07\/2847.jpeg\" class=\"attachment-large size-large wp-image-266\" alt=\"\" srcset=\"https:\/\/asv-adelheidsdorf.de\/wp-content\/uploads\/2022\/07\/2847.jpeg 500w, https:\/\/asv-adelheidsdorf.de\/wp-content\/uploads\/2022\/07\/2847-300x197.jpeg 300w\" sizes=\"(max-width: 500px) 100vw, 500px\" \/>\t\t\t\t\t\t\t\t\t\t\t\t\t\t\t<\/div>\n\t\t\t\t<\/div>\n\t\t\t\t\t<\/div>\n\t\t<\/div>\n\t\t\t\t<div class=\"elementor-column elementor-col-50 elementor-top-column elementor-element elementor-element-66d00234\" data-id=\"66d00234\" data-element_type=\"column\" data-e-type=\"column\">\n\t\t\t<div class=\"elementor-widget-wrap elementor-element-populated\">\n\t\t\t\t\t\t<div class=\"elementor-element elementor-element-1c9415b6 elementor-widget elementor-widget-text-editor\" data-id=\"1c9415b6\" data-element_type=\"widget\" data-e-type=\"widget\" data-widget_type=\"text-editor.default\">\n\t\t\t\t<div class=\"elementor-widget-container\">\n\t\t\t\t\t\t\t\t\t<p><strong>Wo?\u00a0<\/strong>Mehrzweckhalle Adelheidsdorf<br \/><strong>Wann?\u00a0<\/strong>sonntags,(14-t\u00e4gig)\u00a0 16:00-18:00 Uhr,\u00a0 genaue Trainingstermine nach Absprache<br \/><b>Wer?<\/b>\u00a0Damen &amp; Herren ab 18 Jahren<br \/><strong>Ansprechpartner:\u00a0<\/strong>Robert Arens<br \/><strong>E-Mail:\u00a0<\/strong><span style=\"background-color: var(--ast-global-color-5);\">robert.arens@asv-adelheidsdorf.de<br \/><b>Telefon:\u00a0<\/b><\/span><span style=\"background-color: var(--ast-global-color-5);\">0176-21252942<\/span><\/p>\t\t\t\t\t\t\t\t<\/div>\n\t\t\t\t<\/div>\n\t\t\t\t\t<\/div>\n\t\t<\/div>\n\t\t\t\t\t<\/div>\n\t\t<\/section>\n\t\t\t\t<section class=\"elementor-section elementor-top-section elementor-element elementor-element-1ef57ece elementor-section-boxed elementor-section-height-default elementor-section-height-default\" data-id=\"1ef57ece\" data-element_type=\"section\" data-e-type=\"section\">\n\t\t\t\t\t\t<div class=\"elementor-container elementor-column-gap-default\">\n\t\t\t\t\t<div class=\"elementor-column elementor-col-100 elementor-top-column elementor-element elementor-element-dc7fad3\" data-id=\"dc7fad3\" data-element_type=\"column\" data-e-type=\"column\">\n\t\t\t<div class=\"elementor-widget-wrap elementor-element-populated\">\n\t\t\t\t\t\t<div class=\"elementor-element elementor-element-361dfd96 elementor-widget elementor-widget-text-editor\" data-id=\"361dfd96\" data-element_type=\"widget\" data-e-type=\"widget\" data-widget_type=\"text-editor.default\">\n\t\t\t\t<div class=\"elementor-widget-container\">\n\t\t\t\t\t\t\t\t\t<p>Mit unserer Volleyball-Freizeit Gruppe m\u00f6chten wir insbesondere berufst\u00e4tigen Personen eine M\u00f6glichkeit der sportlichen Bet\u00e4tigung am Wochenende geben. Unter Leitung von Robert Arens wird jeweils sonntags in der Mehrzweckhalle in Adelheidsdorf (im 14t\u00e4gigen Turnus) trainiert. Gespielt wird nach den Regeln des DVV. Zu jeder Trainingseinheit geh\u00f6rt neben dem eigentlichen Volleyballspiel auch ein entsprechendes Aufw\u00e4rmprogramm. Spa\u00df, Bewegung und Gemeinschaft stehen f\u00fcr diese Gruppe klar im Vordergrund. Aus diesem Grund ist bis auf weiteres keine Teilnahme am offiziellen Punktspielbetrieb geplant. Unsere Volleyball-Freizeitgruppe befindet sich im Aufbau. Die Trainingseinheiten werden in Abh\u00e4ngigkeit von Tischtennis-Punktspielen und Veranstaltungen in der Mehrzweckhalle in Adelheidsdorf durchgef\u00fchrt. Interessenten werden daher gebeten, vor Besuch des ersten Trainings Kontakt zu den \u00dcbungsleitern aufzunehmen.<\/p><p>Wir freuen uns auf Ihre Teilnahme!<\/p>\t\t\t\t\t\t\t\t<\/div>\n\t\t\t\t<\/div>\n\t\t\t\t\t<\/div>\n\t\t<\/div>\n\t\t\t\t\t<\/div>\n\t\t<\/section>\n\t\t\t\t<\/div>\n\t\t","protected":false},"excerpt":{"rendered":"<p>Volleyball Kostenfreies Schnuppern in allen Sparten! Jederzeit!\u200b Volleyball-Freizeitgruppe Wo?\u00a0Mehrzweckhalle AdelheidsdorfWann?\u00a0sonntags,(14-t\u00e4gig)\u00a0 16:00-18:00 Uhr,\u00a0 genaue Trainingstermine nach AbspracheWer?\u00a0Damen &amp; Herren ab 18 JahrenAnsprechpartner:\u00a0Robert ArensE-Mail:\u00a0robert.arens@asv-adelheidsdorf.deTelefon:\u00a00176-21252942 Mit unserer Volleyball-Freizeit Gruppe m\u00f6chten wir insbesondere berufst\u00e4tigen Personen eine M\u00f6glichkeit der sportlichen Bet\u00e4tigung am Wochenende geben. Unter Leitung von Robert Arens wird jeweils sonntags in der Mehrzweckhalle in Adelheidsdorf (im 14t\u00e4gigen Turnus) &hellip;<\/p>\n<p class=\"read-more\"> <a class=\"\" href=\"https:\/\/asv-adelheidsdorf.de\/index.php\/volleyball\/\"> <span class=\"screen-reader-text\">Volleyball<\/span> Weiterlesen &raquo;<\/a><\/p>\n","protected":false},"author":1,"featured_media":0,"parent":0,"menu_order":0,"comment_status":"closed","ping_status":"closed","template":"","meta":{"site-sidebar-layout":"no-sidebar","site-content-layout":"page-builder","ast-site-content-layout":"","site-content-style":"default","site-sidebar-style":"default","ast-global-header-display":"","ast-banner-title-visibility":"","ast-main-header-display":"","ast-hfb-above-header-display":"","ast-hfb-below-header-display":"","ast-hfb-mobile-header-display":"","site-post-title":"disabled","ast-breadcrumbs-content":"","ast-featured-img":"disabled","footer-sml-layout":"","theme-transparent-header-meta":"","adv-header-id-meta":"","stick-header-meta":"","header-above-stick-meta":"","header-main-stick-meta":"","header-below-stick-meta":"","astra-migrate-meta-layouts":"","footnotes":""},"class_list":["post-101","page","type-page","status-publish","hentry"],"_links":{"self":[{"href":"https:\/\/asv-adelheidsdorf.de\/index.php\/wp-json\/wp\/v2\/pages\/101","targetHints":{"allow":["GET"]}}],"collection":[{"href":"https:\/\/asv-adelheidsdorf.de\/index.php\/wp-json\/wp\/v2\/pages"}],"about":[{"href":"https:\/\/asv-adelheidsdorf.de\/index.php\/wp-json\/wp\/v2\/types\/page"}],"author":[{"embeddable":true,"href":"https:\/\/asv-adelheidsdorf.de\/index.php\/wp-json\/wp\/v2\/users\/1"}],"replies":[{"embeddable":true,"href":"https:\/\/asv-adelheidsdorf.de\/index.php\/wp-json\/wp\/v2\/comments?post=101"}],"version-history":[{"count":25,"href":"https:\/\/asv-adelheidsdorf.de\/index.php\/wp-json\/wp\/v2\/pages\/101\/revisions"}],"predecessor-version":[{"id":1688,"href":"https:\/\/asv-adelheidsdorf.de\/index.php\/wp-json\/wp\/v2\/pages\/101\/revisions\/1688"}],"wp:attachment":[{"href":"https:\/\/asv-adelheidsdorf.de\/index.php\/wp-json\/wp\/v2\/media?parent=101"}],"curies":[{"name":"wp","href":"https:\/\/api.w.org\/{rel}","templated":true}]}}