{"id":113,"date":"2022-07-25T12:31:45","date_gmt":"2022-07-25T12:31:45","guid":{"rendered":"https:\/\/elastic-morse.88-198-121-67.plesk.page\/?page_id=113"},"modified":"2025-03-30T16:02:42","modified_gmt":"2025-03-30T14:02:42","slug":"service","status":"publish","type":"page","link":"https:\/\/asv-adelheidsdorf.de\/index.php\/service\/","title":{"rendered":"Mitgliedschaft"},"content":{"rendered":"\t\t<div data-elementor-type=\"wp-page\" data-elementor-id=\"113\" class=\"elementor elementor-113\">\n\t\t\t\t\t\t<section class=\"elementor-section elementor-top-section elementor-element elementor-element-326b59c8 elementor-section-height-min-height elementor-section-boxed elementor-section-height-default elementor-section-items-middle\" data-id=\"326b59c8\" data-element_type=\"section\" data-e-type=\"section\" data-settings=\"{&quot;background_background&quot;:&quot;classic&quot;}\">\n\t\t\t\t\t\t\t<div class=\"elementor-background-overlay\"><\/div>\n\t\t\t\t\t\t\t<div class=\"elementor-container elementor-column-gap-default\">\n\t\t\t\t\t<div class=\"elementor-column elementor-col-100 elementor-top-column elementor-element elementor-element-4dc6807e\" data-id=\"4dc6807e\" data-element_type=\"column\" data-e-type=\"column\">\n\t\t\t<div class=\"elementor-widget-wrap elementor-element-populated\">\n\t\t\t\t\t\t<div class=\"elementor-element elementor-element-3f1cb41e elementor-widget elementor-widget-heading\" data-id=\"3f1cb41e\" data-element_type=\"widget\" data-e-type=\"widget\" data-widget_type=\"heading.default\">\n\t\t\t\t<div class=\"elementor-widget-container\">\n\t\t\t\t\t<h2 class=\"elementor-heading-title elementor-size-default\">Mitgliedschaft<\/h2>\t\t\t\t<\/div>\n\t\t\t\t<\/div>\n\t\t\t\t\t<\/div>\n\t\t<\/div>\n\t\t\t\t\t<\/div>\n\t\t<\/section>\n\t\t\t\t<section class=\"elementor-section elementor-top-section elementor-element elementor-element-5b379251 elementor-section-boxed elementor-section-height-default elementor-section-height-default\" data-id=\"5b379251\" data-element_type=\"section\" data-e-type=\"section\">\n\t\t\t\t\t\t<div class=\"elementor-container elementor-column-gap-default\">\n\t\t\t\t\t<div class=\"elementor-column elementor-col-100 elementor-top-column elementor-element elementor-element-29a02b7c\" data-id=\"29a02b7c\" data-element_type=\"column\" data-e-type=\"column\">\n\t\t\t<div class=\"elementor-widget-wrap elementor-element-populated\">\n\t\t\t\t\t\t<div class=\"elementor-element elementor-element-7e99393 elementor-widget elementor-widget-heading\" data-id=\"7e99393\" data-element_type=\"widget\" data-e-type=\"widget\" data-widget_type=\"heading.default\">\n\t\t\t\t<div class=\"elementor-widget-container\">\n\t\t\t\t\t<h2 class=\"elementor-heading-title elementor-size-default\">Hier k\u00f6nnt ihr ganz einfach dem ASV beitreten !<\/h2>\t\t\t\t<\/div>\n\t\t\t\t<\/div>\n\t\t\t\t<div class=\"elementor-element elementor-element-3f3ee981 elementor-widget elementor-widget-text-editor\" data-id=\"3f3ee981\" data-element_type=\"widget\" data-e-type=\"widget\" data-widget_type=\"text-editor.default\">\n\t\t\t\t<div class=\"elementor-widget-container\">\n\t\t\t\t\t\t\t\t\t<p>Bitte online das Anmeldeformular ausf\u00fcllen.\u00a0Hier klicken: <a href=\"https:\/\/easyverein.com\/public\/ASV1969\/applicationform\/2746\" target=\"_blank\" rel=\"noopener\">Aufnahmeformular<\/a><\/p><p>F\u00fcr den unwahrscheinlichen Fall, dass ihr austreten m\u00f6chtet, wendet euch bitte <strong>schriftlich<\/strong> unter Angabe eures Namens, Adresse und des gew\u00fcnschten Austrittsdatums an die ASV Gesch\u00e4ftsstelle.<\/p><p>ASV Adelheidsdorf, Gesch\u00e4ftsstelle,\u00a0Schulstra\u00dfe 3, 29352 Adelheidsdorf<\/p><p>\u2026 oder einfach per Mail an: <strong>info@asv-adelheidsdorf.de<\/strong><\/p><p>\u00d6ffnungszeiten der Gesch\u00e4ftsstelle: nur nach Vereinbarung<br \/>Telefon: 05141-9312215<\/p>\t\t\t\t\t\t\t\t<\/div>\n\t\t\t\t<\/div>\n\t\t\t\t\t<\/div>\n\t\t<\/div>\n\t\t\t\t\t<\/div>\n\t\t<\/section>\n\t\t\t\t<\/div>\n\t\t","protected":false},"excerpt":{"rendered":"<p>Mitgliedschaft Hier k\u00f6nnt ihr ganz einfach dem ASV beitreten ! Bitte online das Anmeldeformular ausf\u00fcllen.\u00a0Hier klicken: Aufnahmeformular F\u00fcr den unwahrscheinlichen Fall, dass ihr austreten m\u00f6chtet, wendet euch bitte schriftlich unter Angabe eures Namens, Adresse und des gew\u00fcnschten Austrittsdatums an die ASV Gesch\u00e4ftsstelle. ASV Adelheidsdorf, Gesch\u00e4ftsstelle,\u00a0Schulstra\u00dfe 3, 29352 Adelheidsdorf \u2026 oder einfach per Mail an: info@asv-adelheidsdorf.de &hellip;<\/p>\n<p class=\"read-more\"> <a class=\"\" href=\"https:\/\/asv-adelheidsdorf.de\/index.php\/service\/\"> <span class=\"screen-reader-text\">Mitgliedschaft<\/span> Weiterlesen &raquo;<\/a><\/p>\n","protected":false},"author":1,"featured_media":0,"parent":0,"menu_order":0,"comment_status":"closed","ping_status":"closed","template":"","meta":{"site-sidebar-layout":"no-sidebar","site-content-layout":"page-builder","ast-site-content-layout":"","site-content-style":"default","site-sidebar-style":"default","ast-global-header-display":"","ast-banner-title-visibility":"","ast-main-header-display":"","ast-hfb-above-header-display":"","ast-hfb-below-header-display":"","ast-hfb-mobile-header-display":"","site-post-title":"disabled","ast-breadcrumbs-content":"","ast-featured-img":"disabled","footer-sml-layout":"","theme-transparent-header-meta":"","adv-header-id-meta":"","stick-header-meta":"","header-above-stick-meta":"","header-main-stick-meta":"","header-below-stick-meta":"","astra-migrate-meta-layouts":"","footnotes":""},"class_list":["post-113","page","type-page","status-publish","hentry"],"_links":{"self":[{"href":"https:\/\/asv-adelheidsdorf.de\/index.php\/wp-json\/wp\/v2\/pages\/113","targetHints":{"allow":["GET"]}}],"collection":[{"href":"https:\/\/asv-adelheidsdorf.de\/index.php\/wp-json\/wp\/v2\/pages"}],"about":[{"href":"https:\/\/asv-adelheidsdorf.de\/index.php\/wp-json\/wp\/v2\/types\/page"}],"author":[{"embeddable":true,"href":"https:\/\/asv-adelheidsdorf.de\/index.php\/wp-json\/wp\/v2\/users\/1"}],"replies":[{"embeddable":true,"href":"https:\/\/asv-adelheidsdorf.de\/index.php\/wp-json\/wp\/v2\/comments?post=113"}],"version-history":[{"count":43,"href":"https:\/\/asv-adelheidsdorf.de\/index.php\/wp-json\/wp\/v2\/pages\/113\/revisions"}],"predecessor-version":[{"id":2601,"href":"https:\/\/asv-adelheidsdorf.de\/index.php\/wp-json\/wp\/v2\/pages\/113\/revisions\/2601"}],"wp:attachment":[{"href":"https:\/\/asv-adelheidsdorf.de\/index.php\/wp-json\/wp\/v2\/media?parent=113"}],"curies":[{"name":"wp","href":"https:\/\/api.w.org\/{rel}","templated":true}]}}