{"id":1934,"date":"2023-02-19T19:01:17","date_gmt":"2023-02-19T18:01:17","guid":{"rendered":"https:\/\/asv-adelheidsdorf.de\/?page_id=1934"},"modified":"2025-07-01T21:12:00","modified_gmt":"2025-07-01T19:12:00","slug":"broschuere","status":"publish","type":"page","link":"https:\/\/asv-adelheidsdorf.de\/index.php\/broschuere\/","title":{"rendered":"Broschuere"},"content":{"rendered":"\t\t<div data-elementor-type=\"wp-page\" data-elementor-id=\"1934\" class=\"elementor elementor-1934\">\n\t\t\t\t\t\t<section class=\"elementor-section elementor-top-section elementor-element elementor-element-34e9e97 elementor-section-boxed elementor-section-height-default elementor-section-height-default\" data-id=\"34e9e97\" data-element_type=\"section\" data-e-type=\"section\">\n\t\t\t\t\t\t<div class=\"elementor-container elementor-column-gap-default\">\n\t\t\t\t\t<div class=\"elementor-column elementor-col-100 elementor-top-column elementor-element elementor-element-0070da7\" data-id=\"0070da7\" data-element_type=\"column\" data-e-type=\"column\">\n\t\t\t<div class=\"elementor-widget-wrap elementor-element-populated\">\n\t\t\t\t\t\t<div class=\"elementor-element elementor-element-df9f356 elementor-widget elementor-widget-text-editor\" data-id=\"df9f356\" data-element_type=\"widget\" data-e-type=\"widget\" data-widget_type=\"text-editor.default\">\n\t\t\t\t<div class=\"elementor-widget-container\">\n\t\t\t\t\t\t\t\t\t<p>Jedes Jahr gibt der ASV Adelheidsdorf eine Vereinsbrosch\u00fcre heraus. Das Heft gibt einen \u00dcberblick \u00fcber das sportliche Angebot, Trainingstermine und Ansprechpartner.<\/p><p>Die aktuelle Brosch\u00fcre findet ihr hier: <a href=\"https:\/\/asv-adelheidsdorf.de\/wp-content\/uploads\/2025\/07\/asv-vereinsbroschuere-2025.pdf\" class=\"pdfemb-viewer\" style=\"\" data-width=\"max\" data-height=\"max\" data-toolbar=\"bottom\" data-toolbar-fixed=\"off\">ASV Vereinsbroschu\u0308re 2025\/2026<\/a><br \/>Die Brosch\u00fcre verteilen wir auch an die Haushalte in der Gemeinde. Weiterhin liegt sie z.B. im Dorfladen und in der Begegnungsst\u00e4tte aus.<\/p><p>Hier sind die alten Brosch\u00fcren zu finden, viel Spa\u00df beim St\u00f6bern \ud83d\ude42<\/p><a href=\"https:\/\/asv-adelheidsdorf.de\/wp-content\/uploads\/2024\/03\/asv-vereinsbroschuere-2024.pdf\" class=\"pdfemb-viewer\" style=\"\" data-width=\"max\" data-height=\"max\" data-toolbar=\"bottom\" data-toolbar-fixed=\"off\">ASV Vereinsbroschu\u0308re 2024<\/a><a href=\"https:\/\/asv-adelheidsdorf.de\/wp-content\/uploads\/2023\/02\/asv-vereinsbroschuere-2023_webversion.pdf\" class=\"pdfemb-viewer\" style=\"\" data-width=\"max\" data-height=\"max\" data-toolbar=\"bottom\" data-toolbar-fixed=\"off\">ASV Vereinsbroschu\u0308re 2023<\/a><a href=\"https:\/\/asv-adelheidsdorf.de\/wp-content\/uploads\/2022\/08\/ASV-Vereinsbroschuere-2022.pdf\" class=\"pdfemb-viewer\" style=\"\" data-width=\"max\" data-height=\"max\" data-toolbar=\"bottom\" data-toolbar-fixed=\"off\">ASV Vereinsbrosch\u00fcre 2022<\/a><a href=\"https:\/\/asv-adelheidsdorf.de\/wp-content\/uploads\/2023\/02\/ASV-Vereinsbroschu\u0308re-2021_Webversion.pdf\" class=\"pdfemb-viewer\" style=\"\" data-width=\"max\" data-height=\"max\" data-toolbar=\"bottom\" data-toolbar-fixed=\"off\">ASV Vereinsbroschu\u0308re 2021<\/a><a href=\"https:\/\/asv-adelheidsdorf.de\/wp-content\/uploads\/2023\/02\/ASV-Vereinsbroschu\u0308re-2020_webversion.pdf\" class=\"pdfemb-viewer\" style=\"\" data-width=\"max\" data-height=\"max\" data-toolbar=\"bottom\" data-toolbar-fixed=\"off\">ASV Vereinsbroschu\u0308re 2020<\/a>\t\t\t\t\t\t\t\t<\/div>\n\t\t\t\t<\/div>\n\t\t\t\t\t<\/div>\n\t\t<\/div>\n\t\t\t\t\t<\/div>\n\t\t<\/section>\n\t\t\t\t<\/div>\n\t\t","protected":false},"excerpt":{"rendered":"<p>Jedes Jahr gibt der ASV Adelheidsdorf eine Vereinsbrosch\u00fcre heraus. Das Heft gibt einen \u00dcberblick \u00fcber das sportliche Angebot, Trainingstermine und Ansprechpartner. Die aktuelle Brosch\u00fcre findet ihr hier: Die Brosch\u00fcre verteilen wir auch an die Haushalte in der Gemeinde. Weiterhin liegt sie z.B. im Dorfladen und in der Begegnungsst\u00e4tte aus. Hier sind die alten Brosch\u00fcren zu &hellip;<\/p>\n<p class=\"read-more\"> <a class=\"\" href=\"https:\/\/asv-adelheidsdorf.de\/index.php\/broschuere\/\"> <span class=\"screen-reader-text\">Broschuere<\/span> Weiterlesen &raquo;<\/a><\/p>\n","protected":false},"author":6,"featured_media":0,"parent":0,"menu_order":0,"comment_status":"closed","ping_status":"closed","template":"","meta":{"site-sidebar-layout":"no-sidebar","site-content-layout":"page-builder","ast-site-content-layout":"","site-content-style":"default","site-sidebar-style":"default","ast-global-header-display":"","ast-banner-title-visibility":"","ast-main-header-display":"","ast-hfb-above-header-display":"","ast-hfb-below-header-display":"","ast-hfb-mobile-header-display":"","site-post-title":"disabled","ast-breadcrumbs-content":"","ast-featured-img":"disabled","footer-sml-layout":"","theme-transparent-header-meta":"","adv-header-id-meta":"","stick-header-meta":"","header-above-stick-meta":"","header-main-stick-meta":"","header-below-stick-meta":"","astra-migrate-meta-layouts":"","footnotes":""},"class_list":["post-1934","page","type-page","status-publish","hentry"],"_links":{"self":[{"href":"https:\/\/asv-adelheidsdorf.de\/index.php\/wp-json\/wp\/v2\/pages\/1934","targetHints":{"allow":["GET"]}}],"collection":[{"href":"https:\/\/asv-adelheidsdorf.de\/index.php\/wp-json\/wp\/v2\/pages"}],"about":[{"href":"https:\/\/asv-adelheidsdorf.de\/index.php\/wp-json\/wp\/v2\/types\/page"}],"author":[{"embeddable":true,"href":"https:\/\/asv-adelheidsdorf.de\/index.php\/wp-json\/wp\/v2\/users\/6"}],"replies":[{"embeddable":true,"href":"https:\/\/asv-adelheidsdorf.de\/index.php\/wp-json\/wp\/v2\/comments?post=1934"}],"version-history":[{"count":18,"href":"https:\/\/asv-adelheidsdorf.de\/index.php\/wp-json\/wp\/v2\/pages\/1934\/revisions"}],"predecessor-version":[{"id":2634,"href":"https:\/\/asv-adelheidsdorf.de\/index.php\/wp-json\/wp\/v2\/pages\/1934\/revisions\/2634"}],"wp:attachment":[{"href":"https:\/\/asv-adelheidsdorf.de\/index.php\/wp-json\/wp\/v2\/media?parent=1934"}],"curies":[{"name":"wp","href":"https:\/\/api.w.org\/{rel}","templated":true}]}}