{"id":2491,"date":"2024-09-24T16:48:07","date_gmt":"2024-09-24T14:48:07","guid":{"rendered":"https:\/\/asv-adelheidsdorf.de\/?page_id=2491"},"modified":"2024-09-24T16:51:19","modified_gmt":"2024-09-24T14:51:19","slug":"asv-online-shop","status":"publish","type":"page","link":"https:\/\/asv-adelheidsdorf.de\/index.php\/asv-online-shop\/","title":{"rendered":"ASV Online Shop"},"content":{"rendered":"\n<p>Mit einem Klick auf den <a href=\"https:\/\/erima.shop\/asv-adelheidsdorf\">Link<\/a> gelangt ihr zum ASV Online Shop. Bitte beachtet dabei folgendes:<br>1.) Den ASV-Preisvorteil gibt es nur im Online Shop!<br>2.) Anprobieren k\u00f6nnt ihr die Sachen im Ladengesch\u00e4ft (Intersport in Celle)<br>3.) Eine R\u00fcckgabe ist nur bei fehlerhaften Artikeln m\u00f6glich<br>4.) Der ASV hat mit der Abwicklung nichts zu tun. Eure Bestellung l\u00e4uft zwischen euch und Intersport<\/p>\n\n\n\n<p><a href=\"https:\/\/erima.shop\/asv-adelheidsdorf\">&#8211;&gt; ASV Online Shop &lt;&#8211;<\/a><\/p>\n\n\n\n<p><\/p>\n","protected":false},"excerpt":{"rendered":"<p>Mit einem Klick auf den Link gelangt ihr zum ASV Online Shop. Bitte beachtet dabei folgendes:1.) Den ASV-Preisvorteil gibt es nur im Online Shop!2.) Anprobieren k\u00f6nnt ihr die Sachen im Ladengesch\u00e4ft (Intersport in Celle)3.) Eine R\u00fcckgabe ist nur bei fehlerhaften Artikeln m\u00f6glich4.) Der ASV hat mit der Abwicklung nichts zu tun. Eure Bestellung l\u00e4uft zwischen &hellip;<\/p>\n<p class=\"read-more\"> <a class=\"\" href=\"https:\/\/asv-adelheidsdorf.de\/index.php\/asv-online-shop\/\"> <span class=\"screen-reader-text\">ASV Online Shop<\/span> Weiterlesen &raquo;<\/a><\/p>\n","protected":false},"author":6,"featured_media":0,"parent":0,"menu_order":0,"comment_status":"closed","ping_status":"closed","template":"","meta":{"site-sidebar-layout":"default","site-content-layout":"","ast-site-content-layout":"default","site-content-style":"default","site-sidebar-style":"default","ast-global-header-display":"","ast-banner-title-visibility":"","ast-main-header-display":"","ast-hfb-above-header-display":"","ast-hfb-below-header-display":"","ast-hfb-mobile-header-display":"","site-post-title":"","ast-breadcrumbs-content":"","ast-featured-img":"","footer-sml-layout":"","theme-transparent-header-meta":"","adv-header-id-meta":"","stick-header-meta":"","header-above-stick-meta":"","header-main-stick-meta":"","header-below-stick-meta":"","astra-migrate-meta-layouts":"set","footnotes":""},"class_list":["post-2491","page","type-page","status-publish","hentry"],"_links":{"self":[{"href":"https:\/\/asv-adelheidsdorf.de\/index.php\/wp-json\/wp\/v2\/pages\/2491","targetHints":{"allow":["GET"]}}],"collection":[{"href":"https:\/\/asv-adelheidsdorf.de\/index.php\/wp-json\/wp\/v2\/pages"}],"about":[{"href":"https:\/\/asv-adelheidsdorf.de\/index.php\/wp-json\/wp\/v2\/types\/page"}],"author":[{"embeddable":true,"href":"https:\/\/asv-adelheidsdorf.de\/index.php\/wp-json\/wp\/v2\/users\/6"}],"replies":[{"embeddable":true,"href":"https:\/\/asv-adelheidsdorf.de\/index.php\/wp-json\/wp\/v2\/comments?post=2491"}],"version-history":[{"count":2,"href":"https:\/\/asv-adelheidsdorf.de\/index.php\/wp-json\/wp\/v2\/pages\/2491\/revisions"}],"predecessor-version":[{"id":2494,"href":"https:\/\/asv-adelheidsdorf.de\/index.php\/wp-json\/wp\/v2\/pages\/2491\/revisions\/2494"}],"wp:attachment":[{"href":"https:\/\/asv-adelheidsdorf.de\/index.php\/wp-json\/wp\/v2\/media?parent=2491"}],"curies":[{"name":"wp","href":"https:\/\/api.w.org\/{rel}","templated":true}]}}