{"id":2515,"date":"2025-01-13T19:13:51","date_gmt":"2025-01-13T18:13:51","guid":{"rendered":"https:\/\/asv-adelheidsdorf.de\/?page_id=2515"},"modified":"2025-01-13T21:27:34","modified_gmt":"2025-01-13T20:27:34","slug":"spende","status":"publish","type":"page","link":"https:\/\/asv-adelheidsdorf.de\/index.php\/spende\/","title":{"rendered":"Spende"},"content":{"rendered":"\t\t<div data-elementor-type=\"wp-page\" data-elementor-id=\"2515\" class=\"elementor elementor-2515\">\n\t\t\t\t\t\t<section class=\"elementor-section elementor-top-section elementor-element elementor-element-34e9e97 elementor-section-boxed elementor-section-height-default elementor-section-height-default\" data-id=\"34e9e97\" data-element_type=\"section\" data-e-type=\"section\">\n\t\t\t\t\t\t<div class=\"elementor-container elementor-column-gap-default\">\n\t\t\t\t\t<div class=\"elementor-column elementor-col-100 elementor-top-column elementor-element elementor-element-0070da7\" data-id=\"0070da7\" data-element_type=\"column\" data-e-type=\"column\">\n\t\t\t<div class=\"elementor-widget-wrap elementor-element-populated\">\n\t\t\t\t\t\t<div class=\"elementor-element elementor-element-df9f356 elementor-widget elementor-widget-text-editor\" data-id=\"df9f356\" data-element_type=\"widget\" data-e-type=\"widget\" data-widget_type=\"text-editor.default\">\n\t\t\t\t<div class=\"elementor-widget-container\">\n\t\t\t\t\t\t\t\t\t<h2 style=\"text-align: center;\"><strong>Ihre Spende f\u00fcr den ASV<\/strong><\/h2><p>Spenden sind f\u00fcr unseren Sportverein von entscheidender Bedeutung, um dauerhaft qualitativ hochwertigen Sport und abwechslungsreiche Angebote f\u00fcr alle Altersgruppen und Leistungsniveaus anbieten zu k\u00f6nnen. Jede Spende tr\u00e4gt dazu bei, unsere Infrastruktur zu verbessern, Trainingsm\u00f6glichkeiten zu erweitern und den Verein auch in Zukunft stark und erfolgreich zu f\u00fchren. Wir bedanken uns schon vorab f\u00fcr jede Zuwendung!<\/p><p>Bankverbindung:<br \/>ASV Adelheidsdorf von 1969 e.V.<br \/>IBAN: DE03 2695 1311 0000 1507 71<br \/>BIC: NOLADE21GFW<br \/>Verwendungszweck: Spende<br \/><strong>Sofern eine Spendenbescheinigung ben\u00f6tigt wird, bitte in den Verwendungszweck den Namen und die Adresse eintragen!<\/strong><\/p><p>Giro-Code (einfach mit der Banking-App scannen):<\/p><p><img fetchpriority=\"high\" decoding=\"async\" class=\"size-full wp-image-2516\" src=\"https:\/\/asv-adelheidsdorf.de\/wp-content\/uploads\/2025\/01\/asv-spende.jpg\" alt=\"\" width=\"243\" height=\"259\" \/><\/p>\t\t\t\t\t\t\t\t<\/div>\n\t\t\t\t<\/div>\n\t\t\t\t\t<\/div>\n\t\t<\/div>\n\t\t\t\t\t<\/div>\n\t\t<\/section>\n\t\t\t\t<\/div>\n\t\t","protected":false},"excerpt":{"rendered":"<p>Ihre Spende f\u00fcr den ASV Spenden sind f\u00fcr unseren Sportverein von entscheidender Bedeutung, um dauerhaft qualitativ hochwertigen Sport und abwechslungsreiche Angebote f\u00fcr alle Altersgruppen und Leistungsniveaus anbieten zu k\u00f6nnen. Jede Spende tr\u00e4gt dazu bei, unsere Infrastruktur zu verbessern, Trainingsm\u00f6glichkeiten zu erweitern und den Verein auch in Zukunft stark und erfolgreich zu f\u00fchren. Wir bedanken uns &hellip;<\/p>\n<p class=\"read-more\"> <a class=\"\" href=\"https:\/\/asv-adelheidsdorf.de\/index.php\/spende\/\"> <span class=\"screen-reader-text\">Spende<\/span> Weiterlesen &raquo;<\/a><\/p>\n","protected":false},"author":6,"featured_media":0,"parent":0,"menu_order":0,"comment_status":"closed","ping_status":"closed","template":"","meta":{"site-sidebar-layout":"no-sidebar","site-content-layout":"page-builder","ast-site-content-layout":"full-width-container","site-content-style":"unboxed","site-sidebar-style":"unboxed","ast-global-header-display":"","ast-banner-title-visibility":"","ast-main-header-display":"","ast-hfb-above-header-display":"","ast-hfb-below-header-display":"","ast-hfb-mobile-header-display":"","site-post-title":"disabled","ast-breadcrumbs-content":"","ast-featured-img":"disabled","footer-sml-layout":"","theme-transparent-header-meta":"","adv-header-id-meta":"","stick-header-meta":"","header-above-stick-meta":"","header-main-stick-meta":"","header-below-stick-meta":"","astra-migrate-meta-layouts":"set","footnotes":""},"class_list":["post-2515","page","type-page","status-publish","hentry"],"_links":{"self":[{"href":"https:\/\/asv-adelheidsdorf.de\/index.php\/wp-json\/wp\/v2\/pages\/2515","targetHints":{"allow":["GET"]}}],"collection":[{"href":"https:\/\/asv-adelheidsdorf.de\/index.php\/wp-json\/wp\/v2\/pages"}],"about":[{"href":"https:\/\/asv-adelheidsdorf.de\/index.php\/wp-json\/wp\/v2\/types\/page"}],"author":[{"embeddable":true,"href":"https:\/\/asv-adelheidsdorf.de\/index.php\/wp-json\/wp\/v2\/users\/6"}],"replies":[{"embeddable":true,"href":"https:\/\/asv-adelheidsdorf.de\/index.php\/wp-json\/wp\/v2\/comments?post=2515"}],"version-history":[{"count":7,"href":"https:\/\/asv-adelheidsdorf.de\/index.php\/wp-json\/wp\/v2\/pages\/2515\/revisions"}],"predecessor-version":[{"id":2526,"href":"https:\/\/asv-adelheidsdorf.de\/index.php\/wp-json\/wp\/v2\/pages\/2515\/revisions\/2526"}],"wp:attachment":[{"href":"https:\/\/asv-adelheidsdorf.de\/index.php\/wp-json\/wp\/v2\/media?parent=2515"}],"curies":[{"name":"wp","href":"https:\/\/api.w.org\/{rel}","templated":true}]}}