{"id":364,"date":"2022-08-16T12:44:23","date_gmt":"2022-08-16T12:44:23","guid":{"rendered":"https:\/\/elastic-morse.88-198-121-67.plesk.page\/?page_id=364"},"modified":"2023-02-19T19:40:43","modified_gmt":"2023-02-19T18:40:43","slug":"kooperationspartner","status":"publish","type":"page","link":"https:\/\/asv-adelheidsdorf.de\/index.php\/kooperationspartner\/","title":{"rendered":"Kooperationspartner"},"content":{"rendered":"\t\t<div data-elementor-type=\"wp-page\" data-elementor-id=\"364\" class=\"elementor elementor-364\">\n\t\t\t\t\t\t<section class=\"elementor-section elementor-top-section elementor-element elementor-element-185cab48 elementor-section-height-min-height elementor-section-boxed elementor-section-height-default elementor-section-items-middle\" data-id=\"185cab48\" data-element_type=\"section\" data-e-type=\"section\" data-settings=\"{&quot;background_background&quot;:&quot;classic&quot;}\">\n\t\t\t\t\t\t\t<div class=\"elementor-background-overlay\"><\/div>\n\t\t\t\t\t\t\t<div class=\"elementor-container elementor-column-gap-default\">\n\t\t\t\t\t<div class=\"elementor-column elementor-col-100 elementor-top-column elementor-element elementor-element-1c8ebc95\" data-id=\"1c8ebc95\" data-element_type=\"column\" data-e-type=\"column\">\n\t\t\t<div class=\"elementor-widget-wrap elementor-element-populated\">\n\t\t\t\t\t\t<div class=\"elementor-element elementor-element-40b4c265 elementor-widget elementor-widget-heading\" data-id=\"40b4c265\" data-element_type=\"widget\" data-e-type=\"widget\" data-widget_type=\"heading.default\">\n\t\t\t\t<div class=\"elementor-widget-container\">\n\t\t\t\t\t<h2 class=\"elementor-heading-title elementor-size-default\">Unsere Kooperationspartner<\/h2>\t\t\t\t<\/div>\n\t\t\t\t<\/div>\n\t\t\t\t\t<\/div>\n\t\t<\/div>\n\t\t\t\t\t<\/div>\n\t\t<\/section>\n\t\t\t\t<section class=\"elementor-section elementor-top-section elementor-element elementor-element-65d47b57 elementor-section-boxed elementor-section-height-default elementor-section-height-default\" data-id=\"65d47b57\" data-element_type=\"section\" data-e-type=\"section\">\n\t\t\t\t\t\t<div class=\"elementor-container elementor-column-gap-default\">\n\t\t\t\t\t<div class=\"elementor-column elementor-col-100 elementor-top-column elementor-element elementor-element-1eaa60e3\" data-id=\"1eaa60e3\" data-element_type=\"column\" data-e-type=\"column\">\n\t\t\t<div class=\"elementor-widget-wrap elementor-element-populated\">\n\t\t\t\t\t\t<div class=\"elementor-element elementor-element-44f720e8 elementor-widget elementor-widget-text-editor\" data-id=\"44f720e8\" data-element_type=\"widget\" data-e-type=\"widget\" data-widget_type=\"text-editor.default\">\n\t\t\t\t<div class=\"elementor-widget-container\">\n\t\t\t\t\t\t\t\t\t<p><strong>Grundschule Adelheidsdorf<\/strong><br>&#8222;Seit vielen Jahren kooperiert der ASV Adelheidsdorf sehr erfolgreich mit der Grundschule Adelheidsdorf. Neben der gemeinsamen Nutzung der Mehrzweckhalle Adelheidsdorf, sowie den angrenzenden R\u00e4umlichkeiten, wird auch das Aussengel\u00e4nde an der Schulstra\u00dfe 1 teilweise gemeinsam genutzt. Der ASV Adelheidsdorf bietet verschiedene AG`s in Kooperation mit der GS Adelheidsdorf an.<br>Details zum Partner:<br>&nbsp; &nbsp; www.grundschule-adelheidsdorf.de<br>&nbsp; &nbsp;&nbsp;sekretariat@gs-adelheisdorf.de<br>&nbsp; &nbsp;&nbsp;Telefon: 05141 81856<\/p>\n<p><b>Schulverein Adelheidsdorf<br><\/b>&#8222;Der Schulverein Adelheidsdorf existiert seit 1997. In den letzten Jahren wurde die Zusammenarbeit zwischen den unseren beiden Vereinen intensiviert. Der Schulverein unterst\u00fctzt den ASV Adelheidsdorf bei verschiedenen Veranstaltungen u.a. mit Kuchen &amp; Waffelverkauf. Der Papiercontainer an der Schulstra\u00dfe wird gemeinsam bewirtschaftet, die Erl\u00f6se werden geteilt.<br>Details zum Partner: <br>&nbsp; &nbsp;&nbsp;Schulverein Adelheisdorf<br>&nbsp; &nbsp;&nbsp;1. Vorsitzende Nadine Truffel <br>&nbsp; &nbsp;&nbsp;Telelfon: 05141 8880777<\/p>\n<p><b>Verband Wohneigenentum Niedersachsen e.V.<br><\/b>Ortsverband Nienhorst-Niehagen<br>&#8222;Der Verband Wohneigentum Niedersachsen e.V. ( VWE, fr\u00fcher \u201eDeutscher Siedlerbund\u201c) setzt sich f\u00fcr die Interessen von Haus- und Wohnungseigent\u00fcmern ein, die Ihre Immobilie selbst bewohnen. In Niedersachsen ber\u00e4t und unterst\u00fctzt der Verein rund 400 Nachbarschaften mit rd. 45.000 Mitgliedern.Als \u201eVerband der Nachbarschaften\u201c setzt sich der VWE Niedersachsen daf\u00fcr ein, dass sich die Bewohner in St\u00e4dten und Gemeinden m\u00f6glichst lange in ihrem Umfeld wohlf\u00fchlen. Das aber braucht Menschen, die Interessen teilen und sich gemeinsam engagieren. Als gemeinn\u00fctzige Instanz ohne kommerzielle Interessen tr\u00e4gt der VWE dazu bei. Im besten Fall entstehen neue Freundschaften unter Nachbarn, die sich kennen und vertrauen.&#8220;<br>Details zum Partner:<br>&nbsp; &nbsp;&nbsp;<span style=\"font-style: inherit; font-weight: inherit; color: var( --e-global-color-text ); font-family: var( --e-global-typography-text-font-family ), Sans-serif; background-color: var(--ast-global-color-5);\">1. Vorsitzender Kurt G\u00e4rtner<br><\/span>&nbsp; &nbsp;&nbsp;<span style=\"font-style: inherit; font-weight: inherit; color: var( --e-global-color-text ); font-family: var( --e-global-typography-text-font-family ), Sans-serif; background-color: var(--ast-global-color-5);\">Hauptstr. 3229352 Adelheidsdorf<br><\/span>&nbsp; &nbsp;&nbsp;<span style=\"font-style: inherit; font-weight: inherit; color: var( --e-global-color-text ); font-family: var( --e-global-typography-text-font-family ), Sans-serif; background-color: var(--ast-global-color-5);\">Telefon: 05085 1786<br><\/span>&nbsp; &nbsp;&nbsp;<span style=\"font-style: inherit; font-weight: inherit; color: var( --e-global-color-text ); font-family: var( --e-global-typography-text-font-family ), Sans-serif; background-color: var(--ast-global-color-5);\">http:\/\/nienhagen-nienhorst.imvwe.de\/<\/span><\/p>\n<p><span style=\"font-style: inherit; color: var( --e-global-color-text ); font-family: var( --e-global-typography-text-font-family ), Sans-serif; background-color: var(--ast-global-color-5);\"><b>SV Gro\u00dfmoor<br><\/b><\/span><span style=\"font-style: inherit; font-weight: inherit; color: var( --e-global-color-text ); font-family: var( --e-global-typography-text-font-family ), Sans-serif; background-color: var(--ast-global-color-5);\">&#8222;Der SV Gro\u00dfmoor&#8220; ist der wichtigste Kooperationspartner des ASV Adelheidsdorf. Seit vielen Jahren wird erfolgreich die Kooperation &#8222;Sport vor Ort &#8211; 2 Vereine ein Preis&#8220; umgesetzt. Mitglieder der beiden Vereine haben die M\u00f6glichkeit ohne weiteren Vereinsbeitrag am Sportangebot des jeweils anderen Clubs teilzunehmen.<br>Details zum Partner:<br><\/span>&nbsp; &nbsp;&nbsp;<span style=\"font-style: inherit; font-weight: inherit; color: var( --e-global-color-text ); font-family: var( --e-global-typography-text-font-family ), Sans-serif; background-color: var(--ast-global-color-5);\">www.sv-grossmoor.de<\/span><\/p>\n<p><span style=\"font-family: var( --e-global-typography-text-font-family ), Sans-serif; color: var( --e-global-color-text ); font-style: inherit; background-color: var(--ast-global-color-5);\"><span style=\"font-weight: 700;\">Deutsche Stiftung f\u00fcr Engagement und Ehrenamt<br><\/span><\/span><span style=\"font-family: var( --e-global-typography-text-font-family ), Sans-serif; color: var( --e-global-color-text ); font-style: inherit; font-weight: inherit; background-color: var(--ast-global-color-5);\">Die &#8222;DSEE&#8220; hat uns auf unserem Wege der Digitalisierung und damit der St\u00e4rkung der Attraktivit\u00e4t des Ehrenamts wirklich gut begleitet. Neben finanzieller Unterst\u00fctzung konnten wir gerade im Digitalisierungsprojekt und dem Homepage-Redesign durch die DSEE jederzeit auf kompetente und tatkr\u00e4ftige Unterst\u00fctzung zur\u00fcckgreifen.<br>Details zum Partner:<br><\/span>&nbsp; &nbsp;&nbsp;<span style=\"background-color: var(--ast-global-color-5);\">https:\/\/www.deutsche-stiftung-engagement-und-ehrenamt.de\/<\/span><br><\/p><p><span style=\"font-family: var( --e-global-typography-text-font-family ), Sans-serif; color: var( --e-global-color-text ); font-style: inherit; background-color: var(--ast-global-color-5);\"><span style=\"font-weight: 700;\">Dorfgemeinschaftsverein Adelheidsdorf<br><\/span><\/span><span style=\"font-family: var( --e-global-typography-text-font-family ), Sans-serif; color: var( --e-global-color-text ); font-style: inherit; font-weight: inherit; background-color: var(--ast-global-color-5);\">Aus der Not heraus geboren entwickelt sich der Dorfgemeinschaftsverein immer mehr zur festen Gr\u00f6\u00dfe in der Gemeinde und macht seinen Namen auch dar\u00fcber hinaus bekannt. Wir profitieren aktiv vom Netzwerk dieses Partners und freuen uns auf viele weitere gemeinsame Projekte.<br>Details zum Partner:<br><\/span>&nbsp; &nbsp;&nbsp;<span style=\"background-color: var(--ast-global-color-5);\">https:\/\/dorfgemeinschaftsverein-adelheidsdorf.de\/<\/span><span style=\"background-color: var(--ast-global-color-5);\"><br><\/span><\/p>\t\t\t\t\t\t\t\t<\/div>\n\t\t\t\t<\/div>\n\t\t\t\t\t<\/div>\n\t\t<\/div>\n\t\t\t\t\t<\/div>\n\t\t<\/section>\n\t\t\t\t<\/div>\n\t\t","protected":false},"excerpt":{"rendered":"<p>Unsere Kooperationspartner Grundschule Adelheidsdorf&#8222;Seit vielen Jahren kooperiert der ASV Adelheidsdorf sehr erfolgreich mit der Grundschule Adelheidsdorf. Neben der gemeinsamen Nutzung der Mehrzweckhalle Adelheidsdorf, sowie den angrenzenden R\u00e4umlichkeiten, wird auch das Aussengel\u00e4nde an der Schulstra\u00dfe 1 teilweise gemeinsam genutzt. Der ASV Adelheidsdorf bietet verschiedene AG`s in Kooperation mit der GS Adelheidsdorf an.Details zum Partner:&nbsp; &nbsp; www.grundschule-adelheidsdorf.de&nbsp; &hellip;<\/p>\n<p class=\"read-more\"> <a class=\"\" href=\"https:\/\/asv-adelheidsdorf.de\/index.php\/kooperationspartner\/\"> <span class=\"screen-reader-text\">Kooperationspartner<\/span> Weiterlesen &raquo;<\/a><\/p>\n","protected":false},"author":1,"featured_media":0,"parent":0,"menu_order":0,"comment_status":"closed","ping_status":"closed","template":"","meta":{"site-sidebar-layout":"no-sidebar","site-content-layout":"page-builder","ast-site-content-layout":"","site-content-style":"default","site-sidebar-style":"default","ast-global-header-display":"","ast-banner-title-visibility":"","ast-main-header-display":"","ast-hfb-above-header-display":"","ast-hfb-below-header-display":"","ast-hfb-mobile-header-display":"","site-post-title":"disabled","ast-breadcrumbs-content":"","ast-featured-img":"disabled","footer-sml-layout":"","theme-transparent-header-meta":"","adv-header-id-meta":"","stick-header-meta":"","header-above-stick-meta":"","header-main-stick-meta":"","header-below-stick-meta":"","astra-migrate-meta-layouts":"","footnotes":""},"class_list":["post-364","page","type-page","status-publish","hentry"],"_links":{"self":[{"href":"https:\/\/asv-adelheidsdorf.de\/index.php\/wp-json\/wp\/v2\/pages\/364","targetHints":{"allow":["GET"]}}],"collection":[{"href":"https:\/\/asv-adelheidsdorf.de\/index.php\/wp-json\/wp\/v2\/pages"}],"about":[{"href":"https:\/\/asv-adelheidsdorf.de\/index.php\/wp-json\/wp\/v2\/types\/page"}],"author":[{"embeddable":true,"href":"https:\/\/asv-adelheidsdorf.de\/index.php\/wp-json\/wp\/v2\/users\/1"}],"replies":[{"embeddable":true,"href":"https:\/\/asv-adelheidsdorf.de\/index.php\/wp-json\/wp\/v2\/comments?post=364"}],"version-history":[{"count":10,"href":"https:\/\/asv-adelheidsdorf.de\/index.php\/wp-json\/wp\/v2\/pages\/364\/revisions"}],"predecessor-version":[{"id":1965,"href":"https:\/\/asv-adelheidsdorf.de\/index.php\/wp-json\/wp\/v2\/pages\/364\/revisions\/1965"}],"wp:attachment":[{"href":"https:\/\/asv-adelheidsdorf.de\/index.php\/wp-json\/wp\/v2\/media?parent=364"}],"curies":[{"name":"wp","href":"https:\/\/api.w.org\/{rel}","templated":true}]}}