{"id":475,"date":"2022-08-23T08:45:53","date_gmt":"2022-08-23T08:45:53","guid":{"rendered":"https:\/\/elastic-morse.88-198-121-67.plesk.page\/?page_id=475"},"modified":"2022-08-23T08:51:46","modified_gmt":"2022-08-23T08:51:46","slug":"jakob-blazy-cup-2017","status":"publish","type":"page","link":"https:\/\/asv-adelheidsdorf.de\/index.php\/jakob-blazy-cup-2017\/","title":{"rendered":"Jakob Blazy Cup 2017"},"content":{"rendered":"\t\t<div data-elementor-type=\"wp-page\" data-elementor-id=\"475\" class=\"elementor elementor-475\">\n\t\t\t\t\t\t<section class=\"elementor-section elementor-top-section elementor-element elementor-element-50b0145e elementor-section-height-min-height elementor-section-boxed elementor-section-height-default elementor-section-items-middle\" data-id=\"50b0145e\" data-element_type=\"section\" data-e-type=\"section\" data-settings=\"{&quot;background_background&quot;:&quot;classic&quot;}\">\n\t\t\t\t\t\t\t<div class=\"elementor-background-overlay\"><\/div>\n\t\t\t\t\t\t\t<div class=\"elementor-container elementor-column-gap-default\">\n\t\t\t\t\t<div class=\"elementor-column elementor-col-100 elementor-top-column elementor-element elementor-element-25bfdf38\" data-id=\"25bfdf38\" data-element_type=\"column\" data-e-type=\"column\">\n\t\t\t<div class=\"elementor-widget-wrap elementor-element-populated\">\n\t\t\t\t\t\t<div class=\"elementor-element elementor-element-163da61d elementor-widget elementor-widget-heading\" data-id=\"163da61d\" data-element_type=\"widget\" data-e-type=\"widget\" data-widget_type=\"heading.default\">\n\t\t\t\t<div class=\"elementor-widget-container\">\n\t\t\t\t\t<h2 class=\"elementor-heading-title elementor-size-default\">Jakob Blazy Cup 2017<\/h2>\t\t\t\t<\/div>\n\t\t\t\t<\/div>\n\t\t\t\t\t<\/div>\n\t\t<\/div>\n\t\t\t\t\t<\/div>\n\t\t<\/section>\n\t\t\t\t<section class=\"elementor-section elementor-top-section elementor-element elementor-element-1b5c54 elementor-section-boxed elementor-section-height-default elementor-section-height-default\" data-id=\"1b5c54\" data-element_type=\"section\" data-e-type=\"section\">\n\t\t\t\t\t\t<div class=\"elementor-container elementor-column-gap-default\">\n\t\t\t\t\t<div class=\"elementor-column elementor-col-100 elementor-top-column elementor-element elementor-element-27d5b352\" data-id=\"27d5b352\" data-element_type=\"column\" data-e-type=\"column\">\n\t\t\t<div class=\"elementor-widget-wrap elementor-element-populated\">\n\t\t\t\t\t\t<div class=\"elementor-element elementor-element-2b8b17c6 elementor-widget elementor-widget-heading\" data-id=\"2b8b17c6\" data-element_type=\"widget\" data-e-type=\"widget\" data-widget_type=\"heading.default\">\n\t\t\t\t<div class=\"elementor-widget-container\">\n\t\t\t\t\t<h2 class=\"elementor-heading-title elementor-size-default\">1. Jakob-Blazy-Cup 2017 \/ Tischtennis<\/h2>\t\t\t\t<\/div>\n\t\t\t\t<\/div>\n\t\t\t\t<div class=\"elementor-element elementor-element-d04ccba elementor-widget elementor-widget-heading\" data-id=\"d04ccba\" data-element_type=\"widget\" data-e-type=\"widget\" data-widget_type=\"heading.default\">\n\t\t\t\t<div class=\"elementor-widget-container\">\n\t\t\t\t\t<h6 class=\"elementor-heading-title elementor-size-default\">Tischtennis-Turnier in Gedenken an Jakob Blazy<\/h6>\t\t\t\t<\/div>\n\t\t\t\t<\/div>\n\t\t\t\t<div class=\"elementor-element elementor-element-39ee69d2 elementor-widget elementor-widget-text-editor\" data-id=\"39ee69d2\" data-element_type=\"widget\" data-e-type=\"widget\" data-widget_type=\"text-editor.default\">\n\t\t\t\t<div class=\"elementor-widget-container\">\n\t\t\t\t\t\t\t\t\t<p>Kurz vor dem Auftakt zur R\u00fcckrunde der aktuellen Tischtennissaison veranstaltete die erste Herrenmannschaft des ASV Adelheidsdorf ein Einladungsturnier, an dem insgesamt 22 Spieler teilnahmen. Das Turnier war der Startschuss zu einem Gedenkturnier an das jahrzehntelange Spartenmitglied Jakob Blazy, der sich Zeit seines Lebens durch Jugendarbeit und hohes Engagement f\u00fcr die Sparte verdient gemacht hat.<br \/>So fand nun der 1. Jakob Blazy Cup statt, zu dem zus\u00e4tzlich zu vielen ASV-Spartenmitgliedern auch Spieler aus befreundeten Vereinen geladen waren.<br \/>Um jedem viele Spiele zu erm\u00f6glichen, teilte man die Spieler in zwei F\u00fcnfer- und zwei Sechsergruppen auf. Die jeweiligen Pl\u00e4tze eins bis drei qualifizierten sich dabei f\u00fcr die Hauptrunde, die im KO-System weitergef\u00fchrt wurde, w\u00e4hrend f\u00fcr die darunter Platzierten das Turnier auch noch nicht beendet war. Diese spielten ebenfalls im KO-System einen Trostrundensieger aus.<br \/>Um eine gewisse Chancengleichheit unter den Spielern zu gew\u00e4hrleisten, bekam der jeweils schw\u00e4chere Spieler in jedem Satz eine fest zugeteilte Punktevorgabe. So kam es schon in den Vorrundenbegegnungen zu der ein oder anderen \u00dcberraschung.Am Ende konnten sich dann aber doch die favorisierten Teilnehmer durchsetzen und so kam es in den Halbfinals der Hauptrunde zu zwei vereinsinternen Begegnungen. Zum einen setzte sich Torben Ziesler mit 3:1 gegen Tobias Schweizer (beide ASV) durch. Am anderen Tisch konnte sich Florian Rogge gegen Ren\u00e9 Ro\u00df (beide aus Bomlitz) behaupten. In einem Finale, das einige sehenswerte Ballwechsel zu bieten hatte, unterlag der AVSer Torben Ziesler dem Gast aus Bomlitz, Florian Rogge, mit 9:11, 9:11, 12:10 und 8:11.<br \/>Parallel zu dem Hauptrundenfinale fand das Finale der Trostrunde statt. Hierf\u00fcr hatten sich die beiden ASV-Spieler Frank Karpenstein und Florian Meyer qualifiziert. Hier behielt Meyer klar die Oberhand und durfte sich als Sieger der Trostrunde freuen. Die beiden dritten Pl\u00e4tze der Trostrunde belegten zur Freude der Veranstalter die beiden Enkel von Jakob Blazy, Lucas und Leroy.<br \/>W\u00e4hrend die Verpflegung w\u00e4hrend des gesamten Turniers f\u00fcr alle Teilnehmer zur freien Verf\u00fcgung stand und auch kein Startgeld erhoben wurde, bat man seitens der ersten Mannschaft des ASV um eine Spende f\u00fcr einen guten Zweck. Bei dieser Aktion kamen \u00fcber 400,- Euro zusammen, die in Absprache mit dem ortsans\u00e4ssigen Kindergarten f\u00fcr neues Spielger\u00e4t genutzt werden sollen. Als Kinderg\u00e4rtnerin im Ruhestand freute sich Resi, die Witwe von Jakob Blazy, enorm \u00fcber diesen Verwendungszweck und war mit einer gro\u00dfz\u00fcgigen Spende an dem Erl\u00f6s beteiligt.<br \/>Am Ende waren sich alle einig, dass man im n\u00e4chsten Jahr unbedingt eine Weiterf\u00fchrung des Turniers organisieren solle.<\/p>\t\t\t\t\t\t\t\t<\/div>\n\t\t\t\t<\/div>\n\t\t\t\t\t<\/div>\n\t\t<\/div>\n\t\t\t\t\t<\/div>\n\t\t<\/section>\n\t\t\t\t<section class=\"elementor-section elementor-top-section elementor-element elementor-element-4cd0d603 elementor-section-boxed elementor-section-height-default elementor-section-height-default\" data-id=\"4cd0d603\" data-element_type=\"section\" data-e-type=\"section\">\n\t\t\t\t\t\t<div class=\"elementor-container elementor-column-gap-default\">\n\t\t\t\t\t<div class=\"elementor-column elementor-col-100 elementor-top-column elementor-element elementor-element-6b1ac6c1\" data-id=\"6b1ac6c1\" data-element_type=\"column\" data-e-type=\"column\">\n\t\t\t<div class=\"elementor-widget-wrap elementor-element-populated\">\n\t\t\t\t\t\t<div class=\"elementor-element elementor-element-ed7615b elementor-widget elementor-widget-image\" data-id=\"ed7615b\" data-element_type=\"widget\" data-e-type=\"widget\" data-widget_type=\"image.default\">\n\t\t\t\t<div class=\"elementor-widget-container\">\n\t\t\t\t\t\t\t\t\t\t\t\t\t\t\t<img fetchpriority=\"high\" decoding=\"async\" width=\"632\" height=\"193\" src=\"https:\/\/asv-adelheidsdorf.de\/wp-content\/uploads\/2022\/08\/1575.jpeg\" class=\"attachment-large size-large wp-image-478\" alt=\"\" srcset=\"https:\/\/asv-adelheidsdorf.de\/wp-content\/uploads\/2022\/08\/1575.jpeg 632w, https:\/\/asv-adelheidsdorf.de\/wp-content\/uploads\/2022\/08\/1575-300x92.jpeg 300w\" sizes=\"(max-width: 632px) 100vw, 632px\" \/>\t\t\t\t\t\t\t\t\t\t\t\t\t\t\t<\/div>\n\t\t\t\t<\/div>\n\t\t\t\t\t<\/div>\n\t\t<\/div>\n\t\t\t\t\t<\/div>\n\t\t<\/section>\n\t\t\t\t<section class=\"elementor-section elementor-top-section elementor-element elementor-element-c37382f elementor-section-boxed elementor-section-height-default elementor-section-height-default\" data-id=\"c37382f\" data-element_type=\"section\" data-e-type=\"section\">\n\t\t\t\t\t\t<div class=\"elementor-container elementor-column-gap-default\">\n\t\t\t\t\t<div class=\"elementor-column elementor-col-25 elementor-top-column elementor-element elementor-element-776997c\" data-id=\"776997c\" data-element_type=\"column\" data-e-type=\"column\">\n\t\t\t<div class=\"elementor-widget-wrap elementor-element-populated\">\n\t\t\t\t\t\t<div class=\"elementor-element elementor-element-aea15fa elementor-widget elementor-widget-image\" data-id=\"aea15fa\" data-element_type=\"widget\" data-e-type=\"widget\" data-widget_type=\"image.default\">\n\t\t\t\t<div class=\"elementor-widget-container\">\n\t\t\t\t\t\t\t\t\t\t\t\t\t\t\t<img decoding=\"async\" width=\"300\" height=\"175\" src=\"https:\/\/asv-adelheidsdorf.de\/wp-content\/uploads\/2022\/08\/1576-300x175.jpeg\" class=\"attachment-medium size-medium wp-image-482\" alt=\"\" srcset=\"https:\/\/asv-adelheidsdorf.de\/wp-content\/uploads\/2022\/08\/1576-300x175.jpeg 300w, https:\/\/asv-adelheidsdorf.de\/wp-content\/uploads\/2022\/08\/1576.jpeg 366w\" sizes=\"(max-width: 300px) 100vw, 300px\" \/>\t\t\t\t\t\t\t\t\t\t\t\t\t\t\t<\/div>\n\t\t\t\t<\/div>\n\t\t\t\t\t<\/div>\n\t\t<\/div>\n\t\t\t\t<div class=\"elementor-column elementor-col-25 elementor-top-column elementor-element elementor-element-3403425\" data-id=\"3403425\" data-element_type=\"column\" data-e-type=\"column\">\n\t\t\t<div class=\"elementor-widget-wrap elementor-element-populated\">\n\t\t\t\t\t\t<div class=\"elementor-element elementor-element-081ad78 elementor-widget elementor-widget-image\" data-id=\"081ad78\" data-element_type=\"widget\" data-e-type=\"widget\" data-widget_type=\"image.default\">\n\t\t\t\t<div class=\"elementor-widget-container\">\n\t\t\t\t\t\t\t\t\t\t\t\t\t\t\t<img decoding=\"async\" width=\"252\" height=\"235\" src=\"https:\/\/asv-adelheidsdorf.de\/wp-content\/uploads\/2022\/08\/1579.jpeg\" class=\"attachment-medium size-medium wp-image-481\" alt=\"\" \/>\t\t\t\t\t\t\t\t\t\t\t\t\t\t\t<\/div>\n\t\t\t\t<\/div>\n\t\t\t\t\t<\/div>\n\t\t<\/div>\n\t\t\t\t<div class=\"elementor-column elementor-col-25 elementor-top-column elementor-element elementor-element-6945776\" data-id=\"6945776\" data-element_type=\"column\" data-e-type=\"column\">\n\t\t\t<div class=\"elementor-widget-wrap elementor-element-populated\">\n\t\t\t\t\t\t<div class=\"elementor-element elementor-element-3cf41c4 elementor-widget elementor-widget-image\" data-id=\"3cf41c4\" data-element_type=\"widget\" data-e-type=\"widget\" data-widget_type=\"image.default\">\n\t\t\t\t<div class=\"elementor-widget-container\">\n\t\t\t\t\t\t\t\t\t\t\t\t\t\t\t<img loading=\"lazy\" decoding=\"async\" width=\"366\" height=\"204\" src=\"https:\/\/asv-adelheidsdorf.de\/wp-content\/uploads\/2022\/08\/1577.jpeg\" class=\"attachment-large size-large wp-image-480\" alt=\"\" srcset=\"https:\/\/asv-adelheidsdorf.de\/wp-content\/uploads\/2022\/08\/1577.jpeg 366w, https:\/\/asv-adelheidsdorf.de\/wp-content\/uploads\/2022\/08\/1577-300x167.jpeg 300w\" sizes=\"(max-width: 366px) 100vw, 366px\" \/>\t\t\t\t\t\t\t\t\t\t\t\t\t\t\t<\/div>\n\t\t\t\t<\/div>\n\t\t\t\t\t<\/div>\n\t\t<\/div>\n\t\t\t\t<div class=\"elementor-column elementor-col-25 elementor-top-column elementor-element elementor-element-d397f4a\" data-id=\"d397f4a\" data-element_type=\"column\" data-e-type=\"column\">\n\t\t\t<div class=\"elementor-widget-wrap elementor-element-populated\">\n\t\t\t\t\t\t<div class=\"elementor-element elementor-element-728b6bf elementor-widget elementor-widget-image\" data-id=\"728b6bf\" data-element_type=\"widget\" data-e-type=\"widget\" data-widget_type=\"image.default\">\n\t\t\t\t<div class=\"elementor-widget-container\">\n\t\t\t\t\t\t\t\t\t\t\t\t\t\t\t<img loading=\"lazy\" decoding=\"async\" width=\"252\" height=\"184\" src=\"https:\/\/asv-adelheidsdorf.de\/wp-content\/uploads\/2022\/08\/1578.jpeg\" class=\"attachment-large size-large wp-image-479\" alt=\"\" \/>\t\t\t\t\t\t\t\t\t\t\t\t\t\t\t<\/div>\n\t\t\t\t<\/div>\n\t\t\t\t\t<\/div>\n\t\t<\/div>\n\t\t\t\t\t<\/div>\n\t\t<\/section>\n\t\t\t\t<\/div>\n\t\t","protected":false},"excerpt":{"rendered":"<p>Jakob Blazy Cup 2017 1. Jakob-Blazy-Cup 2017 \/ Tischtennis Tischtennis-Turnier in Gedenken an Jakob Blazy Kurz vor dem Auftakt zur R\u00fcckrunde der aktuellen Tischtennissaison veranstaltete die erste Herrenmannschaft des ASV Adelheidsdorf ein Einladungsturnier, an dem insgesamt 22 Spieler teilnahmen. Das Turnier war der Startschuss zu einem Gedenkturnier an das jahrzehntelange Spartenmitglied Jakob Blazy, der sich &hellip;<\/p>\n<p class=\"read-more\"> <a class=\"\" href=\"https:\/\/asv-adelheidsdorf.de\/index.php\/jakob-blazy-cup-2017\/\"> <span class=\"screen-reader-text\">Jakob Blazy Cup 2017<\/span> Weiterlesen &raquo;<\/a><\/p>\n","protected":false},"author":1,"featured_media":0,"parent":0,"menu_order":0,"comment_status":"closed","ping_status":"closed","template":"","meta":{"site-sidebar-layout":"no-sidebar","site-content-layout":"page-builder","ast-site-content-layout":"","site-content-style":"default","site-sidebar-style":"default","ast-global-header-display":"","ast-banner-title-visibility":"","ast-main-header-display":"","ast-hfb-above-header-display":"","ast-hfb-below-header-display":"","ast-hfb-mobile-header-display":"","site-post-title":"disabled","ast-breadcrumbs-content":"","ast-featured-img":"disabled","footer-sml-layout":"","theme-transparent-header-meta":"","adv-header-id-meta":"","stick-header-meta":"","header-above-stick-meta":"","header-main-stick-meta":"","header-below-stick-meta":"","astra-migrate-meta-layouts":"","footnotes":""},"class_list":["post-475","page","type-page","status-publish","hentry"],"_links":{"self":[{"href":"https:\/\/asv-adelheidsdorf.de\/index.php\/wp-json\/wp\/v2\/pages\/475","targetHints":{"allow":["GET"]}}],"collection":[{"href":"https:\/\/asv-adelheidsdorf.de\/index.php\/wp-json\/wp\/v2\/pages"}],"about":[{"href":"https:\/\/asv-adelheidsdorf.de\/index.php\/wp-json\/wp\/v2\/types\/page"}],"author":[{"embeddable":true,"href":"https:\/\/asv-adelheidsdorf.de\/index.php\/wp-json\/wp\/v2\/users\/1"}],"replies":[{"embeddable":true,"href":"https:\/\/asv-adelheidsdorf.de\/index.php\/wp-json\/wp\/v2\/comments?post=475"}],"version-history":[{"count":4,"href":"https:\/\/asv-adelheidsdorf.de\/index.php\/wp-json\/wp\/v2\/pages\/475\/revisions"}],"predecessor-version":[{"id":485,"href":"https:\/\/asv-adelheidsdorf.de\/index.php\/wp-json\/wp\/v2\/pages\/475\/revisions\/485"}],"wp:attachment":[{"href":"https:\/\/asv-adelheidsdorf.de\/index.php\/wp-json\/wp\/v2\/media?parent=475"}],"curies":[{"name":"wp","href":"https:\/\/api.w.org\/{rel}","templated":true}]}}