{"id":486,"date":"2022-08-23T08:56:32","date_gmt":"2022-08-23T08:56:32","guid":{"rendered":"https:\/\/elastic-morse.88-198-121-67.plesk.page\/?page_id=486"},"modified":"2022-08-23T09:30:39","modified_gmt":"2022-08-23T09:30:39","slug":"jakob-blazy-cup-2018","status":"publish","type":"page","link":"https:\/\/asv-adelheidsdorf.de\/index.php\/jakob-blazy-cup-2018\/","title":{"rendered":"Jakob Blazy Cup 2018"},"content":{"rendered":"\t\t<div data-elementor-type=\"wp-page\" data-elementor-id=\"486\" class=\"elementor elementor-486\">\n\t\t\t\t\t\t<section class=\"elementor-section elementor-top-section elementor-element elementor-element-50b0145e elementor-section-height-min-height elementor-section-boxed elementor-section-height-default elementor-section-items-middle\" data-id=\"50b0145e\" data-element_type=\"section\" data-e-type=\"section\" data-settings=\"{&quot;background_background&quot;:&quot;classic&quot;}\">\n\t\t\t\t\t\t\t<div class=\"elementor-background-overlay\"><\/div>\n\t\t\t\t\t\t\t<div class=\"elementor-container elementor-column-gap-default\">\n\t\t\t\t\t<div class=\"elementor-column elementor-col-100 elementor-top-column elementor-element elementor-element-25bfdf38\" data-id=\"25bfdf38\" data-element_type=\"column\" data-e-type=\"column\">\n\t\t\t<div class=\"elementor-widget-wrap elementor-element-populated\">\n\t\t\t\t\t\t<div class=\"elementor-element elementor-element-163da61d elementor-widget elementor-widget-heading\" data-id=\"163da61d\" data-element_type=\"widget\" data-e-type=\"widget\" data-widget_type=\"heading.default\">\n\t\t\t\t<div class=\"elementor-widget-container\">\n\t\t\t\t\t<h2 class=\"elementor-heading-title elementor-size-default\">Jakob Blazy Cup 2018<\/h2>\t\t\t\t<\/div>\n\t\t\t\t<\/div>\n\t\t\t\t\t<\/div>\n\t\t<\/div>\n\t\t\t\t\t<\/div>\n\t\t<\/section>\n\t\t\t\t<section class=\"elementor-section elementor-top-section elementor-element elementor-element-1b5c54 elementor-section-boxed elementor-section-height-default elementor-section-height-default\" data-id=\"1b5c54\" data-element_type=\"section\" data-e-type=\"section\">\n\t\t\t\t\t\t<div class=\"elementor-container elementor-column-gap-default\">\n\t\t\t\t\t<div class=\"elementor-column elementor-col-100 elementor-top-column elementor-element elementor-element-27d5b352\" data-id=\"27d5b352\" data-element_type=\"column\" data-e-type=\"column\">\n\t\t\t<div class=\"elementor-widget-wrap elementor-element-populated\">\n\t\t\t\t\t\t<div class=\"elementor-element elementor-element-2b8b17c6 elementor-widget elementor-widget-heading\" data-id=\"2b8b17c6\" data-element_type=\"widget\" data-e-type=\"widget\" data-widget_type=\"heading.default\">\n\t\t\t\t<div class=\"elementor-widget-container\">\n\t\t\t\t\t<h2 class=\"elementor-heading-title elementor-size-default\">2. Jakob-Blazy-Cup<\/h2>\t\t\t\t<\/div>\n\t\t\t\t<\/div>\n\t\t\t\t<div class=\"elementor-element elementor-element-d04ccba elementor-widget elementor-widget-heading\" data-id=\"d04ccba\" data-element_type=\"widget\" data-e-type=\"widget\" data-widget_type=\"heading.default\">\n\t\t\t\t<div class=\"elementor-widget-container\">\n\t\t\t\t\t<h6 class=\"elementor-heading-title elementor-size-default\">Tischtennis-Turnier in Gedenken an Jakob Blazy<\/h6>\t\t\t\t<\/div>\n\t\t\t\t<\/div>\n\t\t\t\t<div class=\"elementor-element elementor-element-39ee69d2 elementor-widget elementor-widget-text-editor\" data-id=\"39ee69d2\" data-element_type=\"widget\" data-e-type=\"widget\" data-widget_type=\"text-editor.default\">\n\t\t\t\t<div class=\"elementor-widget-container\">\n\t\t\t\t\t\t\t\t\t<p>Nach dem Erfolg der Auftaktveranstaltung im Vorjahr folgten erneut befreundete Tischtennisspieler dem Lockruf der ersten TT-Herrenmannschaft des ASV zum Jakob Blazy-Cup, bei dem es sich neben dem sportlichen Ehrgeiz auch stets um Geselligkeit inklusive einer Spendenaktion zugunsten des Adelheidsdorfer Kindergartens dreht.So fanden sich schlie\u00dflich 24 Teilnehmer in der Mehrzweckhalle des ASV ein, die zun\u00e4chst in 4 Sechser-Gruppen aufgeteilt wurden. Zum Chancenausgleich gab es auch in diesem Jahr wieder eine im Vorfeld festgelegte Vorgabenregelung. Die jeweils 3 Gruppenersten spielten nach der Vorrunde im K.O.-System den Meister aus. F\u00fcr die Pl\u00e4tze 4 bis 6 aus den Vorrundengruppen blieb die Chance auf den Sieg der Trostrunde, ebenfalls im K.O.-System.<\/p>\t\t\t\t\t\t\t\t<\/div>\n\t\t\t\t<\/div>\n\t\t\t\t<div class=\"elementor-element elementor-element-49029ef elementor-widget elementor-widget-image\" data-id=\"49029ef\" data-element_type=\"widget\" data-e-type=\"widget\" data-widget_type=\"image.default\">\n\t\t\t\t<div class=\"elementor-widget-container\">\n\t\t\t\t\t\t\t\t\t\t\t\t\t\t\t<img fetchpriority=\"high\" decoding=\"async\" width=\"632\" height=\"207\" src=\"https:\/\/asv-adelheidsdorf.de\/wp-content\/uploads\/2022\/08\/3597.jpeg\" class=\"attachment-large size-large wp-image-488\" alt=\"\" srcset=\"https:\/\/asv-adelheidsdorf.de\/wp-content\/uploads\/2022\/08\/3597.jpeg 632w, https:\/\/asv-adelheidsdorf.de\/wp-content\/uploads\/2022\/08\/3597-300x98.jpeg 300w\" sizes=\"(max-width: 632px) 100vw, 632px\" \/>\t\t\t\t\t\t\t\t\t\t\t\t\t\t\t<\/div>\n\t\t\t\t<\/div>\n\t\t\t\t<div class=\"elementor-element elementor-element-c0b451d elementor-widget elementor-widget-heading\" data-id=\"c0b451d\" data-element_type=\"widget\" data-e-type=\"widget\" data-widget_type=\"heading.default\">\n\t\t\t\t<div class=\"elementor-widget-container\">\n\t\t\t\t\t<h6 class=\"elementor-heading-title elementor-size-default\">Alle Teilnehmer und Freunde des Jakob Blazy-Cups 2018<\/h6>\t\t\t\t<\/div>\n\t\t\t\t<\/div>\n\t\t\t\t<div class=\"elementor-element elementor-element-804026b elementor-widget elementor-widget-text-editor\" data-id=\"804026b\" data-element_type=\"widget\" data-e-type=\"widget\" data-widget_type=\"text-editor.default\">\n\t\t\t\t<div class=\"elementor-widget-container\">\n\t\t\t\t\t\t\t\t\t<p>In den Gruppenspielen erzielte Leroy, der Enkel von Jakob Blazy, einen Teilerfolg und konnte sich etwas \u00fcberraschend als Gruppenerster in seiner Gruppe durchsetzen. Weitere Gruppensieger waren Sven Krumfus und Vorjahressieger Florian Rogge aus Bomlitz und vom Veranstalter konnte sich Christopher Wolf an die Spitze setzen.<\/p><p>Im Halbfinale standen mit Christopher Wolf und Tobias Schweizer zwei Vertreter des ASV, die aber beide den Sprung ins Finale verpassten. Stattdessen standen sich dort Vorjahressieger Florian Rogge (Bomlitz) und der erst 8-j\u00e4hrige Enno Ziesler (Westercelle) gegen\u00fcber. Florian Rogge setzt sich im Halbfinale mit 11:8, 11:5, 2:11 und 11:9 gegen Tobi Schweizer durch. Enno gewann sein Halbfinale gegen \u201cBomber\u201d mit 13:11, 11:13, 11:6 und 11:5.<\/p><p>Nachdem in einem packenden Finale Enno den ersten Satz mit 11:6 f\u00fcr sich entscheiden konnte, fehlte beim 10:12 im zweiten Satz nur wenig, um f\u00fcr eine \u00dcberraschung zu sorgen. Aber nach gewonnenem zweiten Satz, legte Florian Rogge mit 11:9 und 11:7 in den S\u00e4tzen 3 und 4 nach und sicherte sich somit die Titelverteidigung.<\/p>\t\t\t\t\t\t\t\t<\/div>\n\t\t\t\t<\/div>\n\t\t\t\t<section class=\"elementor-section elementor-inner-section elementor-element elementor-element-71ad600 elementor-section-boxed elementor-section-height-default elementor-section-height-default\" data-id=\"71ad600\" data-element_type=\"section\" data-e-type=\"section\">\n\t\t\t\t\t\t<div class=\"elementor-container elementor-column-gap-default\">\n\t\t\t\t\t<div class=\"elementor-column elementor-col-50 elementor-inner-column elementor-element elementor-element-2007632\" data-id=\"2007632\" data-element_type=\"column\" data-e-type=\"column\">\n\t\t\t<div class=\"elementor-widget-wrap elementor-element-populated\">\n\t\t\t\t\t\t<div class=\"elementor-element elementor-element-c08302b elementor-widget elementor-widget-image\" data-id=\"c08302b\" data-element_type=\"widget\" data-e-type=\"widget\" data-widget_type=\"image.default\">\n\t\t\t\t<div class=\"elementor-widget-container\">\n\t\t\t\t\t\t\t\t\t\t\t\t\t\t\t<img decoding=\"async\" width=\"464\" height=\"234\" src=\"https:\/\/asv-adelheidsdorf.de\/wp-content\/uploads\/2022\/08\/3596.jpeg\" class=\"attachment-large size-large wp-image-490\" alt=\"\" srcset=\"https:\/\/asv-adelheidsdorf.de\/wp-content\/uploads\/2022\/08\/3596.jpeg 464w, https:\/\/asv-adelheidsdorf.de\/wp-content\/uploads\/2022\/08\/3596-300x151.jpeg 300w\" sizes=\"(max-width: 464px) 100vw, 464px\" \/>\t\t\t\t\t\t\t\t\t\t\t\t\t\t\t<\/div>\n\t\t\t\t<\/div>\n\t\t\t\t\t<\/div>\n\t\t<\/div>\n\t\t\t\t<div class=\"elementor-column elementor-col-50 elementor-inner-column elementor-element elementor-element-41fba02\" data-id=\"41fba02\" data-element_type=\"column\" data-e-type=\"column\">\n\t\t\t<div class=\"elementor-widget-wrap elementor-element-populated\">\n\t\t\t\t\t\t<div class=\"elementor-element elementor-element-34c5f8e elementor-widget elementor-widget-image\" data-id=\"34c5f8e\" data-element_type=\"widget\" data-e-type=\"widget\" data-widget_type=\"image.default\">\n\t\t\t\t<div class=\"elementor-widget-container\">\n\t\t\t\t\t\t\t\t\t\t\t\t\t\t\t<img decoding=\"async\" width=\"156\" height=\"234\" src=\"https:\/\/asv-adelheidsdorf.de\/wp-content\/uploads\/2022\/08\/3598.jpeg\" class=\"attachment-large size-large wp-image-489\" alt=\"\" \/>\t\t\t\t\t\t\t\t\t\t\t\t\t\t\t<\/div>\n\t\t\t\t<\/div>\n\t\t\t\t\t<\/div>\n\t\t<\/div>\n\t\t\t\t\t<\/div>\n\t\t<\/section>\n\t\t\t\t<div class=\"elementor-element elementor-element-cc62432 elementor-widget elementor-widget-text-editor\" data-id=\"cc62432\" data-element_type=\"widget\" data-e-type=\"widget\" data-widget_type=\"text-editor.default\">\n\t\t\t\t<div class=\"elementor-widget-container\">\n\t\t\t\t\t\t\t\t\t<p>Finale: links Enno Ziesler, rechts Florian Rogge<br \/>In einer Spielpause lie\u00df es sich Vorstandsvorsitzender Timo Wei\u00dfenstein nicht nehmen, die Anwesenden von seinen Ballonabwehrk\u00fcnsten zu \u00fcberzeugen (Foto rechts).<\/p>\t\t\t\t\t\t\t\t<\/div>\n\t\t\t\t<\/div>\n\t\t\t\t<div class=\"elementor-element elementor-element-239bc9b elementor-widget elementor-widget-text-editor\" data-id=\"239bc9b\" data-element_type=\"widget\" data-e-type=\"widget\" data-widget_type=\"text-editor.default\">\n\t\t\t\t<div class=\"elementor-widget-container\">\n\t\t\t\t\t\t\t\t\t<p>In der Trostrunde kam es zu den Halbfinalbegegnungen Michael Siekmeier gegen Uwe Burgsthaler (beide ASV) und Erik Peters (Gar\u00dfen) gegen Dirk Hamann (Bomlitz). W\u00e4hrend sich Michael Siekmeier mit 3:0 durchsetzte, hatte die Begegnung am Nachbartisch einen spannenderen Verlauf, die am Ende Erik Peters mit 11:9 im F\u00fcnften f\u00fcr sich entscheiden konnte.<\/p><p>Das Finale war gepr\u00e4gt von der unorthodoxen Spielweise von Erik Peters, die \u201cNoppi\u201d immer wieder an den Rande der Verzweiflung brachte. So konnte sich Erik f\u00fcr den 11:7, 6:11, 11:6 und 11:4-Sieg mit dem Titel im \u201ckleinen Finale\u201d feiern lassen.<\/p><p>Und genau DAS (feiern!) taten alle Anwesenden im Anschluss an den sportlichen Teil dann auch ordentlich bis tief in die Nacht. Mit steigender Leistung und Motivation an Gl\u00e4sern und Flaschen stieg auch der Anteil an Spenden, wodurch man erneut \u00fcber 600,- Euro an Spendengeldern sammeln konnte!<\/p><p>Danke an alle Beteiligten!<\/p>\t\t\t\t\t\t\t\t<\/div>\n\t\t\t\t<\/div>\n\t\t\t\t<section class=\"elementor-section elementor-inner-section elementor-element elementor-element-996ff44 elementor-section-boxed elementor-section-height-default elementor-section-height-default\" data-id=\"996ff44\" data-element_type=\"section\" data-e-type=\"section\">\n\t\t\t\t\t\t<div class=\"elementor-container elementor-column-gap-default\">\n\t\t\t\t\t<div class=\"elementor-column elementor-col-50 elementor-inner-column elementor-element elementor-element-80cab54\" data-id=\"80cab54\" data-element_type=\"column\" data-e-type=\"column\">\n\t\t\t<div class=\"elementor-widget-wrap elementor-element-populated\">\n\t\t\t\t\t\t<div class=\"elementor-element elementor-element-97b8639 elementor-widget elementor-widget-image\" data-id=\"97b8639\" data-element_type=\"widget\" data-e-type=\"widget\" data-widget_type=\"image.default\">\n\t\t\t\t<div class=\"elementor-widget-container\">\n\t\t\t\t\t\t\t\t\t\t\t\t\t\t\t<img loading=\"lazy\" decoding=\"async\" width=\"317\" height=\"206\" src=\"https:\/\/asv-adelheidsdorf.de\/wp-content\/uploads\/2022\/08\/3594.jpeg\" class=\"attachment-large size-large wp-image-491\" alt=\"\" srcset=\"https:\/\/asv-adelheidsdorf.de\/wp-content\/uploads\/2022\/08\/3594.jpeg 317w, https:\/\/asv-adelheidsdorf.de\/wp-content\/uploads\/2022\/08\/3594-300x195.jpeg 300w\" sizes=\"(max-width: 317px) 100vw, 317px\" \/>\t\t\t\t\t\t\t\t\t\t\t\t\t\t\t<\/div>\n\t\t\t\t<\/div>\n\t\t\t\t<div class=\"elementor-element elementor-element-861ffb4 elementor-widget elementor-widget-heading\" data-id=\"861ffb4\" data-element_type=\"widget\" data-e-type=\"widget\" data-widget_type=\"heading.default\">\n\t\t\t\t<div class=\"elementor-widget-container\">\n\t\t\t\t\t<h6 class=\"elementor-heading-title elementor-size-default\">Sieger und Platzierte der Hauptrunde (und Janis)<\/h6>\t\t\t\t<\/div>\n\t\t\t\t<\/div>\n\t\t\t\t\t<\/div>\n\t\t<\/div>\n\t\t\t\t<div class=\"elementor-column elementor-col-50 elementor-inner-column elementor-element elementor-element-34bfa5b\" data-id=\"34bfa5b\" data-element_type=\"column\" data-e-type=\"column\">\n\t\t\t<div class=\"elementor-widget-wrap elementor-element-populated\">\n\t\t\t\t\t\t<div class=\"elementor-element elementor-element-38797bf elementor-widget elementor-widget-image\" data-id=\"38797bf\" data-element_type=\"widget\" data-e-type=\"widget\" data-widget_type=\"image.default\">\n\t\t\t\t<div class=\"elementor-widget-container\">\n\t\t\t\t\t\t\t\t\t\t\t\t\t\t\t<img loading=\"lazy\" decoding=\"async\" width=\"308\" height=\"206\" src=\"https:\/\/asv-adelheidsdorf.de\/wp-content\/uploads\/2022\/08\/3595.jpeg\" class=\"attachment-large size-large wp-image-492\" alt=\"\" srcset=\"https:\/\/asv-adelheidsdorf.de\/wp-content\/uploads\/2022\/08\/3595.jpeg 308w, https:\/\/asv-adelheidsdorf.de\/wp-content\/uploads\/2022\/08\/3595-300x201.jpeg 300w\" sizes=\"(max-width: 308px) 100vw, 308px\" \/>\t\t\t\t\t\t\t\t\t\t\t\t\t\t\t<\/div>\n\t\t\t\t<\/div>\n\t\t\t\t<div class=\"elementor-element elementor-element-9ca8350 elementor-widget elementor-widget-heading\" data-id=\"9ca8350\" data-element_type=\"widget\" data-e-type=\"widget\" data-widget_type=\"heading.default\">\n\t\t\t\t<div class=\"elementor-widget-container\">\n\t\t\t\t\t<h6 class=\"elementor-heading-title elementor-size-default\">Sieger und Platzierte der Trostrunde\n(und Spartenleiter Tobias Schweizer [links])<\/h6>\t\t\t\t<\/div>\n\t\t\t\t<\/div>\n\t\t\t\t\t<\/div>\n\t\t<\/div>\n\t\t\t\t\t<\/div>\n\t\t<\/section>\n\t\t\t\t\t<\/div>\n\t\t<\/div>\n\t\t\t\t\t<\/div>\n\t\t<\/section>\n\t\t\t\t<\/div>\n\t\t","protected":false},"excerpt":{"rendered":"<p>Jakob Blazy Cup 2018 2. Jakob-Blazy-Cup Tischtennis-Turnier in Gedenken an Jakob Blazy Nach dem Erfolg der Auftaktveranstaltung im Vorjahr folgten erneut befreundete Tischtennisspieler dem Lockruf der ersten TT-Herrenmannschaft des ASV zum Jakob Blazy-Cup, bei dem es sich neben dem sportlichen Ehrgeiz auch stets um Geselligkeit inklusive einer Spendenaktion zugunsten des Adelheidsdorfer Kindergartens dreht.So fanden sich &hellip;<\/p>\n<p class=\"read-more\"> <a class=\"\" href=\"https:\/\/asv-adelheidsdorf.de\/index.php\/jakob-blazy-cup-2018\/\"> <span class=\"screen-reader-text\">Jakob Blazy Cup 2018<\/span> Weiterlesen &raquo;<\/a><\/p>\n","protected":false},"author":1,"featured_media":0,"parent":0,"menu_order":0,"comment_status":"closed","ping_status":"closed","template":"","meta":{"site-sidebar-layout":"no-sidebar","site-content-layout":"page-builder","ast-site-content-layout":"","site-content-style":"default","site-sidebar-style":"default","ast-global-header-display":"","ast-banner-title-visibility":"","ast-main-header-display":"","ast-hfb-above-header-display":"","ast-hfb-below-header-display":"","ast-hfb-mobile-header-display":"","site-post-title":"disabled","ast-breadcrumbs-content":"","ast-featured-img":"disabled","footer-sml-layout":"","theme-transparent-header-meta":"","adv-header-id-meta":"","stick-header-meta":"","header-above-stick-meta":"","header-main-stick-meta":"","header-below-stick-meta":"","astra-migrate-meta-layouts":"","footnotes":""},"class_list":["post-486","page","type-page","status-publish","hentry"],"_links":{"self":[{"href":"https:\/\/asv-adelheidsdorf.de\/index.php\/wp-json\/wp\/v2\/pages\/486","targetHints":{"allow":["GET"]}}],"collection":[{"href":"https:\/\/asv-adelheidsdorf.de\/index.php\/wp-json\/wp\/v2\/pages"}],"about":[{"href":"https:\/\/asv-adelheidsdorf.de\/index.php\/wp-json\/wp\/v2\/types\/page"}],"author":[{"embeddable":true,"href":"https:\/\/asv-adelheidsdorf.de\/index.php\/wp-json\/wp\/v2\/users\/1"}],"replies":[{"embeddable":true,"href":"https:\/\/asv-adelheidsdorf.de\/index.php\/wp-json\/wp\/v2\/comments?post=486"}],"version-history":[{"count":5,"href":"https:\/\/asv-adelheidsdorf.de\/index.php\/wp-json\/wp\/v2\/pages\/486\/revisions"}],"predecessor-version":[{"id":520,"href":"https:\/\/asv-adelheidsdorf.de\/index.php\/wp-json\/wp\/v2\/pages\/486\/revisions\/520"}],"wp:attachment":[{"href":"https:\/\/asv-adelheidsdorf.de\/index.php\/wp-json\/wp\/v2\/media?parent=486"}],"curies":[{"name":"wp","href":"https:\/\/api.w.org\/{rel}","templated":true}]}}