{"id":496,"date":"2022-08-23T09:04:05","date_gmt":"2022-08-23T09:04:05","guid":{"rendered":"https:\/\/elastic-morse.88-198-121-67.plesk.page\/?page_id=496"},"modified":"2022-08-23T09:31:07","modified_gmt":"2022-08-23T09:31:07","slug":"jakob-blazy-cup-2019","status":"publish","type":"page","link":"https:\/\/asv-adelheidsdorf.de\/index.php\/jakob-blazy-cup-2019\/","title":{"rendered":"Jakob Blazy Cup 2019"},"content":{"rendered":"\t\t<div data-elementor-type=\"wp-page\" data-elementor-id=\"496\" class=\"elementor elementor-496\">\n\t\t\t\t\t\t<section class=\"elementor-section elementor-top-section elementor-element elementor-element-50b0145e elementor-section-height-min-height elementor-section-boxed elementor-section-height-default elementor-section-items-middle\" data-id=\"50b0145e\" data-element_type=\"section\" data-e-type=\"section\" data-settings=\"{&quot;background_background&quot;:&quot;classic&quot;}\">\n\t\t\t\t\t\t\t<div class=\"elementor-background-overlay\"><\/div>\n\t\t\t\t\t\t\t<div class=\"elementor-container elementor-column-gap-default\">\n\t\t\t\t\t<div class=\"elementor-column elementor-col-100 elementor-top-column elementor-element elementor-element-25bfdf38\" data-id=\"25bfdf38\" data-element_type=\"column\" data-e-type=\"column\">\n\t\t\t<div class=\"elementor-widget-wrap elementor-element-populated\">\n\t\t\t\t\t\t<div class=\"elementor-element elementor-element-163da61d elementor-widget elementor-widget-heading\" data-id=\"163da61d\" data-element_type=\"widget\" data-e-type=\"widget\" data-widget_type=\"heading.default\">\n\t\t\t\t<div class=\"elementor-widget-container\">\n\t\t\t\t\t<h2 class=\"elementor-heading-title elementor-size-default\">Jakob Blazy Cup 2019<\/h2>\t\t\t\t<\/div>\n\t\t\t\t<\/div>\n\t\t\t\t\t<\/div>\n\t\t<\/div>\n\t\t\t\t\t<\/div>\n\t\t<\/section>\n\t\t\t\t<section class=\"elementor-section elementor-top-section elementor-element elementor-element-1b5c54 elementor-section-boxed elementor-section-height-default elementor-section-height-default\" data-id=\"1b5c54\" data-element_type=\"section\" data-e-type=\"section\">\n\t\t\t\t\t\t<div class=\"elementor-container elementor-column-gap-default\">\n\t\t\t\t\t<div class=\"elementor-column elementor-col-100 elementor-top-column elementor-element elementor-element-27d5b352\" data-id=\"27d5b352\" data-element_type=\"column\" data-e-type=\"column\">\n\t\t\t<div class=\"elementor-widget-wrap elementor-element-populated\">\n\t\t\t\t\t\t<div class=\"elementor-element elementor-element-2b8b17c6 elementor-widget elementor-widget-heading\" data-id=\"2b8b17c6\" data-element_type=\"widget\" data-e-type=\"widget\" data-widget_type=\"heading.default\">\n\t\t\t\t<div class=\"elementor-widget-container\">\n\t\t\t\t\t<h2 class=\"elementor-heading-title elementor-size-default\">ASV-TT-Herren veranstalten Jakob Blazy Cup<\/h2>\t\t\t\t<\/div>\n\t\t\t\t<\/div>\n\t\t\t\t<div class=\"elementor-element elementor-element-d04ccba elementor-widget elementor-widget-heading\" data-id=\"d04ccba\" data-element_type=\"widget\" data-e-type=\"widget\" data-widget_type=\"heading.default\">\n\t\t\t\t<div class=\"elementor-widget-container\">\n\t\t\t\t\t<h6 class=\"elementor-heading-title elementor-size-default\">Tischtennis-Turnier in Gedenken an Jakob Blazy<\/h6>\t\t\t\t<\/div>\n\t\t\t\t<\/div>\n\t\t\t\t<div class=\"elementor-element elementor-element-39ee69d2 elementor-widget elementor-widget-text-editor\" data-id=\"39ee69d2\" data-element_type=\"widget\" data-e-type=\"widget\" data-widget_type=\"text-editor.default\">\n\t\t\t\t<div class=\"elementor-widget-container\">\n\t\t\t\t\t\t\t\t\t<p>Bereits zum dritten Mal organisierte die erste Tischtennis-Herrenmannschaft des ASV Adelheidsdorf den \u201eJakob Blazy\u201c-Cup in Gedenken zum gleichnamigen, ehemaligen Spartenmitglied. Wie die Jahre zuvor wurden zu dem Turnier, das immer kurz vor Beginn der R\u00fcckserie veranstaltet wird, Freunde der Tischtennis-Sparte zu einem gem\u00fctlichen Beisammensein im Rahmen eines Tischtennisturniers eingeladen.Bereits zum dritten Mal organisierte die erste Tischtennis-Herrenmannschaft des ASV Adelheidsdorf den \u201eJakob Blazy\u201c-Cup in Gedenken zum gleichnamigen, ehemaligen Spartenmitglied. Wie die Jahre zuvor wurden zu dem Turnier, das immer kurz vor Beginn der R\u00fcckserie veranstaltet wird, Freunde der Tischtennis-Sparte zu einem gem\u00fctlichen Beisammensein im Rahmen eines Tischtennisturniers eingeladen.<\/p>\t\t\t\t\t\t\t\t<\/div>\n\t\t\t\t<\/div>\n\t\t\t\t<div class=\"elementor-element elementor-element-b6e92cd elementor-widget elementor-widget-image\" data-id=\"b6e92cd\" data-element_type=\"widget\" data-e-type=\"widget\" data-widget_type=\"image.default\">\n\t\t\t\t<div class=\"elementor-widget-container\">\n\t\t\t\t\t\t\t\t\t\t\t\t\t\t\t<img fetchpriority=\"high\" decoding=\"async\" width=\"633\" height=\"296\" src=\"https:\/\/asv-adelheidsdorf.de\/wp-content\/uploads\/2022\/08\/2761.jpeg\" class=\"attachment-large size-large wp-image-498\" alt=\"\" srcset=\"https:\/\/asv-adelheidsdorf.de\/wp-content\/uploads\/2022\/08\/2761.jpeg 633w, https:\/\/asv-adelheidsdorf.de\/wp-content\/uploads\/2022\/08\/2761-300x140.jpeg 300w\" sizes=\"(max-width: 633px) 100vw, 633px\" \/>\t\t\t\t\t\t\t\t\t\t\t\t\t\t\t<\/div>\n\t\t\t\t<\/div>\n\t\t\t\t<div class=\"elementor-element elementor-element-7183d42 elementor-widget elementor-widget-text-editor\" data-id=\"7183d42\" data-element_type=\"widget\" data-e-type=\"widget\" data-widget_type=\"text-editor.default\">\n\t\t\t\t<div class=\"elementor-widget-container\">\n\t\t\t\t\t\t\t\t\t<p>Um f\u00fcr einen gewissen Chancenausgleich unter den Spielern zu sorgen, bekamen die jeweils spielschw\u00e4cheren Spieler pro Satz eine festgelegte Punktevorgabe. Die insgesamt 26 Teilnehmer wurden zun\u00e4chst in f\u00fcnf Gruppen aufgeteilt. Aus jeder Gruppe konnten sich die jeweils ersten Drei f\u00fcr die Hauptrunde qualifizieren. Die dahinterliegenden Pl\u00e4tze spielten in einer \u201eTrostrunde\u201c ebenfalls einen Meister aus.<\/p><p>In feucht-fr\u00f6hlicher Atmosph\u00e4re setzten sich aber trotz der Vorgabe die favorisierten Spieler durch. So gab es in der KO-Runde im Hauptfeld bereits einige hochklassige Partien zu sehen. Die Regionallligaspielerin Annette Blazek vom TSV Watenb\u00fcttel konnte einen 0:2-R\u00fcckstand gegen Dominik Heuchert noch in einen 3:2-Sieg umm\u00fcnzen. Im Anschluss qualifierte sie sich \u00fcber einen Sieg gegen Lenny Kruschewski f\u00fcr das Halbfinale. Dort wartete vom gastgebenden Verein Spitzenspieler Christopher Wolf, der sich in zwei vereinsinternen Duellen gegen Tobias Schweizer und Sven Harms durchsetzen konnte. Im anderen Halbfinale trafen Titelverteidiger Florian Rogge von der SG Bomlitz-L\u00f6nsheide und ASV-Pressewart Torben Ziesler aufeinander. Ziesler schaltete bereits in den zwei Runden zuvor die Spieler Dirk Hamann und Manuel Puga aus Bomlitz aus. Rogge war zum Leid der G\u00e4ste der dritte Bomlitzer im Bunde, der Ziesler unterlegen war. Die zwei Punkte Vorgabe, die Ziesler erhielt, waren an diesem Tag f\u00fcr Rogge nicht aufzuholen. Durch den knappen 3:2-Sieg von Christopher Wolf \u00fcber Annette Blazek kam es erstmals in der Geschichte des Jakob Blazy Cups zu einem reinen Adelheidsdorfer Endspiel. Hier musste Wolf seinem Kontrahenten in jedem Satz einen Punkt vorgeben. Ziesler nutzte diesen Vorteil und gewann das Endspiel mit 11:3, 11:7, 10:12 und 11:9.<\/p><p>Die Trostrunde war insgesamt mit vielen Nachwuchsspielern besetzt. Am Ende setzte sich aber ASV-Routinier Andreas Lotze in diesem Feld durch. Im Halbfinale sah sich Lotze der weiblichen Nachwuchshoffnung des ASV, Kiana Hinze, gegen\u00fcber. Obwohl es Kiana gelang, dem Spieler der ersten Herrenmannschaft einen Satz abzunehmen, war sie in den anderen drei S\u00e4tzen jeweils mit 9:11 unterlegen. Lotzes Endspielgegner wurde in einer spannenden und spielstarken Begegnung zwischen ASV-Jungstar Marvin Fuhrberg und dem erst 9 Jahre alten Enno Ziesler vom VfL Westercelle ermittelt. Enno konnte einen 0:2-Satzr\u00fcckstand noch in einen 3:2-Sieg drehen, um im Anschluss das Finale gegen Andreas Lotze zu bestreiten. Hier ereilte Enno das gegenteilige Schicksal vom Halbfinale, denn er ging seinerseits mit 2:0-S\u00e4tzen in F\u00fchrung. Doch am Ende reichten die vier Punkte Vorsprung pro Satz gegen Lotze nicht aus. Denkbar knapp konnte Lotze den entscheidenden f\u00fcnften Satz mit 17:15 f\u00fcr sich verbuchen.<\/p>\t\t\t\t\t\t\t\t<\/div>\n\t\t\t\t<\/div>\n\t\t\t\t<section class=\"elementor-section elementor-inner-section elementor-element elementor-element-926a27f elementor-section-boxed elementor-section-height-default elementor-section-height-default\" data-id=\"926a27f\" data-element_type=\"section\" data-e-type=\"section\">\n\t\t\t\t\t\t<div class=\"elementor-container elementor-column-gap-default\">\n\t\t\t\t\t<div class=\"elementor-column elementor-col-50 elementor-inner-column elementor-element elementor-element-9a41b77\" data-id=\"9a41b77\" data-element_type=\"column\" data-e-type=\"column\">\n\t\t\t<div class=\"elementor-widget-wrap elementor-element-populated\">\n\t\t\t\t\t\t<div class=\"elementor-element elementor-element-28a8008 elementor-widget elementor-widget-image\" data-id=\"28a8008\" data-element_type=\"widget\" data-e-type=\"widget\" data-widget_type=\"image.default\">\n\t\t\t\t<div class=\"elementor-widget-container\">\n\t\t\t\t\t\t\t\t\t\t\t\t\t\t\t<img decoding=\"async\" width=\"310\" height=\"207\" src=\"https:\/\/asv-adelheidsdorf.de\/wp-content\/uploads\/2022\/08\/2762.jpeg\" class=\"attachment-large size-large wp-image-500\" alt=\"\" srcset=\"https:\/\/asv-adelheidsdorf.de\/wp-content\/uploads\/2022\/08\/2762.jpeg 310w, https:\/\/asv-adelheidsdorf.de\/wp-content\/uploads\/2022\/08\/2762-300x200.jpeg 300w\" sizes=\"(max-width: 310px) 100vw, 310px\" \/>\t\t\t\t\t\t\t\t\t\t\t\t\t\t\t<\/div>\n\t\t\t\t<\/div>\n\t\t\t\t<div class=\"elementor-element elementor-element-c0b451d elementor-widget elementor-widget-heading\" data-id=\"c0b451d\" data-element_type=\"widget\" data-e-type=\"widget\" data-widget_type=\"heading.default\">\n\t\t\t\t<div class=\"elementor-widget-container\">\n\t\t\t\t\t<h6 class=\"elementor-heading-title elementor-size-default\">Sieger der Hauptrunde<\/h6>\t\t\t\t<\/div>\n\t\t\t\t<\/div>\n\t\t\t\t\t<\/div>\n\t\t<\/div>\n\t\t\t\t<div class=\"elementor-column elementor-col-50 elementor-inner-column elementor-element elementor-element-3a11ec8\" data-id=\"3a11ec8\" data-element_type=\"column\" data-e-type=\"column\">\n\t\t\t<div class=\"elementor-widget-wrap elementor-element-populated\">\n\t\t\t\t\t\t<div class=\"elementor-element elementor-element-16d7fb5 elementor-widget elementor-widget-image\" data-id=\"16d7fb5\" data-element_type=\"widget\" data-e-type=\"widget\" data-widget_type=\"image.default\">\n\t\t\t\t<div class=\"elementor-widget-container\">\n\t\t\t\t\t\t\t\t\t\t\t\t\t\t\t<img decoding=\"async\" width=\"310\" height=\"207\" src=\"https:\/\/asv-adelheidsdorf.de\/wp-content\/uploads\/2022\/08\/2763.jpeg\" class=\"attachment-large size-large wp-image-501\" alt=\"\" srcset=\"https:\/\/asv-adelheidsdorf.de\/wp-content\/uploads\/2022\/08\/2763.jpeg 310w, https:\/\/asv-adelheidsdorf.de\/wp-content\/uploads\/2022\/08\/2763-300x200.jpeg 300w\" sizes=\"(max-width: 310px) 100vw, 310px\" \/>\t\t\t\t\t\t\t\t\t\t\t\t\t\t\t<\/div>\n\t\t\t\t<\/div>\n\t\t\t\t<div class=\"elementor-element elementor-element-61574ff elementor-widget elementor-widget-heading\" data-id=\"61574ff\" data-element_type=\"widget\" data-e-type=\"widget\" data-widget_type=\"heading.default\">\n\t\t\t\t<div class=\"elementor-widget-container\">\n\t\t\t\t\t<h6 class=\"elementor-heading-title elementor-size-default\">Sieger der Trostrunde<\/h6>\t\t\t\t<\/div>\n\t\t\t\t<\/div>\n\t\t\t\t\t<\/div>\n\t\t<\/div>\n\t\t\t\t\t<\/div>\n\t\t<\/section>\n\t\t\t\t<div class=\"elementor-element elementor-element-b5ee0d6 elementor-widget elementor-widget-text-editor\" data-id=\"b5ee0d6\" data-element_type=\"widget\" data-e-type=\"widget\" data-widget_type=\"text-editor.default\">\n\t\t\t\t<div class=\"elementor-widget-container\">\n\t\t\t\t\t\t\t\t\t<p>Allen G\u00e4sten stand wieder ein reichhaltiges Buffet und \u201eGetr\u00e4nke frei\u201c zur Verf\u00fcgung. Im Gegenzug erhofften sich die Gastgeber eine Spende zugunsten einer \u201eguten Sache\u201c. Alle zeigten sich in bester Spendierlaune und so kam mit 550,- Euro wieder eine stattliche Summe zustande. Die kommenden Wochen werden zeigen, zu welchem Zweck dieser Betrag genutzt werden wird. In den vergangenen zwei Jahren freute sich der Kindergarten in Gro\u00dfmoor \u00fcber drei Holzpferde und einen Entdecker-\/F\u00fchlpfad. Die leuchtenden Kinderaugen sind dem Veranstalter jedes Mal den Aufwand eines solchen Turniers wert. &#8230;und das alles im Sinne von Jakob Blazy, dem Namensgeber dieser Aktion!<\/p>\t\t\t\t\t\t\t\t<\/div>\n\t\t\t\t<\/div>\n\t\t\t\t<div class=\"elementor-element elementor-element-8d5b9f2 elementor-widget elementor-widget-image\" data-id=\"8d5b9f2\" data-element_type=\"widget\" data-e-type=\"widget\" data-widget_type=\"image.default\">\n\t\t\t\t<div class=\"elementor-widget-container\">\n\t\t\t\t\t\t\t\t\t\t\t\t\t\t\t<img loading=\"lazy\" decoding=\"async\" width=\"478\" height=\"214\" src=\"https:\/\/asv-adelheidsdorf.de\/wp-content\/uploads\/2022\/08\/3601.jpeg\" class=\"attachment-large size-large wp-image-502\" alt=\"\" srcset=\"https:\/\/asv-adelheidsdorf.de\/wp-content\/uploads\/2022\/08\/3601.jpeg 478w, https:\/\/asv-adelheidsdorf.de\/wp-content\/uploads\/2022\/08\/3601-300x134.jpeg 300w\" sizes=\"(max-width: 478px) 100vw, 478px\" \/>\t\t\t\t\t\t\t\t\t\t\t\t\t\t\t<\/div>\n\t\t\t\t<\/div>\n\t\t\t\t<div class=\"elementor-element elementor-element-fd4abbe elementor-widget elementor-widget-heading\" data-id=\"fd4abbe\" data-element_type=\"widget\" data-e-type=\"widget\" data-widget_type=\"heading.default\">\n\t\t\t\t<div class=\"elementor-widget-container\">\n\t\t\t\t\t<h6 class=\"elementor-heading-title elementor-size-default\">JBC-Sieger 2019: Torben Ziesler<\/h6>\t\t\t\t<\/div>\n\t\t\t\t<\/div>\n\t\t\t\t\t<\/div>\n\t\t<\/div>\n\t\t\t\t\t<\/div>\n\t\t<\/section>\n\t\t\t\t<\/div>\n\t\t","protected":false},"excerpt":{"rendered":"<p>Jakob Blazy Cup 2019 ASV-TT-Herren veranstalten Jakob Blazy Cup Tischtennis-Turnier in Gedenken an Jakob Blazy Bereits zum dritten Mal organisierte die erste Tischtennis-Herrenmannschaft des ASV Adelheidsdorf den \u201eJakob Blazy\u201c-Cup in Gedenken zum gleichnamigen, ehemaligen Spartenmitglied. Wie die Jahre zuvor wurden zu dem Turnier, das immer kurz vor Beginn der R\u00fcckserie veranstaltet wird, Freunde der Tischtennis-Sparte &hellip;<\/p>\n<p class=\"read-more\"> <a class=\"\" href=\"https:\/\/asv-adelheidsdorf.de\/index.php\/jakob-blazy-cup-2019\/\"> <span class=\"screen-reader-text\">Jakob Blazy Cup 2019<\/span> Weiterlesen &raquo;<\/a><\/p>\n","protected":false},"author":1,"featured_media":0,"parent":0,"menu_order":0,"comment_status":"closed","ping_status":"closed","template":"","meta":{"site-sidebar-layout":"no-sidebar","site-content-layout":"page-builder","ast-site-content-layout":"","site-content-style":"default","site-sidebar-style":"default","ast-global-header-display":"","ast-banner-title-visibility":"","ast-main-header-display":"","ast-hfb-above-header-display":"","ast-hfb-below-header-display":"","ast-hfb-mobile-header-display":"","site-post-title":"disabled","ast-breadcrumbs-content":"","ast-featured-img":"disabled","footer-sml-layout":"","theme-transparent-header-meta":"","adv-header-id-meta":"","stick-header-meta":"","header-above-stick-meta":"","header-main-stick-meta":"","header-below-stick-meta":"","astra-migrate-meta-layouts":"","footnotes":""},"class_list":["post-496","page","type-page","status-publish","hentry"],"_links":{"self":[{"href":"https:\/\/asv-adelheidsdorf.de\/index.php\/wp-json\/wp\/v2\/pages\/496","targetHints":{"allow":["GET"]}}],"collection":[{"href":"https:\/\/asv-adelheidsdorf.de\/index.php\/wp-json\/wp\/v2\/pages"}],"about":[{"href":"https:\/\/asv-adelheidsdorf.de\/index.php\/wp-json\/wp\/v2\/types\/page"}],"author":[{"embeddable":true,"href":"https:\/\/asv-adelheidsdorf.de\/index.php\/wp-json\/wp\/v2\/users\/1"}],"replies":[{"embeddable":true,"href":"https:\/\/asv-adelheidsdorf.de\/index.php\/wp-json\/wp\/v2\/comments?post=496"}],"version-history":[{"count":5,"href":"https:\/\/asv-adelheidsdorf.de\/index.php\/wp-json\/wp\/v2\/pages\/496\/revisions"}],"predecessor-version":[{"id":521,"href":"https:\/\/asv-adelheidsdorf.de\/index.php\/wp-json\/wp\/v2\/pages\/496\/revisions\/521"}],"wp:attachment":[{"href":"https:\/\/asv-adelheidsdorf.de\/index.php\/wp-json\/wp\/v2\/media?parent=496"}],"curies":[{"name":"wp","href":"https:\/\/api.w.org\/{rel}","templated":true}]}}