{"id":507,"date":"2022-08-23T09:16:12","date_gmt":"2022-08-23T09:16:12","guid":{"rendered":"https:\/\/elastic-morse.88-198-121-67.plesk.page\/?page_id=507"},"modified":"2022-08-23T09:31:41","modified_gmt":"2022-08-23T09:31:41","slug":"jakob-blazy-cup-2020","status":"publish","type":"page","link":"https:\/\/asv-adelheidsdorf.de\/index.php\/jakob-blazy-cup-2020\/","title":{"rendered":"Jakob Blazy Cup 2020"},"content":{"rendered":"\t\t<div data-elementor-type=\"wp-page\" data-elementor-id=\"507\" class=\"elementor elementor-507\">\n\t\t\t\t\t\t<section class=\"elementor-section elementor-top-section elementor-element elementor-element-50b0145e elementor-section-height-min-height elementor-section-boxed elementor-section-height-default elementor-section-items-middle\" data-id=\"50b0145e\" data-element_type=\"section\" data-e-type=\"section\" data-settings=\"{&quot;background_background&quot;:&quot;classic&quot;}\">\n\t\t\t\t\t\t\t<div class=\"elementor-background-overlay\"><\/div>\n\t\t\t\t\t\t\t<div class=\"elementor-container elementor-column-gap-default\">\n\t\t\t\t\t<div class=\"elementor-column elementor-col-100 elementor-top-column elementor-element elementor-element-25bfdf38\" data-id=\"25bfdf38\" data-element_type=\"column\" data-e-type=\"column\">\n\t\t\t<div class=\"elementor-widget-wrap elementor-element-populated\">\n\t\t\t\t\t\t<div class=\"elementor-element elementor-element-163da61d elementor-widget elementor-widget-heading\" data-id=\"163da61d\" data-element_type=\"widget\" data-e-type=\"widget\" data-widget_type=\"heading.default\">\n\t\t\t\t<div class=\"elementor-widget-container\">\n\t\t\t\t\t<h2 class=\"elementor-heading-title elementor-size-default\">Jakob Blazy Cup 2020<\/h2>\t\t\t\t<\/div>\n\t\t\t\t<\/div>\n\t\t\t\t\t<\/div>\n\t\t<\/div>\n\t\t\t\t\t<\/div>\n\t\t<\/section>\n\t\t\t\t<section class=\"elementor-section elementor-top-section elementor-element elementor-element-1b5c54 elementor-section-boxed elementor-section-height-default elementor-section-height-default\" data-id=\"1b5c54\" data-element_type=\"section\" data-e-type=\"section\">\n\t\t\t\t\t\t<div class=\"elementor-container elementor-column-gap-default\">\n\t\t\t\t\t<div class=\"elementor-column elementor-col-100 elementor-top-column elementor-element elementor-element-27d5b352\" data-id=\"27d5b352\" data-element_type=\"column\" data-e-type=\"column\">\n\t\t\t<div class=\"elementor-widget-wrap elementor-element-populated\">\n\t\t\t\t\t\t<div class=\"elementor-element elementor-element-2b8b17c6 elementor-widget elementor-widget-heading\" data-id=\"2b8b17c6\" data-element_type=\"widget\" data-e-type=\"widget\" data-widget_type=\"heading.default\">\n\t\t\t\t<div class=\"elementor-widget-container\">\n\t\t\t\t\t<h2 class=\"elementor-heading-title elementor-size-default\">Ein viertes Mal ein voller Erfolg: Der Jakob Blazy Cup der Tischtennissparte<\/h2>\t\t\t\t<\/div>\n\t\t\t\t<\/div>\n\t\t\t\t<div class=\"elementor-element elementor-element-d04ccba elementor-widget elementor-widget-heading\" data-id=\"d04ccba\" data-element_type=\"widget\" data-e-type=\"widget\" data-widget_type=\"heading.default\">\n\t\t\t\t<div class=\"elementor-widget-container\">\n\t\t\t\t\t<h6 class=\"elementor-heading-title elementor-size-default\">Tischtennis-Turnier in Gedenken an Jakob Blazy<\/h6>\t\t\t\t<\/div>\n\t\t\t\t<\/div>\n\t\t\t\t<div class=\"elementor-element elementor-element-39ee69d2 elementor-widget elementor-widget-text-editor\" data-id=\"39ee69d2\" data-element_type=\"widget\" data-e-type=\"widget\" data-widget_type=\"text-editor.default\">\n\t\t\t\t<div class=\"elementor-widget-container\">\n\t\t\t\t\t\t\t\t\t<p>Im Vorfeld der Veranstaltung hatte man noch mit einer zu geringen Beteiligung beim Jakob Blazy Cup gerechnet, weil bis kurz vor Schluss viele Anmeldungen von Teilnehmern der Vorjahre auf der Strecke blieben.<\/p><p>Am Ende wurde aber noch alles gut und das Turnier entwickelte zu einem der spannendsten der noch jungen JBC-Geschichte.<\/p><p>Insgesamt brachte man es dann doch noch auf 21 Teilnehmer. Von Anf\u00e4ngern bis hin zu Landesligaspielern war alles vertreten. Eingeteilt wurden alle in 3 Gruppen \u00e1 5 Spieler und eine Gruppe mit 6 Spielern.<\/p><p>Die jeweils 3 Gruppenbesten sollten sp\u00e4ter in der Hauptrunde im K.O.-System ihren Meister ausspielen, w\u00e4hrend die Dahinterplatzierten ebenfalls im K.O.-System einen Trostrundensieger ermittelten.<\/p>\t\t\t\t\t\t\t\t<\/div>\n\t\t\t\t<\/div>\n\t\t\t\t<div class=\"elementor-element elementor-element-6da6d1e elementor-widget elementor-widget-image\" data-id=\"6da6d1e\" data-element_type=\"widget\" data-e-type=\"widget\" data-widget_type=\"image.default\">\n\t\t\t\t<div class=\"elementor-widget-container\">\n\t\t\t\t\t\t\t\t\t\t\t\t\t\t\t<img fetchpriority=\"high\" decoding=\"async\" width=\"649\" height=\"260\" src=\"https:\/\/asv-adelheidsdorf.de\/wp-content\/uploads\/2022\/08\/3642.jpeg\" class=\"attachment-large size-large wp-image-509\" alt=\"\" srcset=\"https:\/\/asv-adelheidsdorf.de\/wp-content\/uploads\/2022\/08\/3642.jpeg 649w, https:\/\/asv-adelheidsdorf.de\/wp-content\/uploads\/2022\/08\/3642-300x120.jpeg 300w\" sizes=\"(max-width: 649px) 100vw, 649px\" \/>\t\t\t\t\t\t\t\t\t\t\t\t\t\t\t<\/div>\n\t\t\t\t<\/div>\n\t\t\t\t<div class=\"elementor-element elementor-element-fd4abbe elementor-widget elementor-widget-heading\" data-id=\"fd4abbe\" data-element_type=\"widget\" data-e-type=\"widget\" data-widget_type=\"heading.default\">\n\t\t\t\t<div class=\"elementor-widget-container\">\n\t\t\t\t\t<h6 class=\"elementor-heading-title elementor-size-default\">Alle Teilnehmer des Jakob Blazy Cups 2020<\/h6>\t\t\t\t<\/div>\n\t\t\t\t<\/div>\n\t\t\t\t<div class=\"elementor-element elementor-element-ef27d79 elementor-widget elementor-widget-text-editor\" data-id=\"ef27d79\" data-element_type=\"widget\" data-e-type=\"widget\" data-widget_type=\"text-editor.default\">\n\t\t\t\t<div class=\"elementor-widget-container\">\n\t\t\t\t\t\t\t\t\t<p><b>Gruppenspiele<\/b><br \/><span style=\"font-style: inherit; font-weight: inherit; color: var( --e-global-color-text ); font-family: var( --e-global-typography-text-font-family ), Sans-serif; background-color: var(--ast-global-color-5);\">Gruppe A wurde von Vorjahressieger Torben Ziesler dominiert und verwies den 2-fachen JBC-Sieger Florian Rogge auf den zweiten Platz. Gefolgt von Florian Hinze, Janis Schweizer und Frank Karpenstein auf den Pl\u00e4tzen 3 bis 5.<\/span><\/p><p><span style=\"font-style: inherit; font-weight: inherit; color: var( --e-global-color-text ); font-family: var( --e-global-typography-text-font-family ), Sans-serif; background-color: var(--ast-global-color-5);\">Gruppe B war eine klare Angelegenheit f\u00fcr Youngster Enno Ziesler, der insgesamt nur einen Satz verlor. Auf Platz 2 landete Christopher Wolf. Die R\u00e4nge 3 bis 5 belegten Nadine Hinze, Dirk Hamann und Dieter Hoppenstedt.<\/span><\/p><p><span style=\"font-style: inherit; font-weight: inherit; color: var( --e-global-color-text ); font-family: var( --e-global-typography-text-font-family ), Sans-serif; background-color: var(--ast-global-color-5);\">Gruppe C bescherte Dennis Vedder dank des besseren Satzverh\u00e4ltnisses den ersten Platz vor Tobias Schweizer. Kiana Hinze, Michael Siekmeier und Daniela Ziesler sahen sich auf den Pl\u00e4tzen 3 bis 5 wieder.<\/span><\/p><p><span style=\"font-style: inherit; font-weight: inherit; color: var( --e-global-color-text ); font-family: var( --e-global-typography-text-font-family ), Sans-serif; background-color: var(--ast-global-color-5);\">Gruppe D war mit einem Teilnehmer mehr zudem sehr spannend und ausgeglichen. Am Ende ergab es die Reihenfolge: 1. Stefan Blazek 2. Ben Ziesler 3. Sven Krumfus 4. Ulf Janke 5. Justin Hinze 6. Beate Saugeon.<\/span><\/p>\t\t\t\t\t\t\t\t<\/div>\n\t\t\t\t<\/div>\n\t\t\t\t<section class=\"elementor-section elementor-inner-section elementor-element elementor-element-79f6893 elementor-section-boxed elementor-section-height-default elementor-section-height-default\" data-id=\"79f6893\" data-element_type=\"section\" data-e-type=\"section\">\n\t\t\t\t\t\t<div class=\"elementor-container elementor-column-gap-default\">\n\t\t\t\t\t<div class=\"elementor-column elementor-col-50 elementor-inner-column elementor-element elementor-element-f9a9691\" data-id=\"f9a9691\" data-element_type=\"column\" data-e-type=\"column\">\n\t\t\t<div class=\"elementor-widget-wrap elementor-element-populated\">\n\t\t\t\t\t\t<div class=\"elementor-element elementor-element-dbaff25 elementor-widget elementor-widget-image\" data-id=\"dbaff25\" data-element_type=\"widget\" data-e-type=\"widget\" data-widget_type=\"image.default\">\n\t\t\t\t<div class=\"elementor-widget-container\">\n\t\t\t\t\t\t\t\t\t\t\t\t\t\t\t<img decoding=\"async\" width=\"339\" height=\"197\" src=\"https:\/\/asv-adelheidsdorf.de\/wp-content\/uploads\/2022\/08\/3643.jpeg\" class=\"attachment-large size-large wp-image-511\" alt=\"\" srcset=\"https:\/\/asv-adelheidsdorf.de\/wp-content\/uploads\/2022\/08\/3643.jpeg 339w, https:\/\/asv-adelheidsdorf.de\/wp-content\/uploads\/2022\/08\/3643-300x174.jpeg 300w\" sizes=\"(max-width: 339px) 100vw, 339px\" \/>\t\t\t\t\t\t\t\t\t\t\t\t\t\t\t<\/div>\n\t\t\t\t<\/div>\n\t\t\t\t<div class=\"elementor-element elementor-element-f81133a elementor-widget elementor-widget-heading\" data-id=\"f81133a\" data-element_type=\"widget\" data-e-type=\"widget\" data-widget_type=\"heading.default\">\n\t\t\t\t<div class=\"elementor-widget-container\">\n\t\t\t\t\t<h6 class=\"elementor-heading-title elementor-size-default\">Impressionen aus der Halle<\/h6>\t\t\t\t<\/div>\n\t\t\t\t<\/div>\n\t\t\t\t\t<\/div>\n\t\t<\/div>\n\t\t\t\t<div class=\"elementor-column elementor-col-50 elementor-inner-column elementor-element elementor-element-d92b1c8\" data-id=\"d92b1c8\" data-element_type=\"column\" data-e-type=\"column\">\n\t\t\t<div class=\"elementor-widget-wrap elementor-element-populated\">\n\t\t\t\t\t\t<div class=\"elementor-element elementor-element-5006931 elementor-widget elementor-widget-image\" data-id=\"5006931\" data-element_type=\"widget\" data-e-type=\"widget\" data-widget_type=\"image.default\">\n\t\t\t\t<div class=\"elementor-widget-container\">\n\t\t\t\t\t\t\t\t\t\t\t\t\t\t\t<img decoding=\"async\" width=\"320\" height=\"197\" src=\"https:\/\/asv-adelheidsdorf.de\/wp-content\/uploads\/2022\/08\/3641.jpeg\" class=\"attachment-large size-large wp-image-512\" alt=\"\" srcset=\"https:\/\/asv-adelheidsdorf.de\/wp-content\/uploads\/2022\/08\/3641.jpeg 320w, https:\/\/asv-adelheidsdorf.de\/wp-content\/uploads\/2022\/08\/3641-300x185.jpeg 300w\" sizes=\"(max-width: 320px) 100vw, 320px\" \/>\t\t\t\t\t\t\t\t\t\t\t\t\t\t\t<\/div>\n\t\t\t\t<\/div>\n\t\t\t\t<div class=\"elementor-element elementor-element-305e8c5 elementor-widget elementor-widget-heading\" data-id=\"305e8c5\" data-element_type=\"widget\" data-e-type=\"widget\" data-widget_type=\"heading.default\">\n\t\t\t\t<div class=\"elementor-widget-container\">\n\t\t\t\t\t<h6 class=\"elementor-heading-title elementor-size-default\">Turnierleitung Florian Meyer<\/h6>\t\t\t\t<\/div>\n\t\t\t\t<\/div>\n\t\t\t\t\t<\/div>\n\t\t<\/div>\n\t\t\t\t\t<\/div>\n\t\t<\/section>\n\t\t\t\t<div class=\"elementor-element elementor-element-b15706b elementor-widget elementor-widget-text-editor\" data-id=\"b15706b\" data-element_type=\"widget\" data-e-type=\"widget\" data-widget_type=\"text-editor.default\">\n\t\t\t\t<div class=\"elementor-widget-container\">\n\t\t\t\t\t\t\t\t\t<p><strong>Trostrunde<\/strong><br \/>In der Trostrunde k\u00e4mpften sich zwei erfahrene Spieler aus Bomlitz bis ins Halbfinale, um dort jeweils gegen Nachwuchskr\u00e4fte vom ASV anzutreten. So standen sich an einem Tisch Ulf Janke (Bomlitz) und Janis Schweizer (ASV) gegen\u00fcber, an dem anderen Tisch agierten Dirk Hamann (Bomlitz) und Justin Hinze (ASV).<br \/>Die beiden Bomlitzer wurden ihrer Favoritenrolle gerecht und gelangten relativ gefahrlos ins Finale.<br \/>Zum Sieger der Trostrunde wurde in einer einseitigen Partie Dirk Hamann gekr\u00f6nt.<\/p>\t\t\t\t\t\t\t\t<\/div>\n\t\t\t\t<\/div>\n\t\t\t\t<section class=\"elementor-section elementor-inner-section elementor-element elementor-element-39b0b08 elementor-section-boxed elementor-section-height-default elementor-section-height-default\" data-id=\"39b0b08\" data-element_type=\"section\" data-e-type=\"section\">\n\t\t\t\t\t\t<div class=\"elementor-container elementor-column-gap-default\">\n\t\t\t\t\t<div class=\"elementor-column elementor-col-50 elementor-inner-column elementor-element elementor-element-410802f\" data-id=\"410802f\" data-element_type=\"column\" data-e-type=\"column\">\n\t\t\t<div class=\"elementor-widget-wrap elementor-element-populated\">\n\t\t\t\t\t\t<div class=\"elementor-element elementor-element-53fdec5 elementor-widget elementor-widget-image\" data-id=\"53fdec5\" data-element_type=\"widget\" data-e-type=\"widget\" data-widget_type=\"image.default\">\n\t\t\t\t<div class=\"elementor-widget-container\">\n\t\t\t\t\t\t\t\t\t\t\t\t\t\t\t<img loading=\"lazy\" decoding=\"async\" width=\"314\" height=\"226\" src=\"https:\/\/asv-adelheidsdorf.de\/wp-content\/uploads\/2022\/08\/3644.jpeg\" class=\"attachment-large size-large wp-image-513\" alt=\"\" srcset=\"https:\/\/asv-adelheidsdorf.de\/wp-content\/uploads\/2022\/08\/3644.jpeg 314w, https:\/\/asv-adelheidsdorf.de\/wp-content\/uploads\/2022\/08\/3644-300x216.jpeg 300w\" sizes=\"(max-width: 314px) 100vw, 314px\" \/>\t\t\t\t\t\t\t\t\t\t\t\t\t\t\t<\/div>\n\t\t\t\t<\/div>\n\t\t\t\t<div class=\"elementor-element elementor-element-f76b07c elementor-widget elementor-widget-heading\" data-id=\"f76b07c\" data-element_type=\"widget\" data-e-type=\"widget\" data-widget_type=\"heading.default\">\n\t\t\t\t<div class=\"elementor-widget-container\">\n\t\t\t\t\t<h6 class=\"elementor-heading-title elementor-size-default\">Spielszene aus dem Trostrundenfinale<\/h6>\t\t\t\t<\/div>\n\t\t\t\t<\/div>\n\t\t\t\t\t<\/div>\n\t\t<\/div>\n\t\t\t\t<div class=\"elementor-column elementor-col-50 elementor-inner-column elementor-element elementor-element-7980e1b\" data-id=\"7980e1b\" data-element_type=\"column\" data-e-type=\"column\">\n\t\t\t<div class=\"elementor-widget-wrap elementor-element-populated\">\n\t\t\t\t\t\t<div class=\"elementor-element elementor-element-6104c3d elementor-widget elementor-widget-image\" data-id=\"6104c3d\" data-element_type=\"widget\" data-e-type=\"widget\" data-widget_type=\"image.default\">\n\t\t\t\t<div class=\"elementor-widget-container\">\n\t\t\t\t\t\t\t\t\t\t\t\t\t\t\t<img loading=\"lazy\" decoding=\"async\" width=\"325\" height=\"226\" src=\"https:\/\/asv-adelheidsdorf.de\/wp-content\/uploads\/2022\/08\/3645.jpeg\" class=\"attachment-large size-large wp-image-514\" alt=\"\" srcset=\"https:\/\/asv-adelheidsdorf.de\/wp-content\/uploads\/2022\/08\/3645.jpeg 325w, https:\/\/asv-adelheidsdorf.de\/wp-content\/uploads\/2022\/08\/3645-300x209.jpeg 300w\" sizes=\"(max-width: 325px) 100vw, 325px\" \/>\t\t\t\t\t\t\t\t\t\t\t\t\t\t\t<\/div>\n\t\t\t\t<\/div>\n\t\t\t\t<div class=\"elementor-element elementor-element-8411c33 elementor-widget elementor-widget-heading\" data-id=\"8411c33\" data-element_type=\"widget\" data-e-type=\"widget\" data-widget_type=\"heading.default\">\n\t\t\t\t<div class=\"elementor-widget-container\">\n\t\t\t\t\t<h6 class=\"elementor-heading-title elementor-size-default\">Spielszene aus dem Trostrundenfinale<\/h6>\t\t\t\t<\/div>\n\t\t\t\t<\/div>\n\t\t\t\t\t<\/div>\n\t\t<\/div>\n\t\t\t\t\t<\/div>\n\t\t<\/section>\n\t\t\t\t<div class=\"elementor-element elementor-element-a467958 elementor-widget elementor-widget-text-editor\" data-id=\"a467958\" data-element_type=\"widget\" data-e-type=\"widget\" data-widget_type=\"text-editor.default\">\n\t\t\t\t<div class=\"elementor-widget-container\">\n\t\t\t\t\t\t\t\t\t<p><strong>Hauptrunde<\/strong><br \/>Im Viertelfinale der Hauptrunde standen sich 4 Paarungen gegen\u00fcber, die jeweils aus einem Gruppenersten und einem Gruppenzweiten der Vorrunde bestanden.<\/p><p>Zur \u00dcberraschung aller &#8211; was auch zeigt, wie nah die Leistungsdichte im Hauptfeld beieinander lag &#8211; konnten sich alle Gruppenzweiten durchsetzen. So gewann Sven Krumfus in vier S\u00e4tzen gegen Enno Ziesler. Ebenfalls vier S\u00e4tze ben\u00f6tigte Florian Rogge beim Sieg \u00fcber Stefan Blazek. Das Vater-Sohn Duell von Torben Ziesler gegen Ben Ziesler konnte Youngster Ben mit 3:1 f\u00fcr sich entscheiden. Das umk\u00e4mpfteste Viertelfinale lieferten sich Christopher Wolf und Dennis Vedder, das Christopher mit 3:2 gewann.<\/p><p>Damit war \u201cBomber\u201d Wolf der letzte, verbliebene ASV-Akteur im Feld. Allerdings war auch f\u00fcr ihn mit 5:11, 9:11, 9:11 gegen Ben Ziesler Endstation. Im anderen reinen Bomlitz-Duell zwischen Sven Krumfus und Florian Rogge, konnte sich Letzterer ebenfalls in drei S\u00e4tzen durchsetzen.<\/p><p>Damit stand Florian bereits zum vierten Mal (also immer) beim Jakob Blazy Cup im Finale. Seine bislang einzige Final-Niederlage aus dem Jahr 2019 blieb am Ende weiterhin seine einzige, indem er sich gegen Ben Ziesler mit einem 3:1 den Sieg 2020 sicherte.<\/p>\t\t\t\t\t\t\t\t<\/div>\n\t\t\t\t<\/div>\n\t\t\t\t<div class=\"elementor-element elementor-element-b6b39d6 elementor-widget elementor-widget-image\" data-id=\"b6b39d6\" data-element_type=\"widget\" data-e-type=\"widget\" data-widget_type=\"image.default\">\n\t\t\t\t<div class=\"elementor-widget-container\">\n\t\t\t\t\t\t\t\t\t\t\t\t\t\t\t<img loading=\"lazy\" decoding=\"async\" width=\"651\" height=\"285\" src=\"https:\/\/asv-adelheidsdorf.de\/wp-content\/uploads\/2022\/08\/3640.jpeg\" class=\"attachment-large size-large wp-image-515\" alt=\"\" srcset=\"https:\/\/asv-adelheidsdorf.de\/wp-content\/uploads\/2022\/08\/3640.jpeg 651w, https:\/\/asv-adelheidsdorf.de\/wp-content\/uploads\/2022\/08\/3640-300x131.jpeg 300w\" sizes=\"(max-width: 651px) 100vw, 651px\" \/>\t\t\t\t\t\t\t\t\t\t\t\t\t\t\t<\/div>\n\t\t\t\t<\/div>\n\t\t\t\t<div class=\"elementor-element elementor-element-e748db8 elementor-widget elementor-widget-heading\" data-id=\"e748db8\" data-element_type=\"widget\" data-e-type=\"widget\" data-widget_type=\"heading.default\">\n\t\t\t\t<div class=\"elementor-widget-container\">\n\t\t\t\t\t<h6 class=\"elementor-heading-title elementor-size-default\">Spielszene aus dem Finale (mit dem R\u00fccken zur Kamera Florian Rogge, hinten Ben Ziesler)<\/h6>\t\t\t\t<\/div>\n\t\t\t\t<\/div>\n\t\t\t\t<section class=\"elementor-section elementor-inner-section elementor-element elementor-element-6d1f355 elementor-section-boxed elementor-section-height-default elementor-section-height-default\" data-id=\"6d1f355\" data-element_type=\"section\" data-e-type=\"section\">\n\t\t\t\t\t\t<div class=\"elementor-container elementor-column-gap-default\">\n\t\t\t\t\t<div class=\"elementor-column elementor-col-50 elementor-inner-column elementor-element elementor-element-b1a0f00\" data-id=\"b1a0f00\" data-element_type=\"column\" data-e-type=\"column\">\n\t\t\t<div class=\"elementor-widget-wrap elementor-element-populated\">\n\t\t\t\t\t\t<div class=\"elementor-element elementor-element-4cfa441 elementor-widget elementor-widget-image\" data-id=\"4cfa441\" data-element_type=\"widget\" data-e-type=\"widget\" data-widget_type=\"image.default\">\n\t\t\t\t<div class=\"elementor-widget-container\">\n\t\t\t\t\t\t\t\t\t\t\t\t\t\t\t<img loading=\"lazy\" decoding=\"async\" width=\"402\" height=\"269\" src=\"https:\/\/asv-adelheidsdorf.de\/wp-content\/uploads\/2022\/08\/3646.jpeg\" class=\"attachment-large size-large wp-image-516\" alt=\"\" srcset=\"https:\/\/asv-adelheidsdorf.de\/wp-content\/uploads\/2022\/08\/3646.jpeg 402w, https:\/\/asv-adelheidsdorf.de\/wp-content\/uploads\/2022\/08\/3646-300x201.jpeg 300w\" sizes=\"(max-width: 402px) 100vw, 402px\" \/>\t\t\t\t\t\t\t\t\t\t\t\t\t\t\t<\/div>\n\t\t\t\t<\/div>\n\t\t\t\t\t<\/div>\n\t\t<\/div>\n\t\t\t\t<div class=\"elementor-column elementor-col-50 elementor-inner-column elementor-element elementor-element-b59954b\" data-id=\"b59954b\" data-element_type=\"column\" data-e-type=\"column\">\n\t\t\t<div class=\"elementor-widget-wrap elementor-element-populated\">\n\t\t\t\t\t\t<div class=\"elementor-element elementor-element-74a09d3 elementor-widget elementor-widget-text-editor\" data-id=\"74a09d3\" data-element_type=\"widget\" data-e-type=\"widget\" data-widget_type=\"text-editor.default\">\n\t\t\t\t<div class=\"elementor-widget-container\">\n\t\t\t\t\t\t\t\t\t<p>&#8211; Siegerehrung der Hauptrunde &#8211;<br \/>von links:<br \/>Florian Rogge<br \/>Ben Ziesler<br \/>Sven Krumfus<br \/>Christopher Wolf<\/p>\t\t\t\t\t\t\t\t<\/div>\n\t\t\t\t<\/div>\n\t\t\t\t\t<\/div>\n\t\t<\/div>\n\t\t\t\t\t<\/div>\n\t\t<\/section>\n\t\t\t\t<div class=\"elementor-element elementor-element-54745d3 elementor-widget elementor-widget-text-editor\" data-id=\"54745d3\" data-element_type=\"widget\" data-e-type=\"widget\" data-widget_type=\"text-editor.default\">\n\t\t\t\t<div class=\"elementor-widget-container\">\n\t\t\t\t\t\t\t\t\t<p>WolfAm Ende waren sich wieder alle einig: Ein geniales Event mit viel Spa\u00df, gepaart mit richtig gutem Sport!<\/p><p>Nach intensivem Ausklang in der \u201cdritten Halbzeit\u201d kamen am Ende trotz der geringeren Teilnehmerzahl im Vergleich zu den Vorjahren wieder \u00fcber 500,- Euro an Spendengeldern f\u00fcr den Adelheidsdorfer Kindergarten zusammen! Man kann also sagen, dass jeder Teilnehmer im Schnitt ca. 25,- Euro gespendet hat. Enorm!!!<\/p><p>Danke an alle und bis zum n\u00e4chsten Mal!<\/p>\t\t\t\t\t\t\t\t<\/div>\n\t\t\t\t<\/div>\n\t\t\t\t\t<\/div>\n\t\t<\/div>\n\t\t\t\t\t<\/div>\n\t\t<\/section>\n\t\t\t\t<\/div>\n\t\t","protected":false},"excerpt":{"rendered":"<p>Jakob Blazy Cup 2020 Ein viertes Mal ein voller Erfolg: Der Jakob Blazy Cup der Tischtennissparte Tischtennis-Turnier in Gedenken an Jakob Blazy Im Vorfeld der Veranstaltung hatte man noch mit einer zu geringen Beteiligung beim Jakob Blazy Cup gerechnet, weil bis kurz vor Schluss viele Anmeldungen von Teilnehmern der Vorjahre auf der Strecke blieben. Am &hellip;<\/p>\n<p class=\"read-more\"> <a class=\"\" href=\"https:\/\/asv-adelheidsdorf.de\/index.php\/jakob-blazy-cup-2020\/\"> <span class=\"screen-reader-text\">Jakob Blazy Cup 2020<\/span> Weiterlesen &raquo;<\/a><\/p>\n","protected":false},"author":1,"featured_media":0,"parent":0,"menu_order":0,"comment_status":"closed","ping_status":"closed","template":"","meta":{"site-sidebar-layout":"no-sidebar","site-content-layout":"page-builder","ast-site-content-layout":"","site-content-style":"default","site-sidebar-style":"default","ast-global-header-display":"","ast-banner-title-visibility":"","ast-main-header-display":"","ast-hfb-above-header-display":"","ast-hfb-below-header-display":"","ast-hfb-mobile-header-display":"","site-post-title":"disabled","ast-breadcrumbs-content":"","ast-featured-img":"disabled","footer-sml-layout":"","theme-transparent-header-meta":"","adv-header-id-meta":"","stick-header-meta":"","header-above-stick-meta":"","header-main-stick-meta":"","header-below-stick-meta":"","astra-migrate-meta-layouts":"","footnotes":""},"class_list":["post-507","page","type-page","status-publish","hentry"],"_links":{"self":[{"href":"https:\/\/asv-adelheidsdorf.de\/index.php\/wp-json\/wp\/v2\/pages\/507","targetHints":{"allow":["GET"]}}],"collection":[{"href":"https:\/\/asv-adelheidsdorf.de\/index.php\/wp-json\/wp\/v2\/pages"}],"about":[{"href":"https:\/\/asv-adelheidsdorf.de\/index.php\/wp-json\/wp\/v2\/types\/page"}],"author":[{"embeddable":true,"href":"https:\/\/asv-adelheidsdorf.de\/index.php\/wp-json\/wp\/v2\/users\/1"}],"replies":[{"embeddable":true,"href":"https:\/\/asv-adelheidsdorf.de\/index.php\/wp-json\/wp\/v2\/comments?post=507"}],"version-history":[{"count":5,"href":"https:\/\/asv-adelheidsdorf.de\/index.php\/wp-json\/wp\/v2\/pages\/507\/revisions"}],"predecessor-version":[{"id":522,"href":"https:\/\/asv-adelheidsdorf.de\/index.php\/wp-json\/wp\/v2\/pages\/507\/revisions\/522"}],"wp:attachment":[{"href":"https:\/\/asv-adelheidsdorf.de\/index.php\/wp-json\/wp\/v2\/media?parent=507"}],"curies":[{"name":"wp","href":"https:\/\/api.w.org\/{rel}","templated":true}]}}