{"id":55,"date":"2022-07-25T12:23:35","date_gmt":"2022-07-25T12:23:35","guid":{"rendered":"https:\/\/elastic-morse.88-198-121-67.plesk.page\/?page_id=55"},"modified":"2024-03-10T20:47:13","modified_gmt":"2024-03-10T19:47:13","slug":"impressum","status":"publish","type":"page","link":"https:\/\/asv-adelheidsdorf.de\/index.php\/impressum\/","title":{"rendered":"Impressum"},"content":{"rendered":"\t\t<div data-elementor-type=\"wp-page\" data-elementor-id=\"55\" class=\"elementor elementor-55\">\n\t\t\t\t\t\t<section class=\"elementor-section elementor-top-section elementor-element elementor-element-f0efa04 elementor-section-boxed elementor-section-height-default elementor-section-height-default\" data-id=\"f0efa04\" data-element_type=\"section\" data-e-type=\"section\">\n\t\t\t\t\t\t<div class=\"elementor-container elementor-column-gap-default\">\n\t\t\t\t\t<div class=\"elementor-column elementor-col-100 elementor-top-column elementor-element elementor-element-3735a60\" data-id=\"3735a60\" data-element_type=\"column\" data-e-type=\"column\">\n\t\t\t<div class=\"elementor-widget-wrap elementor-element-populated\">\n\t\t\t\t\t\t<div class=\"elementor-element elementor-element-1929bdb elementor-widget elementor-widget-text-editor\" data-id=\"1929bdb\" data-element_type=\"widget\" data-e-type=\"widget\" data-widget_type=\"text-editor.default\">\n\t\t\t\t<div class=\"elementor-widget-container\">\n\t\t\t\t\t\t\t\t\t<p style=\"padding-left: 40px;\"><b>ASV Adelheidsdorf von 1969 e.V.<br><\/b><span style=\"background-color: var(--ast-global-color-5);\">Schulstra\u00dfe<span style=\"color: var( --e-global-color-text ); font-style: inherit;\">&nbsp;3<\/span><br><\/span><span style=\"font-style: inherit; font-weight: inherit; color: var( --e-global-color-text ); background-color: var(--ast-global-color-5);\">29352 Adelheidsdorf<br><\/span><span style=\"font-style: inherit; font-weight: inherit; color: var( --e-global-color-text ); background-color: var(--ast-global-color-5);\">info@asv-adelheidsdorf.de<\/span><\/p>\n<p><span style=\"font-weight: 400;\">Vereinsnummer gem. Vereinsregister: VR 100171<\/span><\/p>\n<p><span style=\"font-weight: 400;\">Der ASV Adelheidsdorf e. V. ist vom Finanzamt Celle&nbsp; unter der Steuernummer 17\/204\/03381 als gemeinn\u00fctzig <\/span><span style=\"font-weight: 400;\">anerkannt.<\/span><\/p>\n<p>Bankverbindung: IBAN: DE03 2695 1311 0000 1507 71 BIC: NOLADE21GFW (Sparkasse Celle-Gifhorn-Wolfsburg)<span style=\"font-weight: 400;\"><br><\/span><\/p>\n<p><span style=\"font-weight: 400;\">Vorstand:<\/span><\/p>\n<p><span style=\"font-weight: 400;\">1. Vorsitzender: Alexander Range<br><\/span><span style=\"font-size: 16px; font-weight: 400;\">2. Vorsitzender: Niko Rickens<br><\/span><span style=\"font-weight: 400;\">1. Kassenwartin: Robert Hecker<br><\/span><span style=\"font-weight: 400;\">1. Sportwart: Lars Ehrhardt<br><\/span><span style=\"font-size: 16px; font-weight: 400;\">1. Schriftwart: Torsten Vaupel<\/span><\/p>\n<p><span style=\"font-weight: 400;\">Vorstand im Sinne des \u00a7 26 BGB ist der 1. Vorsitzende allein oder der 2. Vorsitzende gemeinsam mit dem 1.<\/span><span style=\"font-style: inherit; color: var( --e-global-color-text ); background-color: var(--ast-global-color-5);\">Kassenwart, dem 1. Schriftf\u00fchrer oder dem 1. Sportwart<\/span><\/p>\n<p><b>Links zu anderen Websites<br><\/b><span style=\"font-weight: 400;\">Unser Online-Angebot enth\u00e4lt Links zu anderen Websites. Wir haben keinen Einfluss darauf, dass deren <\/span><span style=\"font-weight: 400;\">Betreiber die Datenschutzbestimmungen einhalten. Wir sind als Anbieter f\u00fcr eigene Inhalte nach den <\/span><span style=\"font-weight: 400;\">allgemeinen Gesetzen verantwortlich. Von diesen eigenen Inhalten sind unter Umst\u00e4nden Links auf die <\/span><span style=\"font-weight: 400;\">von anderen Anbietern bereitgehaltenen Inhalte zu unterscheiden. F\u00fcr fremde Inhalte, die \u00fcber Links <\/span><span style=\"font-weight: 400;\">zur Nutzung bereitgestellt werden, \u00fcbernehmen wir keine Verantwortung und machen uns deren Inhalt <\/span><span style=\"font-weight: 400;\">nicht zu Eigen. F\u00fcr illegale, fehlerhafte oder unvollst\u00e4ndige Inhalte sowie f\u00fcr Sch\u00e4den, die durch die <\/span><span style=\"font-weight: 400;\">Nutzung oder Nichtnutzung der Informationen entstehen, haftet allein der Anbieter der Website, auf <\/span><span style=\"font-weight: 400;\">die verwiesen wurde. F\u00fcr fremde Hinweise ist der ASV Adelheidsdorf nur dann verantwortlich, wenn er <\/span><span style=\"font-weight: 400;\">von ihnen, das hei\u00dft auch von einem eventuellen rechtswidrigen bzw. strafbaren Inhalt, positive <\/span><span style=\"font-weight: 400;\">Kenntnis hat, und es technisch m\u00f6glich und zumutbar ist, deren Nutzung zu verhindern.<\/span><\/p>\t\t\t\t\t\t\t\t<\/div>\n\t\t\t\t<\/div>\n\t\t\t\t\t<\/div>\n\t\t<\/div>\n\t\t\t\t\t<\/div>\n\t\t<\/section>\n\t\t\t\t<\/div>\n\t\t","protected":false},"excerpt":{"rendered":"<p>ASV Adelheidsdorf von 1969 e.V.Schulstra\u00dfe&nbsp;329352 Adelheidsdorfinfo@asv-adelheidsdorf.de Vereinsnummer gem. Vereinsregister: VR 100171 Der ASV Adelheidsdorf e. V. ist vom Finanzamt Celle&nbsp; unter der Steuernummer 17\/204\/03381 als gemeinn\u00fctzig anerkannt. Bankverbindung: IBAN: DE03 2695 1311 0000 1507 71 BIC: NOLADE21GFW (Sparkasse Celle-Gifhorn-Wolfsburg) Vorstand: 1. Vorsitzender: Alexander Range2. Vorsitzender: Niko Rickens1. Kassenwartin: Robert Hecker1. Sportwart: Lars Ehrhardt1. Schriftwart: Torsten &hellip;<\/p>\n<p class=\"read-more\"> <a class=\"\" href=\"https:\/\/asv-adelheidsdorf.de\/index.php\/impressum\/\"> <span class=\"screen-reader-text\">Impressum<\/span> Weiterlesen &raquo;<\/a><\/p>\n","protected":false},"author":1,"featured_media":0,"parent":0,"menu_order":0,"comment_status":"closed","ping_status":"closed","template":"","meta":{"site-sidebar-layout":"no-sidebar","site-content-layout":"page-builder","ast-site-content-layout":"","site-content-style":"default","site-sidebar-style":"default","ast-global-header-display":"","ast-banner-title-visibility":"","ast-main-header-display":"","ast-hfb-above-header-display":"","ast-hfb-below-header-display":"","ast-hfb-mobile-header-display":"","site-post-title":"disabled","ast-breadcrumbs-content":"","ast-featured-img":"disabled","footer-sml-layout":"","theme-transparent-header-meta":"","adv-header-id-meta":"","stick-header-meta":"","header-above-stick-meta":"","header-main-stick-meta":"","header-below-stick-meta":"","astra-migrate-meta-layouts":"","footnotes":""},"class_list":["post-55","page","type-page","status-publish","hentry"],"_links":{"self":[{"href":"https:\/\/asv-adelheidsdorf.de\/index.php\/wp-json\/wp\/v2\/pages\/55","targetHints":{"allow":["GET"]}}],"collection":[{"href":"https:\/\/asv-adelheidsdorf.de\/index.php\/wp-json\/wp\/v2\/pages"}],"about":[{"href":"https:\/\/asv-adelheidsdorf.de\/index.php\/wp-json\/wp\/v2\/types\/page"}],"author":[{"embeddable":true,"href":"https:\/\/asv-adelheidsdorf.de\/index.php\/wp-json\/wp\/v2\/users\/1"}],"replies":[{"embeddable":true,"href":"https:\/\/asv-adelheidsdorf.de\/index.php\/wp-json\/wp\/v2\/comments?post=55"}],"version-history":[{"count":34,"href":"https:\/\/asv-adelheidsdorf.de\/index.php\/wp-json\/wp\/v2\/pages\/55\/revisions"}],"predecessor-version":[{"id":2397,"href":"https:\/\/asv-adelheidsdorf.de\/index.php\/wp-json\/wp\/v2\/pages\/55\/revisions\/2397"}],"wp:attachment":[{"href":"https:\/\/asv-adelheidsdorf.de\/index.php\/wp-json\/wp\/v2\/media?parent=55"}],"curies":[{"name":"wp","href":"https:\/\/api.w.org\/{rel}","templated":true}]}}