{"id":70,"date":"2022-07-25T12:27:43","date_gmt":"2022-07-25T12:27:43","guid":{"rendered":"https:\/\/elastic-morse.88-198-121-67.plesk.page\/?page_id=70"},"modified":"2023-04-15T12:12:32","modified_gmt":"2023-04-15T10:12:32","slug":"darts","status":"publish","type":"page","link":"https:\/\/asv-adelheidsdorf.de\/index.php\/darts\/","title":{"rendered":"Darts"},"content":{"rendered":"\t\t<div data-elementor-type=\"wp-page\" data-elementor-id=\"70\" class=\"elementor elementor-70\">\n\t\t\t\t\t\t<section class=\"elementor-section elementor-top-section elementor-element elementor-element-102939aa elementor-section-height-min-height elementor-section-boxed elementor-section-height-default elementor-section-items-middle\" data-id=\"102939aa\" data-element_type=\"section\" data-e-type=\"section\" data-settings=\"{&quot;background_background&quot;:&quot;classic&quot;}\">\n\t\t\t\t\t\t\t<div class=\"elementor-background-overlay\"><\/div>\n\t\t\t\t\t\t\t<div class=\"elementor-container elementor-column-gap-default\">\n\t\t\t\t\t<div class=\"elementor-column elementor-col-100 elementor-top-column elementor-element elementor-element-4b67f436\" data-id=\"4b67f436\" data-element_type=\"column\" data-e-type=\"column\">\n\t\t\t<div class=\"elementor-widget-wrap elementor-element-populated\">\n\t\t\t\t\t\t<div class=\"elementor-element elementor-element-299c795f elementor-widget elementor-widget-heading\" data-id=\"299c795f\" data-element_type=\"widget\" data-e-type=\"widget\" data-widget_type=\"heading.default\">\n\t\t\t\t<div class=\"elementor-widget-container\">\n\t\t\t\t\t<h2 class=\"elementor-heading-title elementor-size-default\">Darts<\/h2>\t\t\t\t<\/div>\n\t\t\t\t<\/div>\n\t\t\t\t<div class=\"elementor-element elementor-element-0296cff elementor-widget elementor-widget-heading\" data-id=\"0296cff\" data-element_type=\"widget\" data-e-type=\"widget\" data-widget_type=\"heading.default\">\n\t\t\t\t<div class=\"elementor-widget-container\">\n\t\t\t\t\t<h3 class=\"elementor-heading-title elementor-size-default\">Kostenfreies Schnuppern in allen Sparten! Jederzeit!<\/h3>\t\t\t\t<\/div>\n\t\t\t\t<\/div>\n\t\t\t\t\t<\/div>\n\t\t<\/div>\n\t\t\t\t\t<\/div>\n\t\t<\/section>\n\t\t\t\t<section class=\"elementor-section elementor-top-section elementor-element elementor-element-7842a3ca elementor-section-boxed elementor-section-height-default elementor-section-height-default\" data-id=\"7842a3ca\" data-element_type=\"section\" data-e-type=\"section\">\n\t\t\t\t\t\t<div class=\"elementor-container elementor-column-gap-default\">\n\t\t\t\t\t<div class=\"elementor-column elementor-col-50 elementor-top-column elementor-element elementor-element-48176fcb\" data-id=\"48176fcb\" data-element_type=\"column\" data-e-type=\"column\">\n\t\t\t<div class=\"elementor-widget-wrap elementor-element-populated\">\n\t\t\t\t\t\t<div class=\"elementor-element elementor-element-6addf7ec elementor-widget elementor-widget-image\" data-id=\"6addf7ec\" data-element_type=\"widget\" data-e-type=\"widget\" data-widget_type=\"image.default\">\n\t\t\t\t<div class=\"elementor-widget-container\">\n\t\t\t\t\t\t\t\t\t\t\t\t\t\t\t<img fetchpriority=\"high\" decoding=\"async\" width=\"1024\" height=\"576\" src=\"https:\/\/asv-adelheidsdorf.de\/wp-content\/uploads\/2023\/04\/ASV-Dart_2023-1024x576.jpg\" class=\"attachment-large size-large wp-image-2016\" alt=\"\" srcset=\"https:\/\/asv-adelheidsdorf.de\/wp-content\/uploads\/2023\/04\/ASV-Dart_2023-1024x576.jpg 1024w, https:\/\/asv-adelheidsdorf.de\/wp-content\/uploads\/2023\/04\/ASV-Dart_2023-300x169.jpg 300w, https:\/\/asv-adelheidsdorf.de\/wp-content\/uploads\/2023\/04\/ASV-Dart_2023-768x432.jpg 768w, https:\/\/asv-adelheidsdorf.de\/wp-content\/uploads\/2023\/04\/ASV-Dart_2023-1536x864.jpg 1536w, https:\/\/asv-adelheidsdorf.de\/wp-content\/uploads\/2023\/04\/ASV-Dart_2023-600x338.jpg 600w, https:\/\/asv-adelheidsdorf.de\/wp-content\/uploads\/2023\/04\/ASV-Dart_2023-1154x649.jpg 1154w, https:\/\/asv-adelheidsdorf.de\/wp-content\/uploads\/2023\/04\/ASV-Dart_2023.jpg 1920w\" sizes=\"(max-width: 1024px) 100vw, 1024px\" \/>\t\t\t\t\t\t\t\t\t\t\t\t\t\t\t<\/div>\n\t\t\t\t<\/div>\n\t\t\t\t\t<\/div>\n\t\t<\/div>\n\t\t\t\t<div class=\"elementor-column elementor-col-50 elementor-top-column elementor-element elementor-element-5a18a7\" data-id=\"5a18a7\" data-element_type=\"column\" data-e-type=\"column\">\n\t\t\t<div class=\"elementor-widget-wrap elementor-element-populated\">\n\t\t\t\t\t\t<div class=\"elementor-element elementor-element-54cfd89e elementor-widget elementor-widget-text-editor\" data-id=\"54cfd89e\" data-element_type=\"widget\" data-e-type=\"widget\" data-widget_type=\"text-editor.default\">\n\t\t\t\t<div class=\"elementor-widget-container\">\n\t\t\t\t\t\t\t\t\t<p><strong>Wann:<\/strong> mittwochs &amp; freitags, ab 19:00 Uhr<br \/><strong>Wo: <\/strong>Begegnungsst\u00e4tte Adelheidsdorf<br \/><strong>Wer:<\/strong> ab 16 Jahre<br \/><strong>Ansprechpartner:<\/strong> Stephanie Hinz<br \/><strong>E-Mail:<\/strong> stephanie.hinz@asv-adelheidsdorf.de<br \/><strong>Tel:<\/strong> 05141-82649<\/p>\t\t\t\t\t\t\t\t<\/div>\n\t\t\t\t<\/div>\n\t\t\t\t\t<\/div>\n\t\t<\/div>\n\t\t\t\t\t<\/div>\n\t\t<\/section>\n\t\t\t\t<section class=\"elementor-section elementor-top-section elementor-element elementor-element-2203ed60 elementor-section-boxed elementor-section-height-default elementor-section-height-default\" data-id=\"2203ed60\" data-element_type=\"section\" data-e-type=\"section\">\n\t\t\t\t\t\t<div class=\"elementor-container elementor-column-gap-default\">\n\t\t\t\t\t<div class=\"elementor-column elementor-col-100 elementor-top-column elementor-element elementor-element-583c35f8\" data-id=\"583c35f8\" data-element_type=\"column\" data-e-type=\"column\">\n\t\t\t<div class=\"elementor-widget-wrap elementor-element-populated\">\n\t\t\t\t\t\t<div class=\"elementor-element elementor-element-3c7344b2 elementor-widget elementor-widget-text-editor\" data-id=\"3c7344b2\" data-element_type=\"widget\" data-e-type=\"widget\" data-widget_type=\"text-editor.default\">\n\t\t\t\t<div class=\"elementor-widget-container\">\n\t\t\t\t\t\t\t\t\t<p><strong>\u201c\u2026 und wer wei\u00df, vielleicht darten wir einmal !?\u201c<\/strong> diese Worte, gesprochen von Timo Wei\u00dfenstein in seiner Begr\u00fc\u00dfungsrede anl\u00e4sslich des 50-j\u00e4hrigen ASV Jubil\u00e4ums, erreichten das Ohr einer engagierten Zuh\u00f6rerin. Stephanie Hinz lie\u00df noch w\u00e4hrend der Veranstaltung in Gedanken Bilder und Pl\u00e4ne entstehen und sah eine Dart-Sparte bereits als neuen Bestandteil des ASV Sportangebotes vor Augen. So schnell ging es dann doch nicht, eines jedoch blieb: Die Begeisterung f\u00fcr \u201cDarts beim ASV\u201c. Neben der Onlinerecherche gab es in den n\u00e4chsten Monaten Besuche bei verschiedenen Dart-Clubs der Region. Es wurden umfangreiche Informationen \u00fcber die notwendige Ausstattungen, das ben\u00f6tigte Material sowie vorhandene Erfahrungen beim Betreuen und Leiten einer solchen Sparte zusammengetragen.Mit den neuen Erkenntnissen, gemischt mit einer Vielzahl an eigenen Ideen, folgten weitere Gespr\u00e4che mit dem ASV Vorstand. Es begann die Suche nach ersten Interessenten &#8211; die schnell gewonnen werden konnten. Aufgaben wurden definiert und verteilt. Der offiziellen Spartengr\u00fcndung stand somit nichts mehr im Weg.<\/p><p><strong>Zuk\u00fcnftig wird im ASV Adelheidsdorf Steel-Darts gespielt !<\/strong><\/p><p>Darts ist ein geselliger Sport, erfunden in englischen Pubs um 1900. Bereits 1937 er\u00f6ffnete \u201cQueen Mum\u201c die Londoner Stadtmeisterschaft mit 300.000 Teilnehmern und sp\u00e4testens zu diesem Zeitpunkt, war der Ehrgeiz vieler Spieler geweckt und der Dart-Sport offiziell in der Gesellschaft angekommen. Mehr und mehr verlagerte sich das Spiel um das Ringen nach der \u201c180\u201c aus den Pubs heraus, in eigene Trainingsst\u00e4tten. Der sportliche Ehrgeiz und Wettstreit stand nun mehr im Mittelpunkt.Auch die Wahl der Trainingsr\u00e4umlichkeiten fiel dem Vereinsvorstand leicht &#8211; mit dem Bau der neuen Begegnungsst\u00e4tte Adelheidsdorf gibt es optimale M\u00f6glichkeiten. Mit der Fertigstellung der neuen R\u00e4umlichkeiten m\u00f6chte der ASV Adelheidsdorf seinen Mitgliedern und Freunden einen Ort bieten, wo Geselligkeit und sportliche Ambitionen rund um den Dart-Sport ausge\u00fcbt werden k\u00f6nnen.<\/p><p>Und sobald wir alle wieder eine gewisse Normalit\u00e4t zur\u00fcckgewonnen haben, wird zum Start der neuen Dart-Sparte ein Er\u00f6ffnungsturnier f\u00fcr alle Neugierigen stattfinden. Hierzu werden weder \u201cQueen Mum\u201c noch 300.000 Teilnehmer erwartet, jedoch freuen wir uns bereits jetzt auf jeden Interessierten, der sich auch schon einmal die Frage gestellt hat: <strong>\u201c\u2026 und wer wei\u00df, vielleicht darte ich einmal !?\u201c<\/strong><\/p>\t\t\t\t\t\t\t\t<\/div>\n\t\t\t\t<\/div>\n\t\t\t\t\t<\/div>\n\t\t<\/div>\n\t\t\t\t\t<\/div>\n\t\t<\/section>\n\t\t\t\t<\/div>\n\t\t","protected":false},"excerpt":{"rendered":"<p>Darts Kostenfreies Schnuppern in allen Sparten! Jederzeit! Wann: mittwochs &amp; freitags, ab 19:00 UhrWo: Begegnungsst\u00e4tte AdelheidsdorfWer: ab 16 JahreAnsprechpartner: Stephanie HinzE-Mail: stephanie.hinz@asv-adelheidsdorf.deTel: 05141-82649 \u201c\u2026 und wer wei\u00df, vielleicht darten wir einmal !?\u201c diese Worte, gesprochen von Timo Wei\u00dfenstein in seiner Begr\u00fc\u00dfungsrede anl\u00e4sslich des 50-j\u00e4hrigen ASV Jubil\u00e4ums, erreichten das Ohr einer engagierten Zuh\u00f6rerin. Stephanie Hinz lie\u00df &hellip;<\/p>\n<p class=\"read-more\"> <a class=\"\" href=\"https:\/\/asv-adelheidsdorf.de\/index.php\/darts\/\"> <span class=\"screen-reader-text\">Darts<\/span> Weiterlesen &raquo;<\/a><\/p>\n","protected":false},"author":1,"featured_media":0,"parent":0,"menu_order":0,"comment_status":"closed","ping_status":"closed","template":"","meta":{"site-sidebar-layout":"no-sidebar","site-content-layout":"page-builder","ast-site-content-layout":"","site-content-style":"default","site-sidebar-style":"default","ast-global-header-display":"","ast-banner-title-visibility":"","ast-main-header-display":"","ast-hfb-above-header-display":"","ast-hfb-below-header-display":"","ast-hfb-mobile-header-display":"","site-post-title":"disabled","ast-breadcrumbs-content":"","ast-featured-img":"disabled","footer-sml-layout":"","theme-transparent-header-meta":"","adv-header-id-meta":"","stick-header-meta":"","header-above-stick-meta":"","header-main-stick-meta":"","header-below-stick-meta":"","astra-migrate-meta-layouts":"","footnotes":""},"class_list":["post-70","page","type-page","status-publish","hentry"],"_links":{"self":[{"href":"https:\/\/asv-adelheidsdorf.de\/index.php\/wp-json\/wp\/v2\/pages\/70","targetHints":{"allow":["GET"]}}],"collection":[{"href":"https:\/\/asv-adelheidsdorf.de\/index.php\/wp-json\/wp\/v2\/pages"}],"about":[{"href":"https:\/\/asv-adelheidsdorf.de\/index.php\/wp-json\/wp\/v2\/types\/page"}],"author":[{"embeddable":true,"href":"https:\/\/asv-adelheidsdorf.de\/index.php\/wp-json\/wp\/v2\/users\/1"}],"replies":[{"embeddable":true,"href":"https:\/\/asv-adelheidsdorf.de\/index.php\/wp-json\/wp\/v2\/comments?post=70"}],"version-history":[{"count":25,"href":"https:\/\/asv-adelheidsdorf.de\/index.php\/wp-json\/wp\/v2\/pages\/70\/revisions"}],"predecessor-version":[{"id":2020,"href":"https:\/\/asv-adelheidsdorf.de\/index.php\/wp-json\/wp\/v2\/pages\/70\/revisions\/2020"}],"wp:attachment":[{"href":"https:\/\/asv-adelheidsdorf.de\/index.php\/wp-json\/wp\/v2\/media?parent=70"}],"curies":[{"name":"wp","href":"https:\/\/api.w.org\/{rel}","templated":true}]}}