{"id":73,"date":"2022-07-25T12:28:01","date_gmt":"2022-07-25T12:28:01","guid":{"rendered":"https:\/\/elastic-morse.88-198-121-67.plesk.page\/?page_id=73"},"modified":"2023-11-28T21:00:49","modified_gmt":"2023-11-28T20:00:49","slug":"gymnastik","status":"publish","type":"page","link":"https:\/\/asv-adelheidsdorf.de\/index.php\/gymnastik\/","title":{"rendered":"Damen-Gymnastik"},"content":{"rendered":"\t\t<div data-elementor-type=\"wp-page\" data-elementor-id=\"73\" class=\"elementor elementor-73\">\n\t\t\t\t\t\t<section class=\"elementor-section elementor-top-section elementor-element elementor-element-31ff6338 elementor-section-height-min-height elementor-section-boxed elementor-section-height-default elementor-section-items-middle\" data-id=\"31ff6338\" data-element_type=\"section\" data-e-type=\"section\" data-settings=\"{&quot;background_background&quot;:&quot;classic&quot;}\">\n\t\t\t\t\t\t\t<div class=\"elementor-background-overlay\"><\/div>\n\t\t\t\t\t\t\t<div class=\"elementor-container elementor-column-gap-default\">\n\t\t\t\t\t<div class=\"elementor-column elementor-col-100 elementor-top-column elementor-element elementor-element-513a6f8e\" data-id=\"513a6f8e\" data-element_type=\"column\" data-e-type=\"column\">\n\t\t\t<div class=\"elementor-widget-wrap elementor-element-populated\">\n\t\t\t\t\t\t<div class=\"elementor-element elementor-element-3834623e elementor-widget elementor-widget-heading\" data-id=\"3834623e\" data-element_type=\"widget\" data-e-type=\"widget\" data-widget_type=\"heading.default\">\n\t\t\t\t<div class=\"elementor-widget-container\">\n\t\t\t\t\t<h2 class=\"elementor-heading-title elementor-size-default\">Damen-Gymnastik \u00dc60<\/h2>\t\t\t\t<\/div>\n\t\t\t\t<\/div>\n\t\t\t\t<div class=\"elementor-element elementor-element-ec4aa6a elementor-widget elementor-widget-heading\" data-id=\"ec4aa6a\" data-element_type=\"widget\" data-e-type=\"widget\" data-widget_type=\"heading.default\">\n\t\t\t\t<div class=\"elementor-widget-container\">\n\t\t\t\t\t<h3 class=\"elementor-heading-title elementor-size-default\">Kostenfreies Schnuppern in allen Sparten! Jederzeit!\u200b<\/h3>\t\t\t\t<\/div>\n\t\t\t\t<\/div>\n\t\t\t\t\t<\/div>\n\t\t<\/div>\n\t\t\t\t\t<\/div>\n\t\t<\/section>\n\t\t\t\t<section class=\"elementor-section elementor-top-section elementor-element elementor-element-5a9f44c elementor-section-boxed elementor-section-height-default elementor-section-height-default\" data-id=\"5a9f44c\" data-element_type=\"section\" data-e-type=\"section\">\n\t\t\t\t\t\t<div class=\"elementor-container elementor-column-gap-default\">\n\t\t\t\t\t<div class=\"elementor-column elementor-col-100 elementor-top-column elementor-element elementor-element-609766a\" data-id=\"609766a\" data-element_type=\"column\" data-e-type=\"column\">\n\t\t\t<div class=\"elementor-widget-wrap elementor-element-populated\">\n\t\t\t\t\t\t<div class=\"elementor-element elementor-element-180cdec7 elementor-widget elementor-widget-heading\" data-id=\"180cdec7\" data-element_type=\"widget\" data-e-type=\"widget\" data-widget_type=\"heading.default\">\n\t\t\t\t<div class=\"elementor-widget-container\">\n\t\t\t\t\t<h2 class=\"elementor-heading-title elementor-size-default\">Damen-Gymnastik f\u00fcr \u00dc60 am Donnerstagabend<\/h2>\t\t\t\t<\/div>\n\t\t\t\t<\/div>\n\t\t\t\t\t<\/div>\n\t\t<\/div>\n\t\t\t\t\t<\/div>\n\t\t<\/section>\n\t\t\t\t<section class=\"elementor-section elementor-top-section elementor-element elementor-element-30c4ff7f elementor-section-boxed elementor-section-height-default elementor-section-height-default\" data-id=\"30c4ff7f\" data-element_type=\"section\" data-e-type=\"section\">\n\t\t\t\t\t\t<div class=\"elementor-container elementor-column-gap-default\">\n\t\t\t\t\t<div class=\"elementor-column elementor-col-50 elementor-top-column elementor-element elementor-element-1ed5297e\" data-id=\"1ed5297e\" data-element_type=\"column\" data-e-type=\"column\">\n\t\t\t<div class=\"elementor-widget-wrap elementor-element-populated\">\n\t\t\t\t\t\t<div class=\"elementor-element elementor-element-318795d3 elementor-widget elementor-widget-image\" data-id=\"318795d3\" data-element_type=\"widget\" data-e-type=\"widget\" data-widget_type=\"image.default\">\n\t\t\t\t<div class=\"elementor-widget-container\">\n\t\t\t\t\t\t\t\t\t\t\t\t\t\t\t<img fetchpriority=\"high\" decoding=\"async\" width=\"1024\" height=\"768\" src=\"https:\/\/asv-adelheidsdorf.de\/wp-content\/uploads\/2022\/08\/women-g89d8e87f5_1920-1024x768.jpg\" class=\"attachment-large size-large wp-image-288\" alt=\"\" srcset=\"https:\/\/asv-adelheidsdorf.de\/wp-content\/uploads\/2022\/08\/women-g89d8e87f5_1920-1024x768.jpg 1024w, https:\/\/asv-adelheidsdorf.de\/wp-content\/uploads\/2022\/08\/women-g89d8e87f5_1920-300x225.jpg 300w, https:\/\/asv-adelheidsdorf.de\/wp-content\/uploads\/2022\/08\/women-g89d8e87f5_1920-768x576.jpg 768w, https:\/\/asv-adelheidsdorf.de\/wp-content\/uploads\/2022\/08\/women-g89d8e87f5_1920-1536x1152.jpg 1536w, https:\/\/asv-adelheidsdorf.de\/wp-content\/uploads\/2022\/08\/women-g89d8e87f5_1920.jpg 1920w\" sizes=\"(max-width: 1024px) 100vw, 1024px\" \/>\t\t\t\t\t\t\t\t\t\t\t\t\t\t\t<\/div>\n\t\t\t\t<\/div>\n\t\t\t\t\t<\/div>\n\t\t<\/div>\n\t\t\t\t<div class=\"elementor-column elementor-col-50 elementor-top-column elementor-element elementor-element-59b6cd9a\" data-id=\"59b6cd9a\" data-element_type=\"column\" data-e-type=\"column\">\n\t\t\t<div class=\"elementor-widget-wrap elementor-element-populated\">\n\t\t\t\t\t\t<div class=\"elementor-element elementor-element-211c48cb elementor-widget elementor-widget-text-editor\" data-id=\"211c48cb\" data-element_type=\"widget\" data-e-type=\"widget\" data-widget_type=\"text-editor.default\">\n\t\t\t\t<div class=\"elementor-widget-container\">\n\t\t\t\t\t\t\t\t\t<p><strong>Wo?\u00a0<\/strong>Mehrzweckhalle Adelheidsdorf<br \/><strong>Wann? <\/strong>Donnerstags, 19:15 &#8211; 20:15 Uhr<br \/><strong>Ansprechpartnerin:\u00a0<\/strong>Irmgard Lehmann<br \/><strong>Email:<\/strong> irmgard.lehmann@asv-adelheisdorf.de<br \/><strong>Angebot: <\/strong>Funktionsgymnastik, Gymnastik f\u00fcr alle K\u00f6rperregionen, Entspannung und gesellige Veranstaltungen<\/p>\t\t\t\t\t\t\t\t<\/div>\n\t\t\t\t<\/div>\n\t\t\t\t\t<\/div>\n\t\t<\/div>\n\t\t\t\t\t<\/div>\n\t\t<\/section>\n\t\t\t\t<section class=\"elementor-section elementor-top-section elementor-element elementor-element-66007ebe elementor-section-boxed elementor-section-height-default elementor-section-height-default\" data-id=\"66007ebe\" data-element_type=\"section\" data-e-type=\"section\">\n\t\t\t\t\t\t<div class=\"elementor-container elementor-column-gap-default\">\n\t\t\t\t\t<div class=\"elementor-column elementor-col-100 elementor-top-column elementor-element elementor-element-3d94cd13\" data-id=\"3d94cd13\" data-element_type=\"column\" data-e-type=\"column\">\n\t\t\t<div class=\"elementor-widget-wrap elementor-element-populated\">\n\t\t\t\t\t\t<div class=\"elementor-element elementor-element-2d6b151c elementor-widget elementor-widget-text-editor\" data-id=\"2d6b151c\" data-element_type=\"widget\" data-e-type=\"widget\" data-widget_type=\"text-editor.default\">\n\t\t\t\t<div class=\"elementor-widget-container\">\n\t\t\t\t\t\t\t\t\t<p>Die Gymnastik-Sparte ist ein Bereich im Verein, der sich von den anderen Sparten in einiger Hinsicht unterscheidet. Fast kein Wettkampfsport, individueller Ausgleichssport, viel Geselligkeit und gute Taten f\u00fcr die Allgemeinheit. Irmgard Lehmann ist seit 1980 \u00dcbungsleiterin in der Gymnastiksparte. Die w\u00f6chentliche \u00dcbungsstunde findet jeden Donnerstag von 20.00 bis 21.00 Uhr statt Zur Sparte geh\u00f6ren 50 Mitglieder, davon erscheinen etwa 20 &#8211; 30 Damen regelm\u00e4\u00dfig zur Gymnastikstunde.<\/p>\n<p>Es wird Gymnastik mit und ohne Musik angeboten, mit Keulen, St\u00e4ben, B\u00e4llen, Reifen und Ringen. Zirkeltraining steht ebenfalls auf dem Programm und diverse Spiele, wobei Indiaca am liebsten praktiziert wird. Am Ende der \u00dcbungsstunde schlie\u00dft sich noch eine gesellige Stunde in der Rastst\u00e4tte an. Seit einigen Jahren veranstaltet die Sparte mit den Eicklinger Gymnastikfrauen j\u00e4hrlich einmal ein lndiaca-Turnier mit anschlie\u00dfendem gem\u00fctlichen Beisammensein (Grillabend).<\/p>\n<p>Auch nichtsportliche Ereignisse ragen aus dem Geschehen der vergangenen Jahre heraus:<\/p>\n<p>Kost\u00fcmierte lustige \u00dcbungsstunde in der Karnevalswoche, Fahrradtour, Theaterbesuch, Wassergymnastik im CelIer Tor, Darbietungen zu bestimmten Anl\u00e4ssen, Mitwirkung bei der Turnschau des Turnkreises Celle, Musikshow der Nationen in Hannover, Ausrichtung der Weihnachtsfeier f\u00fcr die \u00e4lteren Adelheidsdorfer Mitb\u00fcrger mit \u00f6ffentlichem Auftritt der Sparte, Weihnachtsfeier.<\/p>\n<p>In ihrem sportlichen Tun ist die Sparte sich ganz selbst genug. Sie erstreitet keine Siege und mu\u00df auch keine Niederlagen hinnehmen (au\u00dfer beim Indiaca-Turnier). Und doch hat sie h\u00e4ufiger Grund und Gelegenheit, sch\u00f6ne gesellige Stunden in der Gemeinschaft zu erleben. Es kommen alle gern zur Gymnastik, auch \u201eNeue&#8220; f\u00fchlen sich gleich heimisch und geh\u00f6ren schnell dazu.<\/p>\n<p>[Text: Festschrift und Chronik, 25 Jahre ASV Adelheidsdorf von 1969 e. V. ]<\/p>\t\t\t\t\t\t\t\t<\/div>\n\t\t\t\t<\/div>\n\t\t\t\t\t<\/div>\n\t\t<\/div>\n\t\t\t\t\t<\/div>\n\t\t<\/section>\n\t\t\t\t<\/div>\n\t\t","protected":false},"excerpt":{"rendered":"<p>Damen-Gymnastik \u00dc60 Kostenfreies Schnuppern in allen Sparten! Jederzeit!\u200b Damen-Gymnastik f\u00fcr \u00dc60 am Donnerstagabend Wo?\u00a0Mehrzweckhalle AdelheidsdorfWann? Donnerstags, 19:15 &#8211; 20:15 UhrAnsprechpartnerin:\u00a0Irmgard LehmannEmail: irmgard.lehmann@asv-adelheisdorf.deAngebot: Funktionsgymnastik, Gymnastik f\u00fcr alle K\u00f6rperregionen, Entspannung und gesellige Veranstaltungen Die Gymnastik-Sparte ist ein Bereich im Verein, der sich von den anderen Sparten in einiger Hinsicht unterscheidet. Fast kein Wettkampfsport, individueller Ausgleichssport, viel Geselligkeit &hellip;<\/p>\n<p class=\"read-more\"> <a class=\"\" href=\"https:\/\/asv-adelheidsdorf.de\/index.php\/gymnastik\/\"> <span class=\"screen-reader-text\">Damen-Gymnastik<\/span> Weiterlesen &raquo;<\/a><\/p>\n","protected":false},"author":1,"featured_media":0,"parent":0,"menu_order":0,"comment_status":"closed","ping_status":"closed","template":"","meta":{"site-sidebar-layout":"no-sidebar","site-content-layout":"page-builder","ast-site-content-layout":"full-width-container","site-content-style":"unboxed","site-sidebar-style":"unboxed","ast-global-header-display":"","ast-banner-title-visibility":"","ast-main-header-display":"","ast-hfb-above-header-display":"","ast-hfb-below-header-display":"","ast-hfb-mobile-header-display":"","site-post-title":"disabled","ast-breadcrumbs-content":"","ast-featured-img":"disabled","footer-sml-layout":"","theme-transparent-header-meta":"","adv-header-id-meta":"","stick-header-meta":"","header-above-stick-meta":"","header-main-stick-meta":"","header-below-stick-meta":"","astra-migrate-meta-layouts":"set","footnotes":""},"class_list":["post-73","page","type-page","status-publish","hentry"],"_links":{"self":[{"href":"https:\/\/asv-adelheidsdorf.de\/index.php\/wp-json\/wp\/v2\/pages\/73","targetHints":{"allow":["GET"]}}],"collection":[{"href":"https:\/\/asv-adelheidsdorf.de\/index.php\/wp-json\/wp\/v2\/pages"}],"about":[{"href":"https:\/\/asv-adelheidsdorf.de\/index.php\/wp-json\/wp\/v2\/types\/page"}],"author":[{"embeddable":true,"href":"https:\/\/asv-adelheidsdorf.de\/index.php\/wp-json\/wp\/v2\/users\/1"}],"replies":[{"embeddable":true,"href":"https:\/\/asv-adelheidsdorf.de\/index.php\/wp-json\/wp\/v2\/comments?post=73"}],"version-history":[{"count":32,"href":"https:\/\/asv-adelheidsdorf.de\/index.php\/wp-json\/wp\/v2\/pages\/73\/revisions"}],"predecessor-version":[{"id":2180,"href":"https:\/\/asv-adelheidsdorf.de\/index.php\/wp-json\/wp\/v2\/pages\/73\/revisions\/2180"}],"wp:attachment":[{"href":"https:\/\/asv-adelheidsdorf.de\/index.php\/wp-json\/wp\/v2\/media?parent=73"}],"curies":[{"name":"wp","href":"https:\/\/api.w.org\/{rel}","templated":true}]}}