{"id":80,"date":"2022-07-25T12:28:29","date_gmt":"2022-07-25T12:28:29","guid":{"rendered":"https:\/\/elastic-morse.88-198-121-67.plesk.page\/?page_id=80"},"modified":"2024-05-16T21:05:41","modified_gmt":"2024-05-16T19:05:41","slug":"herren-gymnastik","status":"publish","type":"page","link":"https:\/\/asv-adelheidsdorf.de\/index.php\/herren-gymnastik\/","title":{"rendered":"Herren Faustball"},"content":{"rendered":"\t\t<div data-elementor-type=\"wp-page\" data-elementor-id=\"80\" class=\"elementor elementor-80\">\n\t\t\t\t\t\t<section class=\"elementor-section elementor-top-section elementor-element elementor-element-2baf5dc2 elementor-section-height-min-height elementor-section-boxed elementor-section-height-default elementor-section-items-middle\" data-id=\"2baf5dc2\" data-element_type=\"section\" data-e-type=\"section\" data-settings=\"{&quot;background_background&quot;:&quot;classic&quot;}\">\n\t\t\t\t\t\t\t<div class=\"elementor-background-overlay\"><\/div>\n\t\t\t\t\t\t\t<div class=\"elementor-container elementor-column-gap-default\">\n\t\t\t\t\t<div class=\"elementor-column elementor-col-100 elementor-top-column elementor-element elementor-element-1ae62e4\" data-id=\"1ae62e4\" data-element_type=\"column\" data-e-type=\"column\">\n\t\t\t<div class=\"elementor-widget-wrap elementor-element-populated\">\n\t\t\t\t\t\t<div class=\"elementor-element elementor-element-44252c02 elementor-widget elementor-widget-heading\" data-id=\"44252c02\" data-element_type=\"widget\" data-e-type=\"widget\" data-widget_type=\"heading.default\">\n\t\t\t\t<div class=\"elementor-widget-container\">\n\t\t\t\t\t<h2 class=\"elementor-heading-title elementor-size-default\">Herren Faustball<\/h2>\t\t\t\t<\/div>\n\t\t\t\t<\/div>\n\t\t\t\t<div class=\"elementor-element elementor-element-50845e7 elementor-widget elementor-widget-heading\" data-id=\"50845e7\" data-element_type=\"widget\" data-e-type=\"widget\" data-widget_type=\"heading.default\">\n\t\t\t\t<div class=\"elementor-widget-container\">\n\t\t\t\t\t<h3 class=\"elementor-heading-title elementor-size-default\">Kostenfreies Schnuppern in allen Sparten! Jederzeit!\u200b<\/h3>\t\t\t\t<\/div>\n\t\t\t\t<\/div>\n\t\t\t\t\t<\/div>\n\t\t<\/div>\n\t\t\t\t\t<\/div>\n\t\t<\/section>\n\t\t\t\t<section class=\"elementor-section elementor-top-section elementor-element elementor-element-b9f308e elementor-section-boxed elementor-section-height-default elementor-section-height-default\" data-id=\"b9f308e\" data-element_type=\"section\" data-e-type=\"section\">\n\t\t\t\t\t\t<div class=\"elementor-container elementor-column-gap-default\">\n\t\t\t\t\t<div class=\"elementor-column elementor-col-100 elementor-top-column elementor-element elementor-element-4c6e9705\" data-id=\"4c6e9705\" data-element_type=\"column\" data-e-type=\"column\">\n\t\t\t<div class=\"elementor-widget-wrap elementor-element-populated\">\n\t\t\t\t\t\t<div class=\"elementor-element elementor-element-12c8521d elementor-widget elementor-widget-heading\" data-id=\"12c8521d\" data-element_type=\"widget\" data-e-type=\"widget\" data-widget_type=\"heading.default\">\n\t\t\t\t<div class=\"elementor-widget-container\">\n\t\t\t\t\t<h2 class=\"elementor-heading-title elementor-size-default\">Faustball<\/h2>\t\t\t\t<\/div>\n\t\t\t\t<\/div>\n\t\t\t\t\t<\/div>\n\t\t<\/div>\n\t\t\t\t\t<\/div>\n\t\t<\/section>\n\t\t\t\t<section class=\"elementor-section elementor-top-section elementor-element elementor-element-1df65d57 elementor-section-boxed elementor-section-height-default elementor-section-height-default\" data-id=\"1df65d57\" data-element_type=\"section\" data-e-type=\"section\">\n\t\t\t\t\t\t<div class=\"elementor-container elementor-column-gap-default\">\n\t\t\t\t\t<div class=\"elementor-column elementor-col-50 elementor-top-column elementor-element elementor-element-36e2f931\" data-id=\"36e2f931\" data-element_type=\"column\" data-e-type=\"column\">\n\t\t\t<div class=\"elementor-widget-wrap elementor-element-populated\">\n\t\t\t\t\t\t<div class=\"elementor-element elementor-element-2f915247 elementor-widget elementor-widget-image\" data-id=\"2f915247\" data-element_type=\"widget\" data-e-type=\"widget\" data-widget_type=\"image.default\">\n\t\t\t\t<div class=\"elementor-widget-container\">\n\t\t\t\t\t\t\t\t\t\t\t\t\t\t\t<img fetchpriority=\"high\" decoding=\"async\" width=\"1024\" height=\"678\" src=\"https:\/\/asv-adelheidsdorf.de\/wp-content\/uploads\/2022\/08\/fitness-room-g702aaedb3_1920-1024x678.jpg\" class=\"attachment-large size-large wp-image-279\" alt=\"\" srcset=\"https:\/\/asv-adelheidsdorf.de\/wp-content\/uploads\/2022\/08\/fitness-room-g702aaedb3_1920-1024x678.jpg 1024w, https:\/\/asv-adelheidsdorf.de\/wp-content\/uploads\/2022\/08\/fitness-room-g702aaedb3_1920-300x199.jpg 300w, https:\/\/asv-adelheidsdorf.de\/wp-content\/uploads\/2022\/08\/fitness-room-g702aaedb3_1920-768x509.jpg 768w, https:\/\/asv-adelheidsdorf.de\/wp-content\/uploads\/2022\/08\/fitness-room-g702aaedb3_1920-1536x1018.jpg 1536w, https:\/\/asv-adelheidsdorf.de\/wp-content\/uploads\/2022\/08\/fitness-room-g702aaedb3_1920.jpg 1920w\" sizes=\"(max-width: 1024px) 100vw, 1024px\" \/>\t\t\t\t\t\t\t\t\t\t\t\t\t\t\t<\/div>\n\t\t\t\t<\/div>\n\t\t\t\t\t<\/div>\n\t\t<\/div>\n\t\t\t\t<div class=\"elementor-column elementor-col-50 elementor-top-column elementor-element elementor-element-254ee8aa\" data-id=\"254ee8aa\" data-element_type=\"column\" data-e-type=\"column\">\n\t\t\t<div class=\"elementor-widget-wrap elementor-element-populated\">\n\t\t\t\t\t\t<div class=\"elementor-element elementor-element-6dee3d9 elementor-widget elementor-widget-text-editor\" data-id=\"6dee3d9\" data-element_type=\"widget\" data-e-type=\"widget\" data-widget_type=\"text-editor.default\">\n\t\t\t\t<div class=\"elementor-widget-container\">\n\t\t\t\t\t\t\t\t\t<p><strong>Wo?\u00a0<\/strong>Mehrzweckhalle Adelheidsdorf<br \/><strong>Wann?\u00a0<\/strong>Dienstag, 18:00 &#8211; 20:00 Uhr<br \/><strong>Ansprechpartner:\u00a0<\/strong>Rico Aeckerle<br \/><strong>E-Mail:\u00a0<\/strong><span style=\"background-color: var(--ast-global-color-5);\">rico.aeckerle@asv-adelheidsdorf.de<br \/><b>Telefon:\u00a0<\/b><\/span><span style=\"color: var( --e-global-color-text ); font-family: var( --e-global-typography-text-font-family ), Sans-serif; font-weight: var( --e-global-typography-text-font-weight ); background-color: var(--ast-global-color-5); font-size: 1rem;\">0172\/4673355<\/span><\/p>\t\t\t\t\t\t\t\t<\/div>\n\t\t\t\t<\/div>\n\t\t\t\t\t<\/div>\n\t\t<\/div>\n\t\t\t\t\t<\/div>\n\t\t<\/section>\n\t\t\t\t<section class=\"elementor-section elementor-top-section elementor-element elementor-element-5dc11cd elementor-section-boxed elementor-section-height-default elementor-section-height-default\" data-id=\"5dc11cd\" data-element_type=\"section\" data-e-type=\"section\">\n\t\t\t\t\t\t<div class=\"elementor-container elementor-column-gap-default\">\n\t\t\t\t\t<div class=\"elementor-column elementor-col-100 elementor-top-column elementor-element elementor-element-c32a208\" data-id=\"c32a208\" data-element_type=\"column\" data-e-type=\"column\">\n\t\t\t<div class=\"elementor-widget-wrap elementor-element-populated\">\n\t\t\t\t\t\t<div class=\"elementor-element elementor-element-31a422c elementor-widget elementor-widget-text-editor\" data-id=\"31a422c\" data-element_type=\"widget\" data-e-type=\"widget\" data-widget_type=\"text-editor.default\">\n\t\t\t\t<div class=\"elementor-widget-container\">\n\t\t\t\t\t\t\t\t\t<p><span style=\"color: #0d0d0d; font-family: S\u00f6hne, ui-sans-serif, system-ui, -apple-system, 'Segoe UI', Roboto, Ubuntu, Cantarell, 'Noto Sans', sans-serif, 'Helvetica Neue', Arial, 'Apple Color Emoji', 'Segoe UI Emoji', 'Segoe UI Symbol', 'Noto Color Emoji'; white-space-collapse: preserve;\">Entdecke die Faszination des Faustballsports! In unserer Faustballgruppe bieten wir dir die M\u00f6glichkeit, Teil einer dynamischen und engagierten Gemeinschaft zu werden. Egal, ob du ein erfahrener Spieler bist oder gerade erst anf\u00e4ngst, bei uns findest du ein Team, mit dem du Spa\u00df haben kannst, denn darum geht es in dieser Gruppe. Tauche ein in eine Welt voller Spannung, Teamgeist und sportlicher Herausforderungen. Komm vorbei und probiere es aus \u2013 wir freuen uns auf dich!<\/span><\/p><p>Selbstverst\u00e4ndlich geh\u00f6rt neben den rein sportlichen Ambitionen auch die eine oder andere gemeinsame gesellige Veranstaltung zum Programm der M\u00e4nnerturner.<\/p><p>Wer sich angesprochen f\u00fchlt, kann sich gerne per Telefon oder per Mail bei Rico Aeckerle melden.<\/p>\t\t\t\t\t\t\t\t<\/div>\n\t\t\t\t<\/div>\n\t\t\t\t\t<\/div>\n\t\t<\/div>\n\t\t\t\t\t<\/div>\n\t\t<\/section>\n\t\t\t\t<\/div>\n\t\t","protected":false},"excerpt":{"rendered":"<p>Herren Faustball Kostenfreies Schnuppern in allen Sparten! Jederzeit!\u200b Faustball Wo?\u00a0Mehrzweckhalle AdelheidsdorfWann?\u00a0Dienstag, 18:00 &#8211; 20:00 UhrAnsprechpartner:\u00a0Rico AeckerleE-Mail:\u00a0rico.aeckerle@asv-adelheidsdorf.deTelefon:\u00a00172\/4673355 Entdecke die Faszination des Faustballsports! In unserer Faustballgruppe bieten wir dir die M\u00f6glichkeit, Teil einer dynamischen und engagierten Gemeinschaft zu werden. Egal, ob du ein erfahrener Spieler bist oder gerade erst anf\u00e4ngst, bei uns findest du ein Team, mit &hellip;<\/p>\n<p class=\"read-more\"> <a class=\"\" href=\"https:\/\/asv-adelheidsdorf.de\/index.php\/herren-gymnastik\/\"> <span class=\"screen-reader-text\">Herren Faustball<\/span> Weiterlesen &raquo;<\/a><\/p>\n","protected":false},"author":1,"featured_media":0,"parent":0,"menu_order":0,"comment_status":"closed","ping_status":"closed","template":"","meta":{"site-sidebar-layout":"no-sidebar","site-content-layout":"page-builder","ast-site-content-layout":"full-width-container","site-content-style":"unboxed","site-sidebar-style":"unboxed","ast-global-header-display":"","ast-banner-title-visibility":"","ast-main-header-display":"","ast-hfb-above-header-display":"","ast-hfb-below-header-display":"","ast-hfb-mobile-header-display":"","site-post-title":"disabled","ast-breadcrumbs-content":"","ast-featured-img":"disabled","footer-sml-layout":"","theme-transparent-header-meta":"","adv-header-id-meta":"","stick-header-meta":"","header-above-stick-meta":"","header-main-stick-meta":"","header-below-stick-meta":"","astra-migrate-meta-layouts":"set","footnotes":""},"class_list":["post-80","page","type-page","status-publish","hentry"],"_links":{"self":[{"href":"https:\/\/asv-adelheidsdorf.de\/index.php\/wp-json\/wp\/v2\/pages\/80","targetHints":{"allow":["GET"]}}],"collection":[{"href":"https:\/\/asv-adelheidsdorf.de\/index.php\/wp-json\/wp\/v2\/pages"}],"about":[{"href":"https:\/\/asv-adelheidsdorf.de\/index.php\/wp-json\/wp\/v2\/types\/page"}],"author":[{"embeddable":true,"href":"https:\/\/asv-adelheidsdorf.de\/index.php\/wp-json\/wp\/v2\/users\/1"}],"replies":[{"embeddable":true,"href":"https:\/\/asv-adelheidsdorf.de\/index.php\/wp-json\/wp\/v2\/comments?post=80"}],"version-history":[{"count":42,"href":"https:\/\/asv-adelheidsdorf.de\/index.php\/wp-json\/wp\/v2\/pages\/80\/revisions"}],"predecessor-version":[{"id":2425,"href":"https:\/\/asv-adelheidsdorf.de\/index.php\/wp-json\/wp\/v2\/pages\/80\/revisions\/2425"}],"wp:attachment":[{"href":"https:\/\/asv-adelheidsdorf.de\/index.php\/wp-json\/wp\/v2\/media?parent=80"}],"curies":[{"name":"wp","href":"https:\/\/api.w.org\/{rel}","templated":true}]}}