{"id":86,"date":"2022-07-25T12:29:34","date_gmt":"2022-07-25T12:29:34","guid":{"rendered":"https:\/\/elastic-morse.88-198-121-67.plesk.page\/?page_id=86"},"modified":"2022-10-14T08:18:58","modified_gmt":"2022-10-14T08:18:58","slug":"kinderturnen","status":"publish","type":"page","link":"https:\/\/asv-adelheidsdorf.de\/index.php\/kinderturnen\/","title":{"rendered":"Kinderturnen"},"content":{"rendered":"\t\t<div data-elementor-type=\"wp-page\" data-elementor-id=\"86\" class=\"elementor elementor-86\">\n\t\t\t\t\t\t<section class=\"elementor-section elementor-top-section elementor-element elementor-element-4156ec3f elementor-section-height-min-height elementor-section-boxed elementor-section-height-default elementor-section-items-middle\" data-id=\"4156ec3f\" data-element_type=\"section\" data-e-type=\"section\" data-settings=\"{&quot;background_background&quot;:&quot;classic&quot;}\">\n\t\t\t\t\t\t\t<div class=\"elementor-background-overlay\"><\/div>\n\t\t\t\t\t\t\t<div class=\"elementor-container elementor-column-gap-default\">\n\t\t\t\t\t<div class=\"elementor-column elementor-col-100 elementor-top-column elementor-element elementor-element-1b4260c6\" data-id=\"1b4260c6\" data-element_type=\"column\" data-e-type=\"column\">\n\t\t\t<div class=\"elementor-widget-wrap elementor-element-populated\">\n\t\t\t\t\t\t<div class=\"elementor-element elementor-element-1bf4cb24 elementor-widget elementor-widget-heading\" data-id=\"1bf4cb24\" data-element_type=\"widget\" data-e-type=\"widget\" data-widget_type=\"heading.default\">\n\t\t\t\t<div class=\"elementor-widget-container\">\n\t\t\t\t\t<h2 class=\"elementor-heading-title elementor-size-default\">Kinderturnen<\/h2>\t\t\t\t<\/div>\n\t\t\t\t<\/div>\n\t\t\t\t<div class=\"elementor-element elementor-element-71c2d00 elementor-widget elementor-widget-heading\" data-id=\"71c2d00\" data-element_type=\"widget\" data-e-type=\"widget\" data-widget_type=\"heading.default\">\n\t\t\t\t<div class=\"elementor-widget-container\">\n\t\t\t\t\t<h3 class=\"elementor-heading-title elementor-size-default\">Kostenfreies Schnuppern in allen Sparten! Jederzeit!\u200b<\/h3>\t\t\t\t<\/div>\n\t\t\t\t<\/div>\n\t\t\t\t\t<\/div>\n\t\t<\/div>\n\t\t\t\t\t<\/div>\n\t\t<\/section>\n\t\t\t\t<section class=\"elementor-section elementor-top-section elementor-element elementor-element-162b35e5 elementor-section-boxed elementor-section-height-default elementor-section-height-default\" data-id=\"162b35e5\" data-element_type=\"section\" data-e-type=\"section\">\n\t\t\t\t\t\t<div class=\"elementor-container elementor-column-gap-default\">\n\t\t\t\t\t<div class=\"elementor-column elementor-col-50 elementor-top-column elementor-element elementor-element-29c11a07\" data-id=\"29c11a07\" data-element_type=\"column\" data-e-type=\"column\">\n\t\t\t<div class=\"elementor-widget-wrap elementor-element-populated\">\n\t\t\t\t\t\t<div class=\"elementor-element elementor-element-46d19aa1 elementor-widget elementor-widget-image\" data-id=\"46d19aa1\" data-element_type=\"widget\" data-e-type=\"widget\" data-widget_type=\"image.default\">\n\t\t\t\t<div class=\"elementor-widget-container\">\n\t\t\t\t\t\t\t\t\t\t\t\t\t\t\t<img fetchpriority=\"high\" decoding=\"async\" width=\"1024\" height=\"683\" src=\"https:\/\/asv-adelheidsdorf.de\/wp-content\/uploads\/2022\/08\/team-gf1a99fb68_1920-1024x683.jpg\" class=\"attachment-large size-large wp-image-283\" alt=\"\" srcset=\"https:\/\/asv-adelheidsdorf.de\/wp-content\/uploads\/2022\/08\/team-gf1a99fb68_1920-1024x683.jpg 1024w, https:\/\/asv-adelheidsdorf.de\/wp-content\/uploads\/2022\/08\/team-gf1a99fb68_1920-300x200.jpg 300w, https:\/\/asv-adelheidsdorf.de\/wp-content\/uploads\/2022\/08\/team-gf1a99fb68_1920-768x512.jpg 768w, https:\/\/asv-adelheidsdorf.de\/wp-content\/uploads\/2022\/08\/team-gf1a99fb68_1920-1536x1024.jpg 1536w, https:\/\/asv-adelheidsdorf.de\/wp-content\/uploads\/2022\/08\/team-gf1a99fb68_1920.jpg 1920w\" sizes=\"(max-width: 1024px) 100vw, 1024px\" \/>\t\t\t\t\t\t\t\t\t\t\t\t\t\t\t<\/div>\n\t\t\t\t<\/div>\n\t\t\t\t\t<\/div>\n\t\t<\/div>\n\t\t\t\t<div class=\"elementor-column elementor-col-50 elementor-top-column elementor-element elementor-element-7e1fe182\" data-id=\"7e1fe182\" data-element_type=\"column\" data-e-type=\"column\">\n\t\t\t<div class=\"elementor-widget-wrap elementor-element-populated\">\n\t\t\t\t\t\t<div class=\"elementor-element elementor-element-63228785 elementor-widget elementor-widget-text-editor\" data-id=\"63228785\" data-element_type=\"widget\" data-e-type=\"widget\" data-widget_type=\"text-editor.default\">\n\t\t\t\t<div class=\"elementor-widget-container\">\n\t\t\t\t\t\t\t\t\t<p><strong>Wo?\u00a0\u00a0<\/strong>ASV Mehrzweckhalle<br \/><strong>Ansprechpartnerin:\u00a0<\/strong>Jana Vainqueur &amp; Dana Klingberg<br \/><strong>E-Mail: <\/strong>jana.vainqueur@asv-adelheidsdorf.de<br \/><strong>E-Mail: <\/strong>dana.klingberg@asv-adelheidsdorf.de<\/p>\t\t\t\t\t\t\t\t<\/div>\n\t\t\t\t<\/div>\n\t\t\t\t\t<\/div>\n\t\t<\/div>\n\t\t\t\t\t<\/div>\n\t\t<\/section>\n\t\t\t\t<section class=\"elementor-section elementor-top-section elementor-element elementor-element-1b3ad719 elementor-section-boxed elementor-section-height-default elementor-section-height-default\" data-id=\"1b3ad719\" data-element_type=\"section\" data-e-type=\"section\">\n\t\t\t\t\t\t<div class=\"elementor-container elementor-column-gap-default\">\n\t\t\t\t\t<div class=\"elementor-column elementor-col-100 elementor-top-column elementor-element elementor-element-759bbad9\" data-id=\"759bbad9\" data-element_type=\"column\" data-e-type=\"column\">\n\t\t\t<div class=\"elementor-widget-wrap elementor-element-populated\">\n\t\t\t\t\t\t<div class=\"elementor-element elementor-element-42f2c657 elementor-widget elementor-widget-heading\" data-id=\"42f2c657\" data-element_type=\"widget\" data-e-type=\"widget\" data-widget_type=\"heading.default\">\n\t\t\t\t<div class=\"elementor-widget-container\">\n\t\t\t\t\t<h2 class=\"elementor-heading-title elementor-size-default\">Eltern &amp; Kind Turnen<\/h2>\t\t\t\t<\/div>\n\t\t\t\t<\/div>\n\t\t\t\t<div class=\"elementor-element elementor-element-42fcfb9 elementor-widget elementor-widget-heading\" data-id=\"42fcfb9\" data-element_type=\"widget\" data-e-type=\"widget\" data-widget_type=\"heading.default\">\n\t\t\t\t<div class=\"elementor-widget-container\">\n\t\t\t\t\t<h6 class=\"elementor-heading-title elementor-size-default\">(\u00dcL Dana Klingberg, Kinder von 1 - 3 Jahren, Trainingszeit montags von 16.00 -17.00 Uhr)<\/h6>\t\t\t\t<\/div>\n\t\t\t\t<\/div>\n\t\t\t\t<div class=\"elementor-element elementor-element-25370b7a elementor-widget elementor-widget-text-editor\" data-id=\"25370b7a\" data-element_type=\"widget\" data-e-type=\"widget\" data-widget_type=\"text-editor.default\">\n\t\t\t\t<div class=\"elementor-widget-container\">\n\t\t\t\t\t\t\t\t\t<p>Werfen, Ziehen, Sch\u00fctteln, Reiben\u2026Bewegungsideen und kleine Spiele f\u00fcr unsere J\u00fcngsten. Wir wollen hier die Lust an der Bewegung wecken und entwickeln. Das Funktionsspiel steht im Mittelpunkt. Unsere Kinder \u00fcben die Steuerung von Bewegung und Koordination. Immer begleitet von ganz viel Spass und Freude an den \u00dcbungseinheiten! Es war uns schon immer ein gro\u00dfes Anliegen unsere Kleinsten fr\u00fch zu f\u00f6rdern. Seit Jahrzehnten erfreut sich die Eltern &amp; Kind Gruppe daher sehr gro\u00dfer Beliebtheit!<\/p>\t\t\t\t\t\t\t\t<\/div>\n\t\t\t\t<\/div>\n\t\t\t\t\t<\/div>\n\t\t<\/div>\n\t\t\t\t\t<\/div>\n\t\t<\/section>\n\t\t\t\t<section class=\"elementor-section elementor-top-section elementor-element elementor-element-ddf2427 elementor-section-boxed elementor-section-height-default elementor-section-height-default\" data-id=\"ddf2427\" data-element_type=\"section\" data-e-type=\"section\">\n\t\t\t\t\t\t<div class=\"elementor-container elementor-column-gap-default\">\n\t\t\t\t\t<div class=\"elementor-column elementor-col-100 elementor-top-column elementor-element elementor-element-b1c3119\" data-id=\"b1c3119\" data-element_type=\"column\" data-e-type=\"column\">\n\t\t\t<div class=\"elementor-widget-wrap elementor-element-populated\">\n\t\t\t\t\t\t<div class=\"elementor-element elementor-element-047c96d elementor-widget elementor-widget-heading\" data-id=\"047c96d\" data-element_type=\"widget\" data-e-type=\"widget\" data-widget_type=\"heading.default\">\n\t\t\t\t<div class=\"elementor-widget-container\">\n\t\t\t\t\t<h2 class=\"elementor-heading-title elementor-size-default\">Kinderturnen<\/h2>\t\t\t\t<\/div>\n\t\t\t\t<\/div>\n\t\t\t\t<div class=\"elementor-element elementor-element-fcecec9 elementor-widget elementor-widget-heading\" data-id=\"fcecec9\" data-element_type=\"widget\" data-e-type=\"widget\" data-widget_type=\"heading.default\">\n\t\t\t\t<div class=\"elementor-widget-container\">\n\t\t\t\t\t<h6 class=\"elementor-heading-title elementor-size-default\">(\u00dcL Jana Vainqueur, Kinder von 4 - 6 Jahren, Trainingszeit donnertags von 16.00 -17.00 Uhr)<\/h6>\t\t\t\t<\/div>\n\t\t\t\t<\/div>\n\t\t\t\t<div class=\"elementor-element elementor-element-8fc294e elementor-widget elementor-widget-text-editor\" data-id=\"8fc294e\" data-element_type=\"widget\" data-e-type=\"widget\" data-widget_type=\"text-editor.default\">\n\t\t\t\t<div class=\"elementor-widget-container\">\n\t\t\t\t\t\t\t\t\t<p>Der Klassiker! Durch spezielle \u00dcbungen &amp; Spiele fordern und f\u00f6rdern wir u.a. Ausdauer, Muskulatur und soziales Verhalten. Durch die Gleichgewichtsf\u00f6rderung, die bei uns einen hohen Stellenwert hat, werden automatisch die Sinne der Kinder angesprochen und sensibilisiert. Dies f\u00fchrt zu besserer Selbstwahrnehmung und gesteigertem Selbstwertgef\u00fchl. Wir \u00fcben auch auf Pedalos, Rollbrettern und anderen &#8222;wackeligen&#8220; Dingen und haben immer viel Spa\u00df dabei!<\/p>\t\t\t\t\t\t\t\t<\/div>\n\t\t\t\t<\/div>\n\t\t\t\t\t<\/div>\n\t\t<\/div>\n\t\t\t\t\t<\/div>\n\t\t<\/section>\n\t\t\t\t<section class=\"elementor-section elementor-top-section elementor-element elementor-element-e1ce888 elementor-section-boxed elementor-section-height-default elementor-section-height-default\" data-id=\"e1ce888\" data-element_type=\"section\" data-e-type=\"section\">\n\t\t\t\t\t\t<div class=\"elementor-container elementor-column-gap-default\">\n\t\t\t\t\t<div class=\"elementor-column elementor-col-100 elementor-top-column elementor-element elementor-element-b72ae0f\" data-id=\"b72ae0f\" data-element_type=\"column\" data-e-type=\"column\">\n\t\t\t<div class=\"elementor-widget-wrap elementor-element-populated\">\n\t\t\t\t\t\t<div class=\"elementor-element elementor-element-9995579 elementor-widget elementor-widget-heading\" data-id=\"9995579\" data-element_type=\"widget\" data-e-type=\"widget\" data-widget_type=\"heading.default\">\n\t\t\t\t<div class=\"elementor-widget-container\">\n\t\t\t\t\t<h2 class=\"elementor-heading-title elementor-size-default\">Kids Action<\/h2>\t\t\t\t<\/div>\n\t\t\t\t<\/div>\n\t\t\t\t<div class=\"elementor-element elementor-element-5ddb56e elementor-widget elementor-widget-heading\" data-id=\"5ddb56e\" data-element_type=\"widget\" data-e-type=\"widget\" data-widget_type=\"heading.default\">\n\t\t\t\t<div class=\"elementor-widget-container\">\n\t\t\t\t\t<h6 class=\"elementor-heading-title elementor-size-default\">(\u00dcL Jana Vainqueur, Kinder von 7\u2013 10 Jahren, Trainingszeit donnertags von 17.00 -18.00 Uhr)<\/h6>\t\t\t\t<\/div>\n\t\t\t\t<\/div>\n\t\t\t\t<div class=\"elementor-element elementor-element-268579c elementor-widget elementor-widget-text-editor\" data-id=\"268579c\" data-element_type=\"widget\" data-e-type=\"widget\" data-widget_type=\"text-editor.default\">\n\t\t\t\t<div class=\"elementor-widget-container\">\n\t\t\t\t\t\t\t\t\t<p>KIDS ACTION hat das Ziel, Kinder im Grundschulalter an Sport und Bewegung heranzubringen oder beizubehalten. Das vielseitige Programm entspricht dem Bewegungsdrang von gr\u00f6\u00dferen Kindern. Von spannenden Spielen, \u00fcber Wettk\u00e4mpfe bis hin zu Ausdauer\u00fcbungen mit cooler Musik! Alles ist m\u00f6glich und alles macht Spass! Wir bieten hier ein kindgerechtes Training das alle Sinne anspricht und Ihr Kind fitter werden l\u00e4sst!<\/p>\t\t\t\t\t\t\t\t<\/div>\n\t\t\t\t<\/div>\n\t\t\t\t\t<\/div>\n\t\t<\/div>\n\t\t\t\t\t<\/div>\n\t\t<\/section>\n\t\t\t\t<section class=\"elementor-section elementor-top-section elementor-element elementor-element-579df0a elementor-section-boxed elementor-section-height-default elementor-section-height-default\" data-id=\"579df0a\" data-element_type=\"section\" data-e-type=\"section\">\n\t\t\t\t\t\t<div class=\"elementor-container elementor-column-gap-default\">\n\t\t\t\t\t<div class=\"elementor-column elementor-col-100 elementor-top-column elementor-element elementor-element-10fe3cc\" data-id=\"10fe3cc\" data-element_type=\"column\" data-e-type=\"column\">\n\t\t\t<div class=\"elementor-widget-wrap elementor-element-populated\">\n\t\t\t\t\t\t<div class=\"elementor-element elementor-element-8d26239 elementor-widget elementor-widget-heading\" data-id=\"8d26239\" data-element_type=\"widget\" data-e-type=\"widget\" data-widget_type=\"heading.default\">\n\t\t\t\t<div class=\"elementor-widget-container\">\n\t\t\t\t\t<h2 class=\"elementor-heading-title elementor-size-default\">Unsere \u00dcbungsleiterinnen:<\/h2>\t\t\t\t<\/div>\n\t\t\t\t<\/div>\n\t\t\t\t<div class=\"elementor-element elementor-element-375945a elementor-widget elementor-widget-text-editor\" data-id=\"375945a\" data-element_type=\"widget\" data-e-type=\"widget\" data-widget_type=\"text-editor.default\">\n\t\t\t\t<div class=\"elementor-widget-container\">\n\t\t\t\t\t\t\t\t\t<p><strong>Jana Vainqueur<\/strong><br \/>Jana ist 25 Jahre alt und arbeitet in der KiTa Moorwichtel in Gro\u00dfmoor. Ihre berufliche Leidenschaft gilt den Kids. Ihre Erfahrungen bringt Sie nun auch in unsere Kinderturnen &amp; Kids Action Gruppe ein. Hunde und Pferde sind Ihre weitere gro\u00dfe Leidenschaft!<br \/>jana.vainqueur@asv-adelheidsdorf.de<\/p><p><strong>Dana Klingberg<br \/><\/strong>Dana ist 23 Jahre alt und arbeitet in der KiTa der Kirchengemeinde Klein Hehlen. Ihr Lebensmittelpunkt liegt in Adelheidsdorf. Gr\u00f6\u00dfte Freude bereiten ihr die \u201eKleinsten\u201c. Daher wird Sie auch bei uns die ersten sportlichen Bewegungen \u201eunserer K\u00fcken\u201c koordinieren.<br \/>dana.klingberg@asv-adelheidsdorf.de<\/p>\t\t\t\t\t\t\t\t<\/div>\n\t\t\t\t<\/div>\n\t\t\t\t\t<\/div>\n\t\t<\/div>\n\t\t\t\t\t<\/div>\n\t\t<\/section>\n\t\t\t\t<\/div>\n\t\t","protected":false},"excerpt":{"rendered":"<p>Kinderturnen Kostenfreies Schnuppern in allen Sparten! Jederzeit!\u200b Wo?\u00a0\u00a0ASV MehrzweckhalleAnsprechpartnerin:\u00a0Jana Vainqueur &amp; Dana KlingbergE-Mail: jana.vainqueur@asv-adelheidsdorf.deE-Mail: dana.klingberg@asv-adelheidsdorf.de Eltern &amp; Kind Turnen (\u00dcL Dana Klingberg, Kinder von 1 &#8211; 3 Jahren, Trainingszeit montags von 16.00 -17.00 Uhr) Werfen, Ziehen, Sch\u00fctteln, Reiben\u2026Bewegungsideen und kleine Spiele f\u00fcr unsere J\u00fcngsten. Wir wollen hier die Lust an der Bewegung wecken und entwickeln. &hellip;<\/p>\n<p class=\"read-more\"> <a class=\"\" href=\"https:\/\/asv-adelheidsdorf.de\/index.php\/kinderturnen\/\"> <span class=\"screen-reader-text\">Kinderturnen<\/span> Weiterlesen &raquo;<\/a><\/p>\n","protected":false},"author":1,"featured_media":0,"parent":0,"menu_order":0,"comment_status":"closed","ping_status":"closed","template":"","meta":{"site-sidebar-layout":"no-sidebar","site-content-layout":"page-builder","ast-site-content-layout":"","site-content-style":"default","site-sidebar-style":"default","ast-global-header-display":"","ast-banner-title-visibility":"","ast-main-header-display":"","ast-hfb-above-header-display":"","ast-hfb-below-header-display":"","ast-hfb-mobile-header-display":"","site-post-title":"disabled","ast-breadcrumbs-content":"","ast-featured-img":"disabled","footer-sml-layout":"","theme-transparent-header-meta":"","adv-header-id-meta":"","stick-header-meta":"","header-above-stick-meta":"","header-main-stick-meta":"","header-below-stick-meta":"","astra-migrate-meta-layouts":"","footnotes":""},"class_list":["post-86","page","type-page","status-publish","hentry"],"_links":{"self":[{"href":"https:\/\/asv-adelheidsdorf.de\/index.php\/wp-json\/wp\/v2\/pages\/86","targetHints":{"allow":["GET"]}}],"collection":[{"href":"https:\/\/asv-adelheidsdorf.de\/index.php\/wp-json\/wp\/v2\/pages"}],"about":[{"href":"https:\/\/asv-adelheidsdorf.de\/index.php\/wp-json\/wp\/v2\/types\/page"}],"author":[{"embeddable":true,"href":"https:\/\/asv-adelheidsdorf.de\/index.php\/wp-json\/wp\/v2\/users\/1"}],"replies":[{"embeddable":true,"href":"https:\/\/asv-adelheidsdorf.de\/index.php\/wp-json\/wp\/v2\/comments?post=86"}],"version-history":[{"count":13,"href":"https:\/\/asv-adelheidsdorf.de\/index.php\/wp-json\/wp\/v2\/pages\/86\/revisions"}],"predecessor-version":[{"id":1652,"href":"https:\/\/asv-adelheidsdorf.de\/index.php\/wp-json\/wp\/v2\/pages\/86\/revisions\/1652"}],"wp:attachment":[{"href":"https:\/\/asv-adelheidsdorf.de\/index.php\/wp-json\/wp\/v2\/media?parent=86"}],"curies":[{"name":"wp","href":"https:\/\/api.w.org\/{rel}","templated":true}]}}