{"id":89,"date":"2022-07-25T12:29:42","date_gmt":"2022-07-25T12:29:42","guid":{"rendered":"https:\/\/elastic-morse.88-198-121-67.plesk.page\/?page_id=89"},"modified":"2024-06-04T18:17:14","modified_gmt":"2024-06-04T16:17:14","slug":"radsport","status":"publish","type":"page","link":"https:\/\/asv-adelheidsdorf.de\/index.php\/radsport\/","title":{"rendered":"Radsport"},"content":{"rendered":"\t\t<div data-elementor-type=\"wp-page\" data-elementor-id=\"89\" class=\"elementor elementor-89\">\n\t\t\t\t\t\t<section class=\"elementor-section elementor-top-section elementor-element elementor-element-6fd07132 elementor-section-height-min-height elementor-section-boxed elementor-section-height-default elementor-section-items-middle\" data-id=\"6fd07132\" data-element_type=\"section\" data-e-type=\"section\" data-settings=\"{&quot;background_background&quot;:&quot;classic&quot;}\">\n\t\t\t\t\t\t\t<div class=\"elementor-background-overlay\"><\/div>\n\t\t\t\t\t\t\t<div class=\"elementor-container elementor-column-gap-default\">\n\t\t\t\t\t<div class=\"elementor-column elementor-col-100 elementor-top-column elementor-element elementor-element-24a86155\" data-id=\"24a86155\" data-element_type=\"column\" data-e-type=\"column\">\n\t\t\t<div class=\"elementor-widget-wrap elementor-element-populated\">\n\t\t\t\t\t\t<div class=\"elementor-element elementor-element-2f4582a elementor-widget elementor-widget-heading\" data-id=\"2f4582a\" data-element_type=\"widget\" data-e-type=\"widget\" data-widget_type=\"heading.default\">\n\t\t\t\t<div class=\"elementor-widget-container\">\n\t\t\t\t\t<h2 class=\"elementor-heading-title elementor-size-default\">Radsport<\/h2>\t\t\t\t<\/div>\n\t\t\t\t<\/div>\n\t\t\t\t<div class=\"elementor-element elementor-element-e158d1b elementor-widget elementor-widget-heading\" data-id=\"e158d1b\" data-element_type=\"widget\" data-e-type=\"widget\" data-widget_type=\"heading.default\">\n\t\t\t\t<div class=\"elementor-widget-container\">\n\t\t\t\t\t<h3 class=\"elementor-heading-title elementor-size-default\">Kostenfreies Schnuppern in allen Sparten! Jederzeit!\u200b<\/h3>\t\t\t\t<\/div>\n\t\t\t\t<\/div>\n\t\t\t\t\t<\/div>\n\t\t<\/div>\n\t\t\t\t\t<\/div>\n\t\t<\/section>\n\t\t\t\t<section class=\"elementor-section elementor-top-section elementor-element elementor-element-9e09af5 elementor-section-boxed elementor-section-height-default elementor-section-height-default\" data-id=\"9e09af5\" data-element_type=\"section\" data-e-type=\"section\">\n\t\t\t\t\t\t<div class=\"elementor-container elementor-column-gap-default\">\n\t\t\t\t\t<div class=\"elementor-column elementor-col-100 elementor-top-column elementor-element elementor-element-d082a13\" data-id=\"d082a13\" data-element_type=\"column\" data-e-type=\"column\">\n\t\t\t<div class=\"elementor-widget-wrap elementor-element-populated\">\n\t\t\t\t\t\t<div class=\"elementor-element elementor-element-5b742d1f elementor-widget elementor-widget-heading\" data-id=\"5b742d1f\" data-element_type=\"widget\" data-e-type=\"widget\" data-widget_type=\"heading.default\">\n\t\t\t\t<div class=\"elementor-widget-container\">\n\t\t\t\t\t<h2 class=\"elementor-heading-title elementor-size-default\">Radsport<\/h2>\t\t\t\t<\/div>\n\t\t\t\t<\/div>\n\t\t\t\t\t<\/div>\n\t\t<\/div>\n\t\t\t\t\t<\/div>\n\t\t<\/section>\n\t\t\t\t<section class=\"elementor-section elementor-top-section elementor-element elementor-element-75d4fd21 elementor-section-boxed elementor-section-height-default elementor-section-height-default\" data-id=\"75d4fd21\" data-element_type=\"section\" data-e-type=\"section\">\n\t\t\t\t\t\t<div class=\"elementor-container elementor-column-gap-default\">\n\t\t\t\t\t<div class=\"elementor-column elementor-col-50 elementor-top-column elementor-element elementor-element-46380a29\" data-id=\"46380a29\" data-element_type=\"column\" data-e-type=\"column\">\n\t\t\t<div class=\"elementor-widget-wrap elementor-element-populated\">\n\t\t\t\t\t\t<div class=\"elementor-element elementor-element-53b2746f elementor-widget elementor-widget-image\" data-id=\"53b2746f\" data-element_type=\"widget\" data-e-type=\"widget\" data-widget_type=\"image.default\">\n\t\t\t\t<div class=\"elementor-widget-container\">\n\t\t\t\t\t\t\t\t\t\t\t\t\t\t\t<img fetchpriority=\"high\" decoding=\"async\" width=\"1024\" height=\"631\" src=\"https:\/\/asv-adelheidsdorf.de\/wp-content\/uploads\/2024\/06\/20240603-radsport-1024x631.jpg\" class=\"attachment-large size-large wp-image-2446\" alt=\"\" srcset=\"https:\/\/asv-adelheidsdorf.de\/wp-content\/uploads\/2024\/06\/20240603-radsport-1024x631.jpg 1024w, https:\/\/asv-adelheidsdorf.de\/wp-content\/uploads\/2024\/06\/20240603-radsport-300x185.jpg 300w, https:\/\/asv-adelheidsdorf.de\/wp-content\/uploads\/2024\/06\/20240603-radsport-768x473.jpg 768w, https:\/\/asv-adelheidsdorf.de\/wp-content\/uploads\/2024\/06\/20240603-radsport-1536x947.jpg 1536w, https:\/\/asv-adelheidsdorf.de\/wp-content\/uploads\/2024\/06\/20240603-radsport-2048x1262.jpg 2048w, https:\/\/asv-adelheidsdorf.de\/wp-content\/uploads\/2024\/06\/20240603-radsport-600x370.jpg 600w, https:\/\/asv-adelheidsdorf.de\/wp-content\/uploads\/2024\/06\/20240603-radsport-1053x649.jpg 1053w, https:\/\/asv-adelheidsdorf.de\/wp-content\/uploads\/2024\/06\/20240603-radsport-1920x1183.jpg 1920w\" sizes=\"(max-width: 1024px) 100vw, 1024px\" \/>\t\t\t\t\t\t\t\t\t\t\t\t\t\t\t<\/div>\n\t\t\t\t<\/div>\n\t\t\t\t\t<\/div>\n\t\t<\/div>\n\t\t\t\t<div class=\"elementor-column elementor-col-50 elementor-top-column elementor-element elementor-element-4dbdf09c\" data-id=\"4dbdf09c\" data-element_type=\"column\" data-e-type=\"column\">\n\t\t\t<div class=\"elementor-widget-wrap elementor-element-populated\">\n\t\t\t\t\t\t<div class=\"elementor-element elementor-element-6f84cfeb elementor-widget elementor-widget-text-editor\" data-id=\"6f84cfeb\" data-element_type=\"widget\" data-e-type=\"widget\" data-widget_type=\"text-editor.default\">\n\t\t\t\t<div class=\"elementor-widget-container\">\n\t\t\t\t\t\t\t\t\t<p><strong>Wo?\u00a0<\/strong>ab Sportgel\u00e4nde ASV<br \/><strong>Wann?\u00a0<\/strong>freitags, ab 17:00 Uhr<br \/><strong>Wer?\u00a0<\/strong>Erwachsene ab 18 Jahren<br \/><strong>Ansprechpartner: <\/strong>Lars Burkhardt<br \/><strong>E-Mail:\u00a0<\/strong>lars.burkhardt@asv-adelheidsdorf.de<\/p>\t\t\t\t\t\t\t\t<\/div>\n\t\t\t\t<\/div>\n\t\t\t\t\t<\/div>\n\t\t<\/div>\n\t\t\t\t\t<\/div>\n\t\t<\/section>\n\t\t\t\t<section class=\"elementor-section elementor-top-section elementor-element elementor-element-3321824f elementor-section-boxed elementor-section-height-default elementor-section-height-default\" data-id=\"3321824f\" data-element_type=\"section\" data-e-type=\"section\">\n\t\t\t\t\t\t<div class=\"elementor-container elementor-column-gap-default\">\n\t\t\t\t\t<div class=\"elementor-column elementor-col-100 elementor-top-column elementor-element elementor-element-64bf287f\" data-id=\"64bf287f\" data-element_type=\"column\" data-e-type=\"column\">\n\t\t\t<div class=\"elementor-widget-wrap elementor-element-populated\">\n\t\t\t\t\t\t<div class=\"elementor-element elementor-element-4a511555 elementor-widget elementor-widget-text-editor\" data-id=\"4a511555\" data-element_type=\"widget\" data-e-type=\"widget\" data-widget_type=\"text-editor.default\">\n\t\t\t\t<div class=\"elementor-widget-container\">\n\t\t\t\t\t\t\t\t\t<p>Der (Renn-)Radsport hat in Deutschland eine lange und erfolgreiche Tradition. Nicht zuletzt, weil er so viele Elemente kombiniert: man bekommt ein au\u00dfergew\u00f6hnliches Naturerlebnis, man kann allein gegen die Zeit fahren oder auch gemeinsam im Team Etappen erreichen. In jeglicher Hinsicht eine vielseitige Sportart, die wir auf unseren gut ausgebauten Wirtschaftswegen besonders sicher und stressfrei aus\u00fcben k\u00f6nnen.<br \/>Nicht wenige Adelheidsdorfer haben sich unabh\u00e4ngig voneinander in den letzten Jahren sehr intensiv mit dem Rennradfahren besch\u00e4ftigt und ihre kleinen und auch gro\u00dfen Runden allein gedreht. Der ASV bietet nun all diesen Radsportlern ein Dach \u00fcber dem Kopf &#8211; mit unserer neuen Radsport Gruppe !Es gibt bereits einen harten Kern, der sich nicht nur gefunden, sondern auch schon organisiert hat.<\/p><p>Es wird ein regelm\u00e4\u00dfiges, w\u00f6chentliches Training geben, das sowohl klassische Touren in unterschied-lichen Leistungsklassen als auch spezielle \u00dcbungs- und Trainingseinheiten f\u00fcr Ausdauer und Kondition anbietet. Somit k\u00f6nnen <strong>sowohl Anf\u00e4nger als auch Ge\u00fcbte<\/strong> mitmachen. Start und Ziel ist jeweils unser ASV Heim in der Begegnungsst\u00e4tte Adelheidsdorf. Zus\u00e4tzlich werden nach Abstimmung und Terminfindung auch \u00fcberregionale Ausfahrten stattfinden, die l\u00e4ngere Strecken zwischen 60 bis 100 km bieten und durchaus auch diverse H\u00f6henmeter enthalten.Neben einem funktionst\u00fcchtigen Rennrad wird nat\u00fcrlich ein geeigneter Fahrradhelm ben\u00f6tigt. Unsere Spartenverantwortlichen stehen Euch hierzu gern beratend zur Seite und geben vor allem Einsteigern wichtige Tipps f\u00fcr die Erstausstattung. Der ASV bildet auch abseits der Stra\u00dfe ein gutes Team.<\/p>\t\t\t\t\t\t\t\t<\/div>\n\t\t\t\t<\/div>\n\t\t\t\t\t<\/div>\n\t\t<\/div>\n\t\t\t\t\t<\/div>\n\t\t<\/section>\n\t\t\t\t<\/div>\n\t\t","protected":false},"excerpt":{"rendered":"<p>Radsport Kostenfreies Schnuppern in allen Sparten! Jederzeit!\u200b Radsport Wo?\u00a0ab Sportgel\u00e4nde ASVWann?\u00a0freitags, ab 17:00 UhrWer?\u00a0Erwachsene ab 18 JahrenAnsprechpartner: Lars BurkhardtE-Mail:\u00a0lars.burkhardt@asv-adelheidsdorf.de Der (Renn-)Radsport hat in Deutschland eine lange und erfolgreiche Tradition. Nicht zuletzt, weil er so viele Elemente kombiniert: man bekommt ein au\u00dfergew\u00f6hnliches Naturerlebnis, man kann allein gegen die Zeit fahren oder auch gemeinsam im Team Etappen &hellip;<\/p>\n<p class=\"read-more\"> <a class=\"\" href=\"https:\/\/asv-adelheidsdorf.de\/index.php\/radsport\/\"> <span class=\"screen-reader-text\">Radsport<\/span> Weiterlesen &raquo;<\/a><\/p>\n","protected":false},"author":1,"featured_media":0,"parent":0,"menu_order":0,"comment_status":"closed","ping_status":"closed","template":"","meta":{"site-sidebar-layout":"no-sidebar","site-content-layout":"page-builder","ast-site-content-layout":"full-width-container","site-content-style":"unboxed","site-sidebar-style":"unboxed","ast-global-header-display":"","ast-banner-title-visibility":"","ast-main-header-display":"","ast-hfb-above-header-display":"","ast-hfb-below-header-display":"","ast-hfb-mobile-header-display":"","site-post-title":"disabled","ast-breadcrumbs-content":"","ast-featured-img":"disabled","footer-sml-layout":"","theme-transparent-header-meta":"","adv-header-id-meta":"","stick-header-meta":"","header-above-stick-meta":"","header-main-stick-meta":"","header-below-stick-meta":"","astra-migrate-meta-layouts":"set","footnotes":""},"class_list":["post-89","page","type-page","status-publish","hentry"],"_links":{"self":[{"href":"https:\/\/asv-adelheidsdorf.de\/index.php\/wp-json\/wp\/v2\/pages\/89","targetHints":{"allow":["GET"]}}],"collection":[{"href":"https:\/\/asv-adelheidsdorf.de\/index.php\/wp-json\/wp\/v2\/pages"}],"about":[{"href":"https:\/\/asv-adelheidsdorf.de\/index.php\/wp-json\/wp\/v2\/types\/page"}],"author":[{"embeddable":true,"href":"https:\/\/asv-adelheidsdorf.de\/index.php\/wp-json\/wp\/v2\/users\/1"}],"replies":[{"embeddable":true,"href":"https:\/\/asv-adelheidsdorf.de\/index.php\/wp-json\/wp\/v2\/comments?post=89"}],"version-history":[{"count":24,"href":"https:\/\/asv-adelheidsdorf.de\/index.php\/wp-json\/wp\/v2\/pages\/89\/revisions"}],"predecessor-version":[{"id":2449,"href":"https:\/\/asv-adelheidsdorf.de\/index.php\/wp-json\/wp\/v2\/pages\/89\/revisions\/2449"}],"wp:attachment":[{"href":"https:\/\/asv-adelheidsdorf.de\/index.php\/wp-json\/wp\/v2\/media?parent=89"}],"curies":[{"name":"wp","href":"https:\/\/api.w.org\/{rel}","templated":true}]}}