{"id":92,"date":"2022-07-25T12:29:54","date_gmt":"2022-07-25T12:29:54","guid":{"rendered":"https:\/\/elastic-morse.88-198-121-67.plesk.page\/?page_id=92"},"modified":"2023-04-15T12:31:47","modified_gmt":"2023-04-15T10:31:47","slug":"tennis","status":"publish","type":"page","link":"https:\/\/asv-adelheidsdorf.de\/index.php\/tennis\/","title":{"rendered":"Tennis"},"content":{"rendered":"\t\t<div data-elementor-type=\"wp-page\" data-elementor-id=\"92\" class=\"elementor elementor-92\">\n\t\t\t\t\t\t<section class=\"elementor-section elementor-top-section elementor-element elementor-element-446fc4c4 elementor-section-height-min-height elementor-section-boxed elementor-section-height-default elementor-section-items-middle\" data-id=\"446fc4c4\" data-element_type=\"section\" data-e-type=\"section\" data-settings=\"{&quot;background_background&quot;:&quot;classic&quot;}\">\n\t\t\t\t\t\t\t<div class=\"elementor-background-overlay\"><\/div>\n\t\t\t\t\t\t\t<div class=\"elementor-container elementor-column-gap-default\">\n\t\t\t\t\t<div class=\"elementor-column elementor-col-100 elementor-top-column elementor-element elementor-element-4e67c686\" data-id=\"4e67c686\" data-element_type=\"column\" data-e-type=\"column\">\n\t\t\t<div class=\"elementor-widget-wrap elementor-element-populated\">\n\t\t\t\t\t\t<div class=\"elementor-element elementor-element-30fedc41 elementor-widget elementor-widget-heading\" data-id=\"30fedc41\" data-element_type=\"widget\" data-e-type=\"widget\" data-widget_type=\"heading.default\">\n\t\t\t\t<div class=\"elementor-widget-container\">\n\t\t\t\t\t<h2 class=\"elementor-heading-title elementor-size-default\">Tennis<\/h2>\t\t\t\t<\/div>\n\t\t\t\t<\/div>\n\t\t\t\t<div class=\"elementor-element elementor-element-001aeb6 elementor-widget elementor-widget-heading\" data-id=\"001aeb6\" data-element_type=\"widget\" data-e-type=\"widget\" data-widget_type=\"heading.default\">\n\t\t\t\t<div class=\"elementor-widget-container\">\n\t\t\t\t\t<h3 class=\"elementor-heading-title elementor-size-default\">Kostenfreies Schnuppern in allen Sparten! Jederzeit!\u200b<\/h3>\t\t\t\t<\/div>\n\t\t\t\t<\/div>\n\t\t\t\t\t<\/div>\n\t\t<\/div>\n\t\t\t\t\t<\/div>\n\t\t<\/section>\n\t\t\t\t<section class=\"elementor-section elementor-top-section elementor-element elementor-element-52e6d3 elementor-section-boxed elementor-section-height-default elementor-section-height-default\" data-id=\"52e6d3\" data-element_type=\"section\" data-e-type=\"section\">\n\t\t\t\t\t\t<div class=\"elementor-container elementor-column-gap-default\">\n\t\t\t\t\t<div class=\"elementor-column elementor-col-100 elementor-top-column elementor-element elementor-element-170f0f80\" data-id=\"170f0f80\" data-element_type=\"column\" data-e-type=\"column\">\n\t\t\t<div class=\"elementor-widget-wrap elementor-element-populated\">\n\t\t\t\t\t\t<div class=\"elementor-element elementor-element-6e524ffa elementor-widget elementor-widget-heading\" data-id=\"6e524ffa\" data-element_type=\"widget\" data-e-type=\"widget\" data-widget_type=\"heading.default\">\n\t\t\t\t<div class=\"elementor-widget-container\">\n\t\t\t\t\t<h2 class=\"elementor-heading-title elementor-size-default\">Tennis beim ASV Adelheidsdorf<\/h2>\t\t\t\t<\/div>\n\t\t\t\t<\/div>\n\t\t\t\t<div class=\"elementor-element elementor-element-ebaab elementor-widget elementor-widget-text-editor\" data-id=\"ebaab\" data-element_type=\"widget\" data-e-type=\"widget\" data-widget_type=\"text-editor.default\">\n\t\t\t\t<div class=\"elementor-widget-container\">\n\t\t\t\t\t\t\t\t\t<p>Tennis in Adelheidsdorf hat eine lange Tradition. Seit \u00fcber 40 Jahren wird hier gespielt. Die gro\u00dfz\u00fcgige und gepflegte Tennisanlage an der Schulstra\u00dfe ist quasi der Mittelpunkt im Ort und bietet mit ihren vier roten Aschepl\u00e4tzen ein tolles Sportangebot.<\/p><p>Die Tennisabteilung ist mit ca. 140 Mitgliedern die gr\u00f6\u00dfte Sparte in unserem Verein und es gibt viele Anl\u00e4sse &#8211; wie z.B. die Platzer\u00f6ffnung im April oder die Meisterschaftsfeier im September &#8211; zu denen wir in gro\u00dfer Runde zusammenkommen. Wir sind eine fr\u00f6hliche und offene Gemeinschaft, die sich auf neue Mitglieder freut.<\/p>\t\t\t\t\t\t\t\t<\/div>\n\t\t\t\t<\/div>\n\t\t\t\t<div class=\"elementor-element elementor-element-eed796a elementor-widget elementor-widget-image\" data-id=\"eed796a\" data-element_type=\"widget\" data-e-type=\"widget\" data-widget_type=\"image.default\">\n\t\t\t\t<div class=\"elementor-widget-container\">\n\t\t\t\t\t\t\t\t\t\t\t\t\t\t\t<img fetchpriority=\"high\" decoding=\"async\" width=\"643\" height=\"212\" src=\"https:\/\/asv-adelheidsdorf.de\/wp-content\/uploads\/2022\/08\/2958.jpeg\" class=\"attachment-large size-large wp-image-630\" alt=\"\" srcset=\"https:\/\/asv-adelheidsdorf.de\/wp-content\/uploads\/2022\/08\/2958.jpeg 643w, https:\/\/asv-adelheidsdorf.de\/wp-content\/uploads\/2022\/08\/2958-300x99.jpeg 300w\" sizes=\"(max-width: 643px) 100vw, 643px\" \/>\t\t\t\t\t\t\t\t\t\t\t\t\t\t\t<\/div>\n\t\t\t\t<\/div>\n\t\t\t\t<div class=\"elementor-element elementor-element-d14114f elementor-widget elementor-widget-text-editor\" data-id=\"d14114f\" data-element_type=\"widget\" data-e-type=\"widget\" data-widget_type=\"text-editor.default\">\n\t\t\t\t<div class=\"elementor-widget-container\">\n\t\t\t\t\t\t\t\t\t<p><span style=\"font-style: inherit; font-weight: inherit; color: var( --e-global-color-text ); font-family: var( --e-global-typography-text-font-family ), Sans-serif; background-color: var(--ast-global-color-5);\">Vom gelegentlichen Freizeitspiel \u00fcber regelm\u00e4\u00dfiges Training bis hin zu aktivem Punkt-Spielbetrieb ist bei uns alles m\u00f6glich. Wir haben nicht nur diverse Herren-, Damen- und Jugendmannschaften, sondern auch drei begeisterte Trainer, die euch sowohl in Gruppen als auch im Einzeltraining betreuen k\u00f6nnen.<\/span><\/p><p><span style=\"font-style: inherit; font-weight: inherit; color: var( --e-global-color-text ); font-family: var( --e-global-typography-text-font-family ), Sans-serif; background-color: var(--ast-global-color-5);\">Aktuell haben wir etwa 60 aktive Mitglieder in Punktspiel-Mannschaften gemeldet, die je nach individueller Ausrichtung der Teams aufgestellt sind. F\u00fcr die einen ist dies wettkampforientiert und f\u00fcr die anderen mehr ein Freizeitvergn\u00fcgen &#8211; f\u00fcr jeden ist was dabei. Die Mannschaften teilen sich wie folgt auf:<\/span><\/p><p><span style=\"background-color: var(--ast-global-color-5); color: var( --e-global-color-text ); font-family: var( --e-global-typography-text-font-family ), Sans-serif; font-style: inherit;\"><b>Unsere Mannschaften:<\/b><br \/><span style=\"font-weight: inherit;\">Es gibt aktuell eine Herren 30 Mannschaft, die eher wettkampforientiert ist. Aber gemeinsamer Spa\u00df und ein fr\u00f6hliches Miteinander kommen definitiv nicht zu kurz. Spielerfahrung und Wettkampfpraxis sind nat\u00fcrlich von Vorteil, aber kein Muss. Unser Herren 40 Team ist \u00e4hnlich organisiert. Beide Mannschaften haben viele Schnittstellen. Vor allem den gemeinsamen Trainingstag am Donnerstagabend, der oftmals gesellig ausklingt.<br \/>Die Herren 40 II Mannschaft wurde vor Kurzem neu zusammengestellt und entstand aus den ehemaligen Herren 40 und Herren 50 Spielern.<\/span><\/span><\/p><p><span style=\"background-color: var(--ast-global-color-5); color: var( --e-global-color-text ); font-family: var( --e-global-typography-text-font-family ), Sans-serif; font-style: inherit;\"><span style=\"font-weight: inherit;\">Die <\/span><b>Herren 50<\/b><span style=\"font-weight: inherit;\"> Mannschaft wurde vor Kurzem neu zusammengestellt und entstand aus den ehemaligen Herren 40 und Herren 60 Spielern. Auch hier stehen der Spa\u00df und das Miteinander im Vordergrund. Training findet immer am Dienstag statt. Solltest du \u00fcber 50 Jahre alt sein, w\u00fcrden wir uns besonders freuen, wenn du mal vorbeischaust.<\/span><\/span><\/p><p><span style=\"background-color: var(--ast-global-color-5); color: var( --e-global-color-text ); font-family: var( --e-global-typography-text-font-family ), Sans-serif; font-style: inherit;\"><b>Damen Mannschaften:<br \/><\/b><span style=\"font-weight: inherit;\">Unsere Damen 40 ist unsere spielst\u00e4rkste Mannschaft und ist seit Jahren als Team erfolgreich. Die Damen 30 Mannschaft setzt sich sowohl aus Gelegenheitsspielerinnen als auch aus ambitionierten Spielerinnen zusammen. F\u00fcr jede Spielst\u00e4rke findet sich somit eine passende Partnerin. Das Training der Damen findet jeden Mittwoch statt.<\/span><\/span><\/p><p><span style=\"background-color: var(--ast-global-color-5); color: var( --e-global-color-text ); font-family: var( --e-global-typography-text-font-family ), Sans-serif; font-style: inherit;\"><b>Jugendmannschaften:<br \/><\/b><span style=\"font-weight: inherit;\">Unsere Jugendarbeit war in den letzten Jahren sehr erfolgreich und wurde j\u00fcngst von\u00a0 der TNB Region S\u00fcdheide f\u00fcr ihre herausragende Leistung ausgezeichnet. Zurzeit haben wir \u00fcber 30 aktive Kinder, die mit Mannschaften in den Altersgruppen U8, U9, U10 und U12\/13 breit aufgestellt\u00a0 sind: Kleinfeld, Mid-Court und Gro\u00dffeld sind bei uns alle vertreten. Spiel, Spa\u00df und Spannung \u2026 f\u00fcr Anf\u00e4nger und Fortgeschrittene!<\/span><\/span><\/p><p><span style=\"background-color: var(--ast-global-color-5); color: var( --e-global-color-text ); font-family: var( --e-global-typography-text-font-family ), Sans-serif; font-style: inherit;\"><b>In der Sommersaison<\/b><span style=\"font-weight: inherit;\"> von April bis Oktober stehen immer freie Pl\u00e4tze zur Verf\u00fcgung. Ausnahmen sind nur Punktspiele und Meisterschaften. Unser Vereinsheim mit k\u00fchlen Getr\u00e4nken und Eis ist ebenfalls zug\u00e4nglich. Ein Highlight unserer Anlage ist das Flutlicht auf Platz 3, was auch ein l\u00e4ngeres Match bis in den Abend hinein erm\u00f6glicht. Unsere Vereinsmeisterschaften finden in der Regel zum Ende der Saison statt. Ein gro\u00dfer Spa\u00df &#8211; sportlich und freundschaftlich &#8211; f\u00fcr alle Teilnehmer und Zuschauer.<\/span><\/span><\/p><p><span style=\"background-color: var(--ast-global-color-5); color: var( --e-global-color-text ); font-family: var( --e-global-typography-text-font-family ), Sans-serif; font-style: inherit;\"><b>Auch im Winter<\/b><span style=\"font-weight: inherit;\"> wird bei uns Tennis gespielt. Jeden Mittwochabend treffen wir uns in der Tennishalle Nienhagen, wo wir die komplette Anlage f\u00fcr uns reserviert haben. Hier spielen alle Altersklassen und Geschlechter mit- und gegeneinander. Also ein perfekter Treffpunkt, um uns kennen zu lernen. Des Weiteren ist es auch in der Winterrunde m\u00f6glich, an Punktspielen oder Turnieren teilzunehmen.<\/span><\/span><\/p><p><span style=\"background-color: var(--ast-global-color-5); color: var( --e-global-color-text ); font-family: var( --e-global-typography-text-font-family ), Sans-serif; font-style: inherit;\"><b>F\u00fcr Interessierte:<\/b><span style=\"font-weight: inherit;\"> Wir freuen uns immer \u00fcber neue Mitglieder und Spielbegeisterte. Jeder ist herzlich eingeladen, unsere Sparte unverbindlich kennenzulernen. Der Freitag abend eignet sich besonders: Jekami &#8211; Jeder kann mitmachen. Hier ist freies Spiel f\u00fcr alle und Gastspieler sind herzlich willkommen &#8211; idealerweise nach vorheriger Anmeldung bei unserem Sport- oder Jugendwart.<\/span><\/span><\/p>\t\t\t\t\t\t\t\t<\/div>\n\t\t\t\t<\/div>\n\t\t\t\t\t<\/div>\n\t\t<\/div>\n\t\t\t\t\t<\/div>\n\t\t<\/section>\n\t\t\t\t<section class=\"elementor-section elementor-top-section elementor-element elementor-element-31cd3a27 elementor-section-boxed elementor-section-height-default elementor-section-height-default\" data-id=\"31cd3a27\" data-element_type=\"section\" data-e-type=\"section\">\n\t\t\t\t\t\t<div class=\"elementor-container elementor-column-gap-default\">\n\t\t\t\t\t<div class=\"elementor-column elementor-col-50 elementor-top-column elementor-element elementor-element-4939cdf0\" data-id=\"4939cdf0\" data-element_type=\"column\" data-e-type=\"column\">\n\t\t\t<div class=\"elementor-widget-wrap elementor-element-populated\">\n\t\t\t\t\t\t<div class=\"elementor-element elementor-element-6f79a03 elementor-widget elementor-widget-image\" data-id=\"6f79a03\" data-element_type=\"widget\" data-e-type=\"widget\" data-widget_type=\"image.default\">\n\t\t\t\t<div class=\"elementor-widget-container\">\n\t\t\t\t\t\t\t\t\t\t\t\t\t\t\t<img decoding=\"async\" width=\"1024\" height=\"576\" src=\"https:\/\/asv-adelheidsdorf.de\/wp-content\/uploads\/2023\/04\/ASV-Tennis_ElternKindTurnier_2022-1024x576.jpg\" class=\"attachment-large size-large wp-image-2022\" alt=\"\" srcset=\"https:\/\/asv-adelheidsdorf.de\/wp-content\/uploads\/2023\/04\/ASV-Tennis_ElternKindTurnier_2022-1024x576.jpg 1024w, https:\/\/asv-adelheidsdorf.de\/wp-content\/uploads\/2023\/04\/ASV-Tennis_ElternKindTurnier_2022-300x169.jpg 300w, https:\/\/asv-adelheidsdorf.de\/wp-content\/uploads\/2023\/04\/ASV-Tennis_ElternKindTurnier_2022-768x432.jpg 768w, https:\/\/asv-adelheidsdorf.de\/wp-content\/uploads\/2023\/04\/ASV-Tennis_ElternKindTurnier_2022-1536x864.jpg 1536w, https:\/\/asv-adelheidsdorf.de\/wp-content\/uploads\/2023\/04\/ASV-Tennis_ElternKindTurnier_2022-600x338.jpg 600w, https:\/\/asv-adelheidsdorf.de\/wp-content\/uploads\/2023\/04\/ASV-Tennis_ElternKindTurnier_2022-1154x649.jpg 1154w, https:\/\/asv-adelheidsdorf.de\/wp-content\/uploads\/2023\/04\/ASV-Tennis_ElternKindTurnier_2022.jpg 1920w\" sizes=\"(max-width: 1024px) 100vw, 1024px\" \/>\t\t\t\t\t\t\t\t\t\t\t\t\t\t\t<\/div>\n\t\t\t\t<\/div>\n\t\t\t\t\t<\/div>\n\t\t<\/div>\n\t\t\t\t<div class=\"elementor-column elementor-col-50 elementor-top-column elementor-element elementor-element-41b36567\" data-id=\"41b36567\" data-element_type=\"column\" data-e-type=\"column\">\n\t\t\t<div class=\"elementor-widget-wrap elementor-element-populated\">\n\t\t\t\t\t\t<div class=\"elementor-element elementor-element-14abc993 elementor-widget elementor-widget-text-editor\" data-id=\"14abc993\" data-element_type=\"widget\" data-e-type=\"widget\" data-widget_type=\"text-editor.default\">\n\t\t\t\t<div class=\"elementor-widget-container\">\n\t\t\t\t\t\t\t\t\t<p><strong>Unsere Zeiten:<\/strong>\u00a0 \u00a0 Sommer:\u00a0 \u00a0 \u00a0ganztags Montag &#8211; Sonntag<br \/>\u00a0 \u00a0 \u00a0 \u00a0 \u00a0 \u00a0 \u00a0 \u00a0 \u00a0 \u00a0 \u00a0 \u00a0 \u00a0 \u00a0 \u00a0 \u00a0 \u00a0 \u00a0 \u00a0 \u00a0 \u00a0 \u00a0 \u00a0 \u00a0 \u00a0 \u00a0 Au\u00dfenanlage des ASV, Schulstra\u00dfe 1\u00a0 \u00a0 \u00a0 \u00a0 \u00a0 \u00a0 \u00a0 \u00a0 \u00a0 \u00a0 \u00a0 \u00a0 \u00a0 \u00a0 \u00a0 \u00a0 \u00a0 \u00a0 \u00a0 \u00a0 \u00a0 \u00a0 \u00a0 \u00a0 \u00a0 \u00a0 \u00a0 \u00a0 \u00a0 \u00a0 Winter:\u00a0 \u00a0 \u00a0 \u00a0 \u00a0 Mittwochabend 20:00 &#8211; 22:00 Uhr<br \/>\u00a0 \u00a0 \u00a0 \u00a0 \u00a0 \u00a0 \u00a0 \u00a0 \u00a0 \u00a0 \u00a0 \u00a0 \u00a0 \u00a0 \u00a0 \u00a0 \u00a0 \u00a0 \u00a0 \u00a0 \u00a0 \u00a0 \u00a0 \u00a0 \u00a0 \u00a0 \u00a0in der Tennishalle Nienhagen <b>Spartenleitung:\u00a0\u00a0<\/b>Alexander Range<br \/><b>E-Mail:<\/b>\u00a0 \u00a0 \u00a0 \u00a0 \u00a0 \u00a0 \u00a0 \u00a0 \u00a0alexander.range@asv-adelheidsdorf.de<br \/><b>Telefon:<\/b>\u00a0 \u00a0 \u00a0 \u00a0 \u00a0 \u00a0 \u00a0 \u00a005141 &#8211; 34 90 195<br \/><br \/><b>Sportwart:\u00a0 \u00a0 \u00a0 \u00a0 \u00a0 \u00a0<\/b>Christian Mathis<br \/><b>E-Mail:\u00a0 \u00a0 \u00a0 \u00a0 \u00a0 \u00a0 \u00a0 \u00a0 \u00a0<\/b>christian.mathis@asv-adelheidsdorf.de<br \/><b>Telefon:<\/b>\u00a0 \u00a0 \u00a0 \u00a0 \u00a0 \u00a0 \u00a0 \u00a00151 &#8211; 29 25 41 63<br \/><b><br \/>Jugendwart:\u00a0 \u00a0 \u00a0 \u00a0<\/b>Toni Junkertoni.junker@asv-adelheidsdorf.de<br \/><b>Telefon:<\/b>\u00a0 \u00a0 \u00a0 \u00a0 \u00a0 \u00a0 \u00a0 \u00a0 0176 &#8211; 23 92 13 29<br \/><b><br \/>Kassenwart:\u00a0 \u00a0 \u00a0 \u00a0 <\/b>Robert Hecker<br \/><b>E-Mail:<\/b>\u00a0 \u00a0 \u00a0 \u00a0 \u00a0 \u00a0 \u00a0 \u00a0 \u00a0 robert.hecker@asv-adelheidsdorf.de<\/p>\t\t\t\t\t\t\t\t<\/div>\n\t\t\t\t<\/div>\n\t\t\t\t\t<\/div>\n\t\t<\/div>\n\t\t\t\t\t<\/div>\n\t\t<\/section>\n\t\t\t\t<\/div>\n\t\t","protected":false},"excerpt":{"rendered":"<p>Tennis Kostenfreies Schnuppern in allen Sparten! Jederzeit!\u200b Tennis beim ASV Adelheidsdorf Tennis in Adelheidsdorf hat eine lange Tradition. Seit \u00fcber 40 Jahren wird hier gespielt. Die gro\u00dfz\u00fcgige und gepflegte Tennisanlage an der Schulstra\u00dfe ist quasi der Mittelpunkt im Ort und bietet mit ihren vier roten Aschepl\u00e4tzen ein tolles Sportangebot. Die Tennisabteilung ist mit ca. 140 &hellip;<\/p>\n<p class=\"read-more\"> <a class=\"\" href=\"https:\/\/asv-adelheidsdorf.de\/index.php\/tennis\/\"> <span class=\"screen-reader-text\">Tennis<\/span> Weiterlesen &raquo;<\/a><\/p>\n","protected":false},"author":1,"featured_media":0,"parent":0,"menu_order":0,"comment_status":"closed","ping_status":"closed","template":"","meta":{"site-sidebar-layout":"no-sidebar","site-content-layout":"page-builder","ast-site-content-layout":"","site-content-style":"default","site-sidebar-style":"default","ast-global-header-display":"","ast-banner-title-visibility":"","ast-main-header-display":"","ast-hfb-above-header-display":"","ast-hfb-below-header-display":"","ast-hfb-mobile-header-display":"","site-post-title":"disabled","ast-breadcrumbs-content":"","ast-featured-img":"disabled","footer-sml-layout":"","theme-transparent-header-meta":"","adv-header-id-meta":"","stick-header-meta":"","header-above-stick-meta":"","header-main-stick-meta":"","header-below-stick-meta":"","astra-migrate-meta-layouts":"","footnotes":""},"class_list":["post-92","page","type-page","status-publish","hentry"],"_links":{"self":[{"href":"https:\/\/asv-adelheidsdorf.de\/index.php\/wp-json\/wp\/v2\/pages\/92","targetHints":{"allow":["GET"]}}],"collection":[{"href":"https:\/\/asv-adelheidsdorf.de\/index.php\/wp-json\/wp\/v2\/pages"}],"about":[{"href":"https:\/\/asv-adelheidsdorf.de\/index.php\/wp-json\/wp\/v2\/types\/page"}],"author":[{"embeddable":true,"href":"https:\/\/asv-adelheidsdorf.de\/index.php\/wp-json\/wp\/v2\/users\/1"}],"replies":[{"embeddable":true,"href":"https:\/\/asv-adelheidsdorf.de\/index.php\/wp-json\/wp\/v2\/comments?post=92"}],"version-history":[{"count":13,"href":"https:\/\/asv-adelheidsdorf.de\/index.php\/wp-json\/wp\/v2\/pages\/92\/revisions"}],"predecessor-version":[{"id":2035,"href":"https:\/\/asv-adelheidsdorf.de\/index.php\/wp-json\/wp\/v2\/pages\/92\/revisions\/2035"}],"wp:attachment":[{"href":"https:\/\/asv-adelheidsdorf.de\/index.php\/wp-json\/wp\/v2\/media?parent=92"}],"curies":[{"name":"wp","href":"https:\/\/api.w.org\/{rel}","templated":true}]}}