{"id":95,"date":"2022-07-25T12:30:10","date_gmt":"2022-07-25T12:30:10","guid":{"rendered":"https:\/\/elastic-morse.88-198-121-67.plesk.page\/?page_id=95"},"modified":"2024-10-20T18:26:26","modified_gmt":"2024-10-20T16:26:26","slug":"tischtennis","status":"publish","type":"page","link":"https:\/\/asv-adelheidsdorf.de\/index.php\/tischtennis\/","title":{"rendered":"Tischtennis"},"content":{"rendered":"<style>\/*! elementor - v3.17.0 - 25-10-2023 *\/<br \/>\n.elementor-heading-title{padding:0;margin:0;line-height:1}.elementor-widget-heading .elementor-heading-title[class*=elementor-size-]>a{color:inherit;font-size:inherit;line-height:inherit}.elementor-widget-heading .elementor-heading-title.elementor-size-small{font-size:15px}.elementor-widget-heading .elementor-heading-title.elementor-size-medium{font-size:19px}.elementor-widget-heading .elementor-heading-title.elementor-size-large{font-size:29px}.elementor-widget-heading .elementor-heading-title.elementor-size-xl{font-size:39px}.elementor-widget-heading .elementor-heading-title.elementor-size-xxl{font-size:59px}<\/style>\n<h2>Tischtennis<\/h2>\n<h3>Kostenfreies Schnuppern in allen Sparten! Jederzeit!\u200b<\/h3>\n<h2>Tischtennis<\/h2>\n<style>\/*! elementor - v3.17.0 - 25-10-2023 *\/<br \/>\n.elementor-widget-image{text-align:center}.elementor-widget-image a{display:inline-block}.elementor-widget-image a img[src$=\".svg\"]{width:48px}.elementor-widget-image img{vertical-align:middle;display:inline-block}<\/style>\n<p><img fetchpriority=\"high\" decoding=\"async\" src=\"https:\/\/asv-adelheidsdorf.de\/wp-content\/uploads\/2022\/08\/table-tennis-gbf3ca372a_1920-1024x629.jpg\" sizes=\"(max-width: 1024px) 100vw, 1024px\" srcset=\"https:\/\/asv-adelheidsdorf.de\/wp-content\/uploads\/2022\/08\/table-tennis-gbf3ca372a_1920-1024x629.jpg 1024w, https:\/\/asv-adelheidsdorf.de\/wp-content\/uploads\/2022\/08\/table-tennis-gbf3ca372a_1920-300x184.jpg 300w, https:\/\/asv-adelheidsdorf.de\/wp-content\/uploads\/2022\/08\/table-tennis-gbf3ca372a_1920-768x472.jpg 768w, https:\/\/asv-adelheidsdorf.de\/wp-content\/uploads\/2022\/08\/table-tennis-gbf3ca372a_1920-1536x943.jpg 1536w, https:\/\/asv-adelheidsdorf.de\/wp-content\/uploads\/2022\/08\/table-tennis-gbf3ca372a_1920.jpg 1920w\" alt=\"\" width=\"1024\" height=\"629\" \/><\/p>\n<p><strong>Spartenleiter: <\/strong>Stefan Blazek<br \/>\n<strong>Telefon:\u00a0<\/strong>05085\/9814524<\/p>\n<p><strong>Stellvertreter:<\/strong> Tobias Schweizer<br \/>\n<strong>Telefon:<\/strong> 0151\/40247371<\/p>\n<p><strong>Jugendleiterin:<\/strong> Annette Blazek<br \/>\n<strong>Telefon:<\/strong> 0163\/4949120<\/p>\n<p>In der aktuellen Saison nehmen vier Herrenmannschaften und zwei Jugendmannschaften am Punktspielbetrieb teil:<\/p>\n<p><a href=\"https:\/\/www.mytischtennis.de\/clicktt\/TTVN\/24-25\/verein\/3250100\/ASV-Adelheidsdorf-III\/mannschaften\/\">Mannschafts\u00fcbersicht auf Mytischtennis.de<\/a><br \/>\n<a href=\"https:\/\/www.mytischtennis.de\/clicktt\/TTVN\/24-25\/verein\/3250100\/ASV-Adelheidsdorf-III\/spielplan\/\">Spielplan auf Mytischtennis.de<\/a><\/p>\n<p>NEU<br \/>\n<a href=\"https:\/\/www.instagram.com\/asv_adelheidsdorf_tischtennis\/\">ASV Tischtennis jetzt bei Instagram<\/a><\/p>\n<h3 style=\"position: absolute; white-space: pre; unicode-bidi: bidi-override; text-rendering: optimizelegibility; font-family: 'Open Sans'; font-weight: 600; font-style: normal; font-size: 13px; color: #ffffff; background-color: transparent; top: 80.36px; margin-bottom: 0px;\">Trainingszeiten<\/h3>\n<p><b>Trainingszeiten<\/b><br \/>\nmontags<br \/>\n17.00 &#8211; 19.00 Uhr Jugend<\/p>\n<p>mittwochs<br \/>\n18.00 &#8211; 20.00 Uhr Erwachsene<br \/>\n20.00 &#8211; 22.00 Uhr 14t\u00e4glich Erwachsene<\/p>\n<p>freitags \u201cTischtennis f\u00fcr jedermann\u201d<br \/>\n17.00 &#8211; 19.00 Uhr Jugend<br \/>\n19.00 &#8211; 22.00 Uhr Erwachsene<\/p>\n<p>Wer denkt, Tischtennis sei ein Sport f\u00fcr Einzelg\u00e4nger, die es im Gegensatz zu Fu\u00dfballern immer gerne trocken und warm haben, liegt komplett falsch. Ja, es ist schon angenehm, dass man beim Tischtennis nicht vom Wetterbeeinflusst wird, aber Tischtennis ist alles andere als eine Einzelsportart.<br \/>\nAuch wenn zwar jeder f\u00fcr sich alleine Erfolge erzielen kann, ist der Mannschaftserfolg durch eine einzelne Person nicht erreichbar. In der Regel besteht eine Tischtennismannschaft aus sechs Personen und jeder tr\u00e4gt seinen Teil zum Erfolg oder Misserfolg bei.<br \/>\nIn Adelheidsdorf wird gro\u00dfen Wert auf den Zusammenhalt gelegt. Au\u00dferdem werden hervorragende Bedingungen f\u00fcr die Tischtennissportler geschaffen. Bis zu sieben hochwertige &amp; neue Tischtennistische sind beim Training zeitgleich im Einsatz.<\/p>\n<p>Die Mehrzweckhalle bietet dar\u00fcber hinaus moderne Einrichtungen. Und das vom Sportger\u00e4t bis hin zu Umkleiden &amp; Duschen. Die Stimmung in der Sparte verdient durchaus das Pr\u00e4dikat \u201efamili\u00e4r\u201c.<\/p>\n<p>Unterstrichen wird dieses Pr\u00e4dikat von der Sparte selbst, indem es seit 2017 ein eigens ins Leben gerufenes Turnierveranstaltet, den <b>Jakob Blazy Cup<\/b>. Jakob Blazy war jahrelanger Jugendtrainer und gute Seele der Sparte, bis er leider vor einigen Jahren verstorben ist. Dieses Turnier, das der ASV f\u00fcr und mit Freunden bestreitet, soll immer wieder ins Ged\u00e4chtnis rufen, worum es uns beim Tischtennissport geht, <b>\u201cSpa\u00df und Zusammenhalt\u201d<\/b>&#8230;.und ganz nebenbei dient das Turnier einem guten Zweck! In vier Jahren haben wir bislang bei den Turnieren \u00fcber 2000,- (zweitausend!) Euro f\u00fcr den Kindergarten in Adelheidsdorf als Spenden sammeln k\u00f6nnen!<\/p>\n<p>S\u00e4mtliche Jakob Blazy Cups haben wir an dieser Stelle einmal mit einem kurzen Bericht zusammengefasst (einfach auf den Link klicken):<br \/>\n<a href=\"https:\/\/asv-adelheidsdorf.de\/index.php\/jakob-blazy-cup-2017\/\">Jakob Blazy Cup 2017 &#8211; Spendenaktion: 3 Holzpferde<br \/>\n<\/a><a href=\"https:\/\/asv-adelheidsdorf.de\/index.php\/jakob-blazy-cup-2018\/\">Jakob Blazy Cup 2018 &#8211; Spendenaktion: Entdeckerpfad<\/a><br \/>\n<a href=\"https:\/\/asv-adelheidsdorf.de\/index.php\/jakob-blazy-cup-2019\/\">Jakob Blazy Cup 2019 &#8211; Spendenaktion: Verkehrsgarten<\/a><br \/>\n<a href=\"https:\/\/asv-adelheidsdorf.de\/index.php\/jakob-blazy-cup-2020\/\">Jakob Blazy Cup 2020 &#8211; Spendenaktion: wg. Corona auf Aktion in 2022 verlegt<\/a><br \/>\nJakob Blazy Cup 2021 (leider entfallen wg. Corona-Pandemie)<br \/>\nJakob Blazy Cup 2022 (in Planung)<\/p>\n<p><img decoding=\"async\" src=\"https:\/\/asv-adelheidsdorf.de\/wp-content\/uploads\/2022\/08\/3687.jpeg\" sizes=\"(max-width: 600px) 100vw, 600px\" srcset=\"https:\/\/asv-adelheidsdorf.de\/wp-content\/uploads\/2022\/08\/3687.jpeg 600w, https:\/\/asv-adelheidsdorf.de\/wp-content\/uploads\/2022\/08\/3687-213x300.jpeg 213w\" alt=\"\" width=\"600\" height=\"847\" \/><br \/>\n<img decoding=\"async\" src=\"https:\/\/asv-adelheidsdorf.de\/wp-content\/uploads\/2022\/08\/3693.jpeg\" sizes=\"(max-width: 600px) 100vw, 600px\" srcset=\"https:\/\/asv-adelheidsdorf.de\/wp-content\/uploads\/2022\/08\/3693.jpeg 600w, https:\/\/asv-adelheidsdorf.de\/wp-content\/uploads\/2022\/08\/3693-213x300.jpeg 213w\" alt=\"\" width=\"600\" height=\"847\" \/><br \/>\n<img loading=\"lazy\" decoding=\"async\" src=\"https:\/\/asv-adelheidsdorf.de\/wp-content\/uploads\/2022\/08\/3694.jpeg\" sizes=\"(max-width: 600px) 100vw, 600px\" srcset=\"https:\/\/asv-adelheidsdorf.de\/wp-content\/uploads\/2022\/08\/3694.jpeg 600w, https:\/\/asv-adelheidsdorf.de\/wp-content\/uploads\/2022\/08\/3694-213x300.jpeg 213w\" alt=\"\" width=\"600\" height=\"847\" \/><\/p>\n","protected":false},"excerpt":{"rendered":"<p>Tischtennis Kostenfreies Schnuppern in allen Sparten! Jederzeit!\u200b Tischtennis Spartenleiter: Stefan Blazek Telefon:\u00a005085\/9814524 Stellvertreter: Tobias Schweizer Telefon: 0151\/40247371 Jugendleiterin: Annette Blazek Telefon: 0163\/4949120 In der aktuellen Saison nehmen vier Herrenmannschaften und zwei Jugendmannschaften am Punktspielbetrieb teil: Mannschafts\u00fcbersicht auf Mytischtennis.de Spielplan auf Mytischtennis.de NEU ASV Tischtennis jetzt bei Instagram Trainingszeiten Trainingszeiten montags 17.00 &#8211; 19.00 Uhr Jugend &hellip;<\/p>\n<p class=\"read-more\"> <a class=\"\" href=\"https:\/\/asv-adelheidsdorf.de\/index.php\/tischtennis\/\"> <span class=\"screen-reader-text\">Tischtennis<\/span> Weiterlesen &raquo;<\/a><\/p>\n","protected":false},"author":1,"featured_media":0,"parent":0,"menu_order":0,"comment_status":"closed","ping_status":"closed","template":"","meta":{"site-sidebar-layout":"no-sidebar","site-content-layout":"page-builder","ast-site-content-layout":"full-width-container","site-content-style":"unboxed","site-sidebar-style":"unboxed","ast-global-header-display":"","ast-banner-title-visibility":"","ast-main-header-display":"","ast-hfb-above-header-display":"","ast-hfb-below-header-display":"","ast-hfb-mobile-header-display":"","site-post-title":"disabled","ast-breadcrumbs-content":"","ast-featured-img":"disabled","footer-sml-layout":"","theme-transparent-header-meta":"","adv-header-id-meta":"","stick-header-meta":"","header-above-stick-meta":"","header-main-stick-meta":"","header-below-stick-meta":"","astra-migrate-meta-layouts":"set","footnotes":""},"class_list":["post-95","page","type-page","status-publish","hentry"],"_links":{"self":[{"href":"https:\/\/asv-adelheidsdorf.de\/index.php\/wp-json\/wp\/v2\/pages\/95","targetHints":{"allow":["GET"]}}],"collection":[{"href":"https:\/\/asv-adelheidsdorf.de\/index.php\/wp-json\/wp\/v2\/pages"}],"about":[{"href":"https:\/\/asv-adelheidsdorf.de\/index.php\/wp-json\/wp\/v2\/types\/page"}],"author":[{"embeddable":true,"href":"https:\/\/asv-adelheidsdorf.de\/index.php\/wp-json\/wp\/v2\/users\/1"}],"replies":[{"embeddable":true,"href":"https:\/\/asv-adelheidsdorf.de\/index.php\/wp-json\/wp\/v2\/comments?post=95"}],"version-history":[{"count":32,"href":"https:\/\/asv-adelheidsdorf.de\/index.php\/wp-json\/wp\/v2\/pages\/95\/revisions"}],"predecessor-version":[{"id":2499,"href":"https:\/\/asv-adelheidsdorf.de\/index.php\/wp-json\/wp\/v2\/pages\/95\/revisions\/2499"}],"wp:attachment":[{"href":"https:\/\/asv-adelheidsdorf.de\/index.php\/wp-json\/wp\/v2\/media?parent=95"}],"curies":[{"name":"wp","href":"https:\/\/api.w.org\/{rel}","templated":true}]}}