{"id":98,"date":"2022-07-25T12:30:25","date_gmt":"2022-07-25T12:30:25","guid":{"rendered":"https:\/\/elastic-morse.88-198-121-67.plesk.page\/?page_id=98"},"modified":"2026-03-01T21:14:16","modified_gmt":"2026-03-01T20:14:16","slug":"spiel-aktiv","status":"publish","type":"page","link":"https:\/\/asv-adelheidsdorf.de\/index.php\/spiel-aktiv\/","title":{"rendered":"Spiel &#038; Aktiv"},"content":{"rendered":"\t\t<div data-elementor-type=\"wp-page\" data-elementor-id=\"98\" class=\"elementor elementor-98\">\n\t\t\t\t\t\t<section class=\"elementor-section elementor-top-section elementor-element elementor-element-74a0e2a1 elementor-section-height-min-height elementor-section-boxed elementor-section-height-default elementor-section-items-middle\" data-id=\"74a0e2a1\" data-element_type=\"section\" data-e-type=\"section\" data-settings=\"{&quot;background_background&quot;:&quot;classic&quot;}\">\n\t\t\t\t\t\t\t<div class=\"elementor-background-overlay\"><\/div>\n\t\t\t\t\t\t\t<div class=\"elementor-container elementor-column-gap-default\">\n\t\t\t\t\t<div class=\"elementor-column elementor-col-100 elementor-top-column elementor-element elementor-element-3ca5253e\" data-id=\"3ca5253e\" data-element_type=\"column\" data-e-type=\"column\">\n\t\t\t<div class=\"elementor-widget-wrap elementor-element-populated\">\n\t\t\t\t\t\t<div class=\"elementor-element elementor-element-664e032b elementor-widget elementor-widget-heading\" data-id=\"664e032b\" data-element_type=\"widget\" data-e-type=\"widget\" data-widget_type=\"heading.default\">\n\t\t\t\t<div class=\"elementor-widget-container\">\n\t\t\t\t\t<h2 class=\"elementor-heading-title elementor-size-default\">Spiel &amp; Aktiv <\/h2>\t\t\t\t<\/div>\n\t\t\t\t<\/div>\n\t\t\t\t<div class=\"elementor-element elementor-element-defd24e elementor-widget elementor-widget-heading\" data-id=\"defd24e\" data-element_type=\"widget\" data-e-type=\"widget\" data-widget_type=\"heading.default\">\n\t\t\t\t<div class=\"elementor-widget-container\">\n\t\t\t\t\t<h3 class=\"elementor-heading-title elementor-size-default\">Kostenfreies Schnuppern in allen Sparten! Jederzeit!\u200b<\/h3>\t\t\t\t<\/div>\n\t\t\t\t<\/div>\n\t\t\t\t\t<\/div>\n\t\t<\/div>\n\t\t\t\t\t<\/div>\n\t\t<\/section>\n\t\t\t\t<section class=\"elementor-section elementor-top-section elementor-element elementor-element-9fff434 elementor-section-boxed elementor-section-height-default elementor-section-height-default\" data-id=\"9fff434\" data-element_type=\"section\" data-e-type=\"section\">\n\t\t\t\t\t\t<div class=\"elementor-container elementor-column-gap-default\">\n\t\t\t\t\t<div class=\"elementor-column elementor-col-100 elementor-top-column elementor-element elementor-element-fc212d0\" data-id=\"fc212d0\" data-element_type=\"column\" data-e-type=\"column\">\n\t\t\t<div class=\"elementor-widget-wrap elementor-element-populated\">\n\t\t\t\t\t\t<div class=\"elementor-element elementor-element-74fe3372 elementor-widget elementor-widget-heading\" data-id=\"74fe3372\" data-element_type=\"widget\" data-e-type=\"widget\" data-widget_type=\"heading.default\">\n\t\t\t\t<div class=\"elementor-widget-container\">\n\t\t\t\t\t<h2 class=\"elementor-heading-title elementor-size-default\">Spiel &amp; Aktiv<\/h2>\t\t\t\t<\/div>\n\t\t\t\t<\/div>\n\t\t\t\t\t<\/div>\n\t\t<\/div>\n\t\t\t\t\t<\/div>\n\t\t<\/section>\n\t\t\t\t<section class=\"elementor-section elementor-top-section elementor-element elementor-element-4b413c23 elementor-section-boxed elementor-section-height-default elementor-section-height-default\" data-id=\"4b413c23\" data-element_type=\"section\" data-e-type=\"section\">\n\t\t\t\t\t\t<div class=\"elementor-container elementor-column-gap-default\">\n\t\t\t\t\t<div class=\"elementor-column elementor-col-50 elementor-top-column elementor-element elementor-element-573960ec\" data-id=\"573960ec\" data-element_type=\"column\" data-e-type=\"column\">\n\t\t\t<div class=\"elementor-widget-wrap elementor-element-populated\">\n\t\t\t\t\t\t<div class=\"elementor-element elementor-element-121e75a0 elementor-widget elementor-widget-image\" data-id=\"121e75a0\" data-element_type=\"widget\" data-e-type=\"widget\" data-widget_type=\"image.default\">\n\t\t\t\t<div class=\"elementor-widget-container\">\n\t\t\t\t\t\t\t\t\t\t\t\t\t\t\t<img fetchpriority=\"high\" decoding=\"async\" width=\"1024\" height=\"632\" src=\"https:\/\/asv-adelheidsdorf.de\/wp-content\/uploads\/2023\/02\/ue60-foto-2023-2-1024x632.png\" class=\"attachment-large size-large wp-image-1972\" alt=\"\" srcset=\"https:\/\/asv-adelheidsdorf.de\/wp-content\/uploads\/2023\/02\/ue60-foto-2023-2-1024x632.png 1024w, https:\/\/asv-adelheidsdorf.de\/wp-content\/uploads\/2023\/02\/ue60-foto-2023-2-300x185.png 300w, https:\/\/asv-adelheidsdorf.de\/wp-content\/uploads\/2023\/02\/ue60-foto-2023-2-768x474.png 768w, https:\/\/asv-adelheidsdorf.de\/wp-content\/uploads\/2023\/02\/ue60-foto-2023-2-600x370.png 600w, https:\/\/asv-adelheidsdorf.de\/wp-content\/uploads\/2023\/02\/ue60-foto-2023-2-1052x649.png 1052w, https:\/\/asv-adelheidsdorf.de\/wp-content\/uploads\/2023\/02\/ue60-foto-2023-2.png 1122w\" sizes=\"(max-width: 1024px) 100vw, 1024px\" \/>\t\t\t\t\t\t\t\t\t\t\t\t\t\t\t<\/div>\n\t\t\t\t<\/div>\n\t\t\t\t\t<\/div>\n\t\t<\/div>\n\t\t\t\t<div class=\"elementor-column elementor-col-50 elementor-top-column elementor-element elementor-element-6da7cfc9\" data-id=\"6da7cfc9\" data-element_type=\"column\" data-e-type=\"column\">\n\t\t\t<div class=\"elementor-widget-wrap elementor-element-populated\">\n\t\t\t\t\t\t<div class=\"elementor-element elementor-element-2336bac5 elementor-widget elementor-widget-text-editor\" data-id=\"2336bac5\" data-element_type=\"widget\" data-e-type=\"widget\" data-widget_type=\"text-editor.default\">\n\t\t\t\t<div class=\"elementor-widget-container\">\n\t\t\t\t\t\t\t\t\t<p><strong>Wann? <\/strong>dienstags!\u00a0<br \/><span style=\"font-style: inherit; font-weight: inherit; color: var( --e-global-color-text ); background-color: var(--ast-global-color-5);\">1. Teil:\u00a0 Sitz-Gymnastik 14:00 &#8211; 15:30 Uhr<br \/>2. Teil: Gemeinschaftstreff 15:30 &#8211; 17:00 Uhr<\/span><\/p>\t\t\t\t\t\t\t\t<\/div>\n\t\t\t\t<\/div>\n\t\t\t\t\t<\/div>\n\t\t<\/div>\n\t\t\t\t\t<\/div>\n\t\t<\/section>\n\t\t\t\t<section class=\"elementor-section elementor-top-section elementor-element elementor-element-227985ba elementor-section-boxed elementor-section-height-default elementor-section-height-default\" data-id=\"227985ba\" data-element_type=\"section\" data-e-type=\"section\">\n\t\t\t\t\t\t<div class=\"elementor-container elementor-column-gap-default\">\n\t\t\t\t\t<div class=\"elementor-column elementor-col-100 elementor-top-column elementor-element elementor-element-356db440\" data-id=\"356db440\" data-element_type=\"column\" data-e-type=\"column\">\n\t\t\t<div class=\"elementor-widget-wrap elementor-element-populated\">\n\t\t\t\t\t\t<div class=\"elementor-element elementor-element-52cc2dc5 elementor-widget elementor-widget-text-editor\" data-id=\"52cc2dc5\" data-element_type=\"widget\" data-e-type=\"widget\" data-widget_type=\"text-editor.default\">\n\t\t\t\t<div class=\"elementor-widget-container\">\n\t\t\t\t\t\t\t\t\t<p>Gemeinscha\ufb05 &amp; geistige Bewegung sind genauso wichtig f\u00fcr unsere Gesundheit und f\u00fcr unser Wohlbe\ufb01nden wie k\u00f6rperliche Bewegung. Mit unserem neuen Angebot wenden wir uns speziell an die <b>Zielgruppe \u00dc60<\/b> die sich in unserem bisherigen Sportprogramm noch nicht wiedergefunden hat und intensive k\u00f6rperliche Bet\u00e4tigungen f\u00fcr sich ausschlie\u00dft!<\/p><p>Wir m\u00f6chten geistige Aktivit\u00e4t und leichte k\u00f6rperliche Bewegung kombinieren und Menschen motivierend in unserem Verein zusammenf\u00fchren. Die Geselligkeit, die Gemeinscha\ufb05, der Austausch und soziale Kontakte sollen gef\u00f6rdert werden. Unsere neue Begegnungsst\u00e4tte bietet hierf\u00fcr die besten r\u00e4umlichen M\u00f6glichkeiten!<\/p><div title=\"Page 26\"><div><div><p><span style=\"font-weight: bold; color: #f00000;\">Erster Teil: <\/span><span style=\"font-weight: bold; color: #004b9c;\">Sitz-Gymnastik <\/span><span style=\"color: #004b9c;\">(leichte ko\u0308rperliche Bewegung)<br \/><\/span>Mit Dehn- und Atemu\u0308bungen im Sitzen werden im ersten Teil des Kurses alle Ko\u0308rperteile sanft trainiert, so dass wir eine Verbesserung von Beweglichkeit, Muskelkraft,<br \/>Durchblutung &amp; Kreislauf sowie Ko\u0308rperhaltung bemerken werden. Unser allgemeines Wohlbefinden wird so eine Steigerung erfahren.<\/p><p><span style=\"font-weight: bold; color: #f00000;\">Zweiter Teil: <\/span><span style=\"font-weight: bold; color: #1f59a7;\">Gemeinschaftstreff <\/span><span style=\"color: #1f59a7;\">(<\/span><span style=\"color: #004b9c;\">geistige Aktivita\u0308t) <\/span><br \/>Gesellschaftsspiele, wie z. B. Scrabble, fordern &amp; fo\u0308rdern unsere grauen Gehirnzellen im zweiten Teil des Kurses. Eine Reihe von Spielen stehen kursseitig zur Auswahl, doch ko\u0308nnen auch eigene Spiele mitgebracht werden. Geselligkeit und Spa\u00df hierbei tun auch unserer Seele gut.\u00a0Finden Sie Ihre Interessen in dieser Beschreibung wieder?<\/p><p><span style=\"font-style: inherit; font-weight: inherit; color: var( --e-global-color-text ); font-family: var( --e-global-typography-text-font-family ), Sans-serif; background-color: var(--ast-global-color-5);\">Dann ist unser \u00dc60 Spiel &amp; Aktiv Tre\ufb00 genau das richtige f\u00fcr Sie!<\/span><\/p><p><span style=\"font-style: inherit; font-weight: inherit; color: var( --e-global-color-text ); font-family: var( --e-global-typography-text-font-family ), Sans-serif; background-color: var(--ast-global-color-5);\">Gemeinsam mit Hannelore Habicht als engagierte Gruppenleitung freut sich der ASV Vorstand auf dieses neue Angebot. Da die Teilnehmerzahl begrenzt ist, empfehlen wir die fr\u00fchzeitige Anmeldung.<\/span><\/p><p><span style=\"font-style: inherit; font-weight: inherit; color: var( --e-global-color-text ); font-family: var( --e-global-typography-text-font-family ), Sans-serif; background-color: var(--ast-global-color-5);\">Alle Fragen und Ihre Anmeldung nimmt unsere\u00a0 ASV Gesch\u00e4\ufb05sstelle gern entgegen.\u00a0<\/span><\/p><\/div><\/div><\/div>\t\t\t\t\t\t\t\t<\/div>\n\t\t\t\t<\/div>\n\t\t\t\t\t<\/div>\n\t\t<\/div>\n\t\t\t\t\t<\/div>\n\t\t<\/section>\n\t\t\t\t<\/div>\n\t\t","protected":false},"excerpt":{"rendered":"<p>Spiel &amp; Aktiv Kostenfreies Schnuppern in allen Sparten! Jederzeit!\u200b Spiel &amp; Aktiv Wann? dienstags!\u00a01. Teil:\u00a0 Sitz-Gymnastik 14:00 &#8211; 15:30 Uhr2. Teil: Gemeinschaftstreff 15:30 &#8211; 17:00 Uhr Gemeinscha\ufb05 &amp; geistige Bewegung sind genauso wichtig f\u00fcr unsere Gesundheit und f\u00fcr unser Wohlbe\ufb01nden wie k\u00f6rperliche Bewegung. Mit unserem neuen Angebot wenden wir uns speziell an die Zielgruppe \u00dc60 &hellip;<\/p>\n<p class=\"read-more\"> <a class=\"\" href=\"https:\/\/asv-adelheidsdorf.de\/index.php\/spiel-aktiv\/\"> <span class=\"screen-reader-text\">Spiel &#038; Aktiv<\/span> Weiterlesen &raquo;<\/a><\/p>\n","protected":false},"author":1,"featured_media":0,"parent":0,"menu_order":0,"comment_status":"closed","ping_status":"closed","template":"","meta":{"site-sidebar-layout":"no-sidebar","site-content-layout":"page-builder","ast-site-content-layout":"full-width-container","site-content-style":"unboxed","site-sidebar-style":"unboxed","ast-global-header-display":"","ast-banner-title-visibility":"","ast-main-header-display":"","ast-hfb-above-header-display":"","ast-hfb-below-header-display":"","ast-hfb-mobile-header-display":"","site-post-title":"disabled","ast-breadcrumbs-content":"","ast-featured-img":"disabled","footer-sml-layout":"","theme-transparent-header-meta":"","adv-header-id-meta":"","stick-header-meta":"","header-above-stick-meta":"","header-main-stick-meta":"","header-below-stick-meta":"","astra-migrate-meta-layouts":"set","footnotes":""},"class_list":["post-98","page","type-page","status-publish","hentry"],"_links":{"self":[{"href":"https:\/\/asv-adelheidsdorf.de\/index.php\/wp-json\/wp\/v2\/pages\/98","targetHints":{"allow":["GET"]}}],"collection":[{"href":"https:\/\/asv-adelheidsdorf.de\/index.php\/wp-json\/wp\/v2\/pages"}],"about":[{"href":"https:\/\/asv-adelheidsdorf.de\/index.php\/wp-json\/wp\/v2\/types\/page"}],"author":[{"embeddable":true,"href":"https:\/\/asv-adelheidsdorf.de\/index.php\/wp-json\/wp\/v2\/users\/1"}],"replies":[{"embeddable":true,"href":"https:\/\/asv-adelheidsdorf.de\/index.php\/wp-json\/wp\/v2\/comments?post=98"}],"version-history":[{"count":41,"href":"https:\/\/asv-adelheidsdorf.de\/index.php\/wp-json\/wp\/v2\/pages\/98\/revisions"}],"predecessor-version":[{"id":2673,"href":"https:\/\/asv-adelheidsdorf.de\/index.php\/wp-json\/wp\/v2\/pages\/98\/revisions\/2673"}],"wp:attachment":[{"href":"https:\/\/asv-adelheidsdorf.de\/index.php\/wp-json\/wp\/v2\/media?parent=98"}],"curies":[{"name":"wp","href":"https:\/\/api.w.org\/{rel}","templated":true}]}}